{"id":8917,"date":"2026-05-05T13:47:57","date_gmt":"2026-05-05T13:47:57","guid":{"rendered":"https:\/\/www.feuerwerkeverlag.de\/vorableser\/?post_type=product&#038;p=8917"},"modified":"2026-05-15T06:10:15","modified_gmt":"2026-05-15T06:10:15","slug":"immer-wieder-sehnsucht-nach-meer","status":"publish","type":"product","link":"https:\/\/www.feuerwerkeverlag.de\/vorableser\/produkt\/immer-wieder-sehnsucht-nach-meer\/","title":{"rendered":"Immer wieder Sehnsucht nach Meer"},"content":{"rendered":"<p><strong>\ud83d\udcd6 Kurzinhalt:<br \/>\n<\/strong><\/p>\n<p>Der Roadtrip nach Schweden soll f\u00fcr Juna ein Neuanfang werden. Doch w\u00e4hrend eines Zwischenstopps auf R\u00fcgen macht ihr Van pl\u00f6tzlich schlapp. Mitten im Nirgendwo. Die einzige Hilfe: ein wortkarger aber ziemlich attraktiver Imker, der ihr unter die Arme greift.<\/p>\n<p>Was als unfreiwillige Pause beginnt, wird f\u00fcr Juna schnell mehr als nur ein Reparatur-Stopp. Zwischen Meeresrauschen, K\u00fcstenspazierg\u00e4ngen und einem flatternden Herzen steht ihre Welt Kopf. Und als der Van endlich wieder fahrbereit ist, ger\u00e4t ihr sorgf\u00e4ltig geplanter Kurs pl\u00f6tzlich ins Wanken.<\/p>\n<p>Denn was, wenn sich Bleiben auf einmal so viel richtiger anf\u00fchlt als Losfahren?<\/p>\n<p><strong>\u23f0 Timing\/Deadline:<\/strong><strong><br \/>\n<\/strong><\/p>\n<p>Bitte ver\u00f6ffentlicht eure Rezension&#8230;<\/p>\n<ul>\n<li>zuerst als Bewertung hier im Vorableser-Club (sobald ihr das Buch beendet habt)<\/li>\n<li>anschlie\u00dfend in Communities, Social Media und auf Verkaufsplattformen (z.B. Amazon)\n<ul>\n<li>fr\u00fchestens am V\u00d6-Tag (09.06.2026)<\/li>\n<li>sp\u00e4testens eine Woche nach V\u00d6 (16.06.2026)<\/li>\n<\/ul>\n<\/li>\n<\/ul>\n<p><!-- <strong>\ud83d\udcf8 Futter f\u00fcr eure Social Media Kan\u00e4le<\/strong>\nIn unserer Bildergalerie (siehe oben) haben wir verschiedene Promo-Grafiken (z.B. Schnipsel) bereitgestellt, die ihr gern auf euren Blogs und Social Media Kan\u00e4len teilen\/nutzen d\u00fcrft. Bedient euch! --><\/p>\n","protected":false},"excerpt":{"rendered":"<p><em><strong><span class=\"a-text-bold\">Wenn ein Sommer alles ver\u00e4ndert,\u00a0<\/span><span class=\"a-text-bold\">beginnt die Liebe auf R\u00fcgen.<\/span><\/strong><\/em><\/p>\n","protected":false},"featured_media":8920,"comment_status":"open","ping_status":"closed","template":"","meta":[],"product_cat":[17],"product_tag":[],"_links":{"self":[{"href":"https:\/\/www.feuerwerkeverlag.de\/vorableser\/wp-json\/wp\/v2\/product\/8917"}],"collection":[{"href":"https:\/\/www.feuerwerkeverlag.de\/vorableser\/wp-json\/wp\/v2\/product"}],"about":[{"href":"https:\/\/www.feuerwerkeverlag.de\/vorableser\/wp-json\/wp\/v2\/types\/product"}],"replies":[{"embeddable":true,"href":"https:\/\/www.feuerwerkeverlag.de\/vorableser\/wp-json\/wp\/v2\/comments?post=8917"}],"wp:featuredmedia":[{"embeddable":true,"href":"https:\/\/www.feuerwerkeverlag.de\/vorableser\/wp-json\/wp\/v2\/media\/8920"}],"wp:attachment":[{"href":"https:\/\/www.feuerwerkeverlag.de\/vorableser\/wp-json\/wp\/v2\/media?parent=8917"}],"wp:term":[{"taxonomy":"product_cat","embeddable":true,"href":"https:\/\/www.feuerwerkeverlag.de\/vorableser\/wp-json\/wp\/v2\/product_cat?post=8917"},{"taxonomy":"product_tag","embeddable":true,"href":"https:\/\/www.feuerwerkeverlag.de\/vorableser\/wp-json\/wp\/v2\/product_tag?post=8917"}],"curies":[{"name":"wp","href":"https:\/\/api.w.org\/{rel}","templated":true}]}}