{"id":8806,"date":"2026-04-24T08:11:32","date_gmt":"2026-04-24T08:11:32","guid":{"rendered":"https:\/\/www.feuerwerkeverlag.de\/vorableser\/?post_type=product&#038;p=8806"},"modified":"2026-05-10T05:47:45","modified_gmt":"2026-05-10T05:47:45","slug":"tote-kinder-schreien-ewig","status":"publish","type":"product","link":"https:\/\/www.feuerwerkeverlag.de\/vorableser\/produkt\/tote-kinder-schreien-ewig\/","title":{"rendered":"Tote Kinder schreien ewig"},"content":{"rendered":"<p><strong>\ud83d\udcd6 Kurzinhalt:<br \/>\n<\/strong><\/p>\n<p>In einem kleinen Dorf mitten im Nirgendwo h\u00e4ufen sich brutale Morde. Die Opfer werden grausam zugerichtet und \u00f6ffentlich zur Schau gestellt. Die Ermittlerinnen Charlie Bekker und Stella Meislow \u00fcbernehmen den Fall und tauchen ein in eine Welt voller Leid und Angst.<\/p>\n<p>Die Spuren f\u00fchren sie von einem J\u00e4ger \u00fcber den \u00f6rtlichen Metzger bis hin zu einem dunklen Geheimnis \u00fcber die Kinder des Dorfes. Jetzt wird klar, dass hier nichts so harmlos ist, wie es auf den ersten Blick scheint.<\/p>\n<p>K\u00f6nnen die Ermittlerinnen das f\u00fcrchterliche R\u00e4tsel l\u00f6sen, bevor der M\u00f6rder sein n\u00e4chstes Opfer in die Falle lockt?<\/p>\n<p><strong>\u23f0 Timing\/Deadline:<\/strong><strong><br \/>\n<\/strong><\/p>\n<p>Bitte ver\u00f6ffentlicht eure Rezension&#8230;<\/p>\n<ul>\n<li>zuerst als Bewertung hier im Vorableser-Club (sobald ihr das Buch beendet habt)<\/li>\n<li>anschlie\u00dfend in Communities, Social Media und auf Verkaufsplattformen (z.B. Amazon)\n<ul>\n<li>fr\u00fchestens am V\u00d6-Tag (28.05.2026)<\/li>\n<li>sp\u00e4testens eine Woche nach V\u00d6 (04.06.2026)<\/li>\n<\/ul>\n<\/li>\n<\/ul>\n<p><!-- <strong>\ud83d\udcf8 Futter f\u00fcr eure Social Media Kan\u00e4le<\/strong>\nIn unserer Bildergalerie (siehe oben) haben wir verschiedene Promo-Grafiken (z.B. Schnipsel) bereitgestellt, die ihr gern auf euren Blogs und Social Media Kan\u00e4len teilen\/nutzen d\u00fcrft. Bedient euch! --><\/p>\n","protected":false},"excerpt":{"rendered":"<p><em><strong>Bewahre das Geheimnis! Sonst wirst du leiden\u2026<\/strong><\/em><\/p>\n","protected":false},"featured_media":8809,"comment_status":"open","ping_status":"closed","template":"","meta":[],"product_cat":[22],"product_tag":[],"_links":{"self":[{"href":"https:\/\/www.feuerwerkeverlag.de\/vorableser\/wp-json\/wp\/v2\/product\/8806"}],"collection":[{"href":"https:\/\/www.feuerwerkeverlag.de\/vorableser\/wp-json\/wp\/v2\/product"}],"about":[{"href":"https:\/\/www.feuerwerkeverlag.de\/vorableser\/wp-json\/wp\/v2\/types\/product"}],"replies":[{"embeddable":true,"href":"https:\/\/www.feuerwerkeverlag.de\/vorableser\/wp-json\/wp\/v2\/comments?post=8806"}],"wp:featuredmedia":[{"embeddable":true,"href":"https:\/\/www.feuerwerkeverlag.de\/vorableser\/wp-json\/wp\/v2\/media\/8809"}],"wp:attachment":[{"href":"https:\/\/www.feuerwerkeverlag.de\/vorableser\/wp-json\/wp\/v2\/media?parent=8806"}],"wp:term":[{"taxonomy":"product_cat","embeddable":true,"href":"https:\/\/www.feuerwerkeverlag.de\/vorableser\/wp-json\/wp\/v2\/product_cat?post=8806"},{"taxonomy":"product_tag","embeddable":true,"href":"https:\/\/www.feuerwerkeverlag.de\/vorableser\/wp-json\/wp\/v2\/product_tag?post=8806"}],"curies":[{"name":"wp","href":"https:\/\/api.w.org\/{rel}","templated":true}]}}