{"id":8698,"date":"2026-04-14T07:13:26","date_gmt":"2026-04-14T07:13:26","guid":{"rendered":"https:\/\/www.feuerwerkeverlag.de\/vorableser\/?post_type=product&#038;p=8698"},"modified":"2026-04-18T05:56:39","modified_gmt":"2026-04-18T05:56:39","slug":"nordostzorn","status":"publish","type":"product","link":"https:\/\/www.feuerwerkeverlag.de\/vorableser\/produkt\/nordostzorn\/","title":{"rendered":"NordOstZorn"},"content":{"rendered":"<p><strong>\ud83d\udcd6 Kurzinhalt:<br \/>\n<\/strong><\/p>\n<p>In Flensburg sorgt der Mord an der Wahrsagerin Bella Lilienthal f\u00fcr Aufsehen und viel Gespr\u00e4chsstoff. Die beiden erfahrenen Kommissare Anne Anders und Hendryk Larsson nehmen sofort die Ermittlungen auf. Dabei sto\u00dfen sie nicht nur auf Geheimnisse, die weit in die Vergangenheit der Kartenleserin zur\u00fcckreichen, sondern auch auf eine Vielzahl prominenter Verd\u00e4chtiger in ihrem Umfeld &#8211; selbst hochrangige Pers\u00f6nlichkeiten der Stadt Flensburg scheinen bei Bella ein und aus gegangen zu sein.<\/p>\n<p>Die Ermittler verlieren sich w\u00e4hrend ihrer Arbeit nach und nach in einem Netz aus L\u00fcgen, Intrigen und Betrug, w\u00e4hrend der T\u00e4ter kurz davor ist, einen weiteren, folgenschweren Mord zu begehen.<\/p>\n<p><strong>\u23f0 Timing\/Deadline:<\/strong><strong><br \/>\n<\/strong><\/p>\n<p>Bitte ver\u00f6ffentlicht eure Rezension&#8230;<\/p>\n<ul>\n<li>zuerst als Bewertung hier im Vorableser-Club (sobald ihr das Buch beendet habt)<\/li>\n<li>anschlie\u00dfend in Communities, Social Media und auf Verkaufsplattformen (z.B. Amazon)\n<ul>\n<li>fr\u00fchestens am V\u00d6-Tag (19.05.2026)<\/li>\n<li>sp\u00e4testens eine Woche nach V\u00d6 (26.05.2026)<\/li>\n<\/ul>\n<\/li>\n<\/ul>\n<p><!-- <strong>\ud83d\udcf8 Futter f\u00fcr eure Social Media Kan\u00e4le<\/strong>\nIn unserer Bildergalerie (siehe oben) haben wir verschiedene Promo-Grafiken (z.B. Schnipsel) bereitgestellt, die ihr gern auf euren Blogs und Social Media Kan\u00e4len teilen\/nutzen d\u00fcrft. Bedient euch! --><\/p>\n","protected":false},"excerpt":{"rendered":"<p><em><strong>Eine tote Wahrsagerin, prominente Verd\u00e4chtige und ein Netz aus L\u00fcgen im beschaulichen Flensburg.<\/strong><\/em><\/p>\n","protected":false},"featured_media":8700,"comment_status":"open","ping_status":"closed","template":"","meta":[],"product_cat":[22],"product_tag":[],"_links":{"self":[{"href":"https:\/\/www.feuerwerkeverlag.de\/vorableser\/wp-json\/wp\/v2\/product\/8698"}],"collection":[{"href":"https:\/\/www.feuerwerkeverlag.de\/vorableser\/wp-json\/wp\/v2\/product"}],"about":[{"href":"https:\/\/www.feuerwerkeverlag.de\/vorableser\/wp-json\/wp\/v2\/types\/product"}],"replies":[{"embeddable":true,"href":"https:\/\/www.feuerwerkeverlag.de\/vorableser\/wp-json\/wp\/v2\/comments?post=8698"}],"wp:featuredmedia":[{"embeddable":true,"href":"https:\/\/www.feuerwerkeverlag.de\/vorableser\/wp-json\/wp\/v2\/media\/8700"}],"wp:attachment":[{"href":"https:\/\/www.feuerwerkeverlag.de\/vorableser\/wp-json\/wp\/v2\/media?parent=8698"}],"wp:term":[{"taxonomy":"product_cat","embeddable":true,"href":"https:\/\/www.feuerwerkeverlag.de\/vorableser\/wp-json\/wp\/v2\/product_cat?post=8698"},{"taxonomy":"product_tag","embeddable":true,"href":"https:\/\/www.feuerwerkeverlag.de\/vorableser\/wp-json\/wp\/v2\/product_tag?post=8698"}],"curies":[{"name":"wp","href":"https:\/\/api.w.org\/{rel}","templated":true}]}}