{"id":8638,"date":"2026-03-31T14:45:35","date_gmt":"2026-03-31T14:45:35","guid":{"rendered":"https:\/\/www.feuerwerkeverlag.de\/vorableser\/?post_type=product&#038;p=8638"},"modified":"2026-04-10T11:23:32","modified_gmt":"2026-04-10T11:23:32","slug":"meerzeitliebe","status":"publish","type":"product","link":"https:\/\/www.feuerwerkeverlag.de\/vorableser\/produkt\/meerzeitliebe\/","title":{"rendered":"MeerZeitLiebe"},"content":{"rendered":"<p><strong>\ud83d\udcd6 Kurzinhalt:<br \/>\n<\/strong><\/p>\n<p>Marie hat sich eine Auszeit in der Bretagne genommen, um wieder zu Atem zu kommen. Ein paar Wochen Meer, frische Seeluft und gutes franz\u00f6sisches Essen sind genau das, was sie jetzt braucht.<\/p>\n<p>An der romantischen K\u00fcste trifft sie eines Tages auf Marcus, einen Arch\u00e4ologen, der ebenso faszinierend wie verschlossen ist. Zwischen Strandspazierg\u00e4ngen, Caf\u00e9 au Lait und salziger Meeresluft kommen die beiden sich St\u00fcck f\u00fcr St\u00fcck n\u00e4her.<\/p>\n<p>Bald merkt Marie, dass diese Auszeit mehr f\u00fcr sie bereith\u00e4lt als nur Erholung: Vielleicht ist es der Anfang von etwas Neuem \u2013 von einer Liebe, die bleibt. Stellt sich f\u00fcr sie nur die Frage, ob sie auch den Mut hat, danach zu greifen?<\/p>\n<p><strong>\u23f0 Timing\/Deadline:<\/strong><strong><br \/>\n<\/strong><\/p>\n<p>Bitte ver\u00f6ffentlicht eure Rezension&#8230;<\/p>\n<ul>\n<li>zuerst als Bewertung hier im Vorableser-Club (sobald ihr das Buch beendet habt)<\/li>\n<li>anschlie\u00dfend in Communities, Social Media und auf Verkaufsplattformen (z.B. Amazon)\n<ul>\n<li>fr\u00fchestens am V\u00d6-Tag (05.05.2026)<\/li>\n<li>sp\u00e4testens eine Woche nach V\u00d6 (12.05.2026)<\/li>\n<\/ul>\n<\/li>\n<\/ul>\n<p><!-- <strong>\ud83d\udcf8 Futter f\u00fcr eure Social Media Kan\u00e4le<\/strong>\nIn unserer Bildergalerie (siehe oben) haben wir verschiedene Promo-Grafiken (z.B. Schnipsel) bereitgestellt, die ihr gern auf euren Blogs und Social Media Kan\u00e4len teilen\/nutzen d\u00fcrft. Bedient euch! --><\/p>\n","protected":false},"excerpt":{"rendered":"<p><em><strong>Ein Sommer in Frankreich. Und eine Liebe, die bleibt.<\/strong><\/em><\/p>\n","protected":false},"featured_media":8639,"comment_status":"open","ping_status":"closed","template":"","meta":[],"product_cat":[17],"product_tag":[],"_links":{"self":[{"href":"https:\/\/www.feuerwerkeverlag.de\/vorableser\/wp-json\/wp\/v2\/product\/8638"}],"collection":[{"href":"https:\/\/www.feuerwerkeverlag.de\/vorableser\/wp-json\/wp\/v2\/product"}],"about":[{"href":"https:\/\/www.feuerwerkeverlag.de\/vorableser\/wp-json\/wp\/v2\/types\/product"}],"replies":[{"embeddable":true,"href":"https:\/\/www.feuerwerkeverlag.de\/vorableser\/wp-json\/wp\/v2\/comments?post=8638"}],"wp:featuredmedia":[{"embeddable":true,"href":"https:\/\/www.feuerwerkeverlag.de\/vorableser\/wp-json\/wp\/v2\/media\/8639"}],"wp:attachment":[{"href":"https:\/\/www.feuerwerkeverlag.de\/vorableser\/wp-json\/wp\/v2\/media?parent=8638"}],"wp:term":[{"taxonomy":"product_cat","embeddable":true,"href":"https:\/\/www.feuerwerkeverlag.de\/vorableser\/wp-json\/wp\/v2\/product_cat?post=8638"},{"taxonomy":"product_tag","embeddable":true,"href":"https:\/\/www.feuerwerkeverlag.de\/vorableser\/wp-json\/wp\/v2\/product_tag?post=8638"}],"curies":[{"name":"wp","href":"https:\/\/api.w.org\/{rel}","templated":true}]}}