{"id":8578,"date":"2026-03-25T11:22:32","date_gmt":"2026-03-25T11:22:32","guid":{"rendered":"https:\/\/www.feuerwerkeverlag.de\/vorableser\/?post_type=product&#038;p=8578"},"modified":"2026-04-23T07:21:31","modified_gmt":"2026-04-23T07:21:31","slug":"schwedenschuld","status":"publish","type":"product","link":"https:\/\/www.feuerwerkeverlag.de\/vorableser\/produkt\/schwedenschuld\/","title":{"rendered":"SchwedenSchuld"},"content":{"rendered":"<p><strong>\ud83d\udcd6 Kurzinhalt:<br \/>\n<\/strong><\/p>\n<p>Walpurgisnacht in S\u00fcdschweden. W\u00e4hrend die Maifeuer den Winter vertreiben sollen, verbrennt ein junger Mann qualvoll in einer abgelegenen Waldh\u00fctte nahe Vimmerby. Alles deutet darauf hin, dass er zur falschen Zeit am falschen Ort war \u2013 doch bald lodern weitere Br\u00e4nde, und das Feuer r\u00fcckt immer n\u00e4her an die Stadt heran.<\/p>\n<p>Polizeichef Marten Henriksson und seine Ex-Frau Lena Wallin stehen vor einem Fall, der tief in alte Feindschaften und verdr\u00e4ngtes Unrecht f\u00fchrt. Als die Anschl\u00e4ge pl\u00f6tzlich auch Martens eigenes Leben bedrohen, wird klar: Dieses Feuer will mehr als t\u00f6ten \u2013 es will vergelten.<\/p>\n<p><strong>\u23f0 Timing\/Deadline:<\/strong><strong><br \/>\n<\/strong><\/p>\n<p>Bitte ver\u00f6ffentlicht eure Rezension&#8230;<\/p>\n<ul>\n<li>zuerst als Bewertung hier im Vorableser-Club (sobald ihr das Buch beendet habt)<\/li>\n<li>anschlie\u00dfend in Communities, Social Media und auf Verkaufsplattformen (z.B. Amazon)\n<ul>\n<li>fr\u00fchestens am V\u00d6-Tag (28.04.2026)<\/li>\n<li>sp\u00e4testens eine Woche nach V\u00d6 (05.05.2026)<\/li>\n<\/ul>\n<\/li>\n<\/ul>\n<p><!-- <strong>\ud83d\udcf8 Futter f\u00fcr eure Social Media Kan\u00e4le<\/strong>\nIn unserer Bildergalerie (siehe oben) haben wir verschiedene Promo-Grafiken (z.B. Schnipsel) bereitgestellt, die ihr gern auf euren Blogs und Social Media Kan\u00e4len teilen\/nutzen d\u00fcrft. Bedient euch! --><\/p>\n","protected":false},"excerpt":{"rendered":"<p><strong>Manche Geheimnisse liegen tief vergraben\u2026<\/strong><\/p>\n","protected":false},"featured_media":8581,"comment_status":"open","ping_status":"closed","template":"","meta":[],"product_cat":[22],"product_tag":[],"_links":{"self":[{"href":"https:\/\/www.feuerwerkeverlag.de\/vorableser\/wp-json\/wp\/v2\/product\/8578"}],"collection":[{"href":"https:\/\/www.feuerwerkeverlag.de\/vorableser\/wp-json\/wp\/v2\/product"}],"about":[{"href":"https:\/\/www.feuerwerkeverlag.de\/vorableser\/wp-json\/wp\/v2\/types\/product"}],"replies":[{"embeddable":true,"href":"https:\/\/www.feuerwerkeverlag.de\/vorableser\/wp-json\/wp\/v2\/comments?post=8578"}],"wp:featuredmedia":[{"embeddable":true,"href":"https:\/\/www.feuerwerkeverlag.de\/vorableser\/wp-json\/wp\/v2\/media\/8581"}],"wp:attachment":[{"href":"https:\/\/www.feuerwerkeverlag.de\/vorableser\/wp-json\/wp\/v2\/media?parent=8578"}],"wp:term":[{"taxonomy":"product_cat","embeddable":true,"href":"https:\/\/www.feuerwerkeverlag.de\/vorableser\/wp-json\/wp\/v2\/product_cat?post=8578"},{"taxonomy":"product_tag","embeddable":true,"href":"https:\/\/www.feuerwerkeverlag.de\/vorableser\/wp-json\/wp\/v2\/product_tag?post=8578"}],"curies":[{"name":"wp","href":"https:\/\/api.w.org\/{rel}","templated":true}]}}