{"id":8452,"date":"2026-03-01T10:19:49","date_gmt":"2026-03-01T10:19:49","guid":{"rendered":"https:\/\/www.feuerwerkeverlag.de\/vorableser\/?post_type=product&#038;p=8452"},"modified":"2026-04-16T10:59:31","modified_gmt":"2026-04-16T10:59:31","slug":"blutrote-braut","status":"publish","type":"product","link":"https:\/\/www.feuerwerkeverlag.de\/vorableser\/produkt\/blutrote-braut\/","title":{"rendered":"Blutrote Braut"},"content":{"rendered":"<p><strong>\ud83d\udcd6 Kurzinhalt:<br \/>\n<\/strong><\/p>\n<p>In einem Mehrfamilienhaus wird die Leiche einer jungen Frau gefunden. Ganz in Wei\u00df h\u00e4ngt sie von der Galerie ihres Wohnzimmers. Ihre letzten Stunden waren zweifellos grausam. Doch warum tr\u00e4gt sie ein Brautkleid? Und warum hat niemand sie schreien geh\u00f6rt?<\/p>\n<p>Jana Bein und Oliver Markquardt \u00fcbernehmen den Fall. Als eine zweite Frau tot im Brautkleid aufgefunden wird, best\u00e4tigt sich ihr schrecklicher Verdacht: Sie haben es mit einem Serienkiller zu tun. Doch sein Motiv entzieht sich jeder Logik. Die Opfer verbindet nur eines \u2013 das wei\u00dfe Kleid und ein Leid, das weit \u00fcber den Tod hinausgeht.<\/p>\n<p>W\u00e4hrend der Druck auf die Ermittler w\u00e4chst, beginnt sich langsam ein Muster abzuzeichnen &#8211; doch da ist ihnen der T\u00e4ter bereits n\u00e4her, als ihnen lieb ist.<\/p>\n<p><strong>\u23f0 Timing\/Deadline:<\/strong><strong><br \/>\n<\/strong><\/p>\n<p>Bitte ver\u00f6ffentlicht eure Rezension&#8230;<\/p>\n<ul>\n<li>zuerst als Bewertung hier im Vorableser-Club (sobald ihr das Buch beendet habt)<\/li>\n<li>anschlie\u00dfend in Communities, Social Media und auf Verkaufsplattformen (z.B. Amazon)\n<ul>\n<li>fr\u00fchestens am V\u00d6-Tag (02.04.2026)<\/li>\n<li>sp\u00e4testens eine Woche nach V\u00d6 (09.04.2026)<\/li>\n<\/ul>\n<\/li>\n<\/ul>\n<p><!-- <strong>\ud83d\udcf8 Futter f\u00fcr eure Social Media Kan\u00e4le<\/strong>\nIn unserer Bildergalerie (siehe oben) haben wir verschiedene Promo-Grafiken (z.B. Schnipsel) bereitgestellt, die ihr gern auf euren Blogs und Social Media Kan\u00e4len teilen\/nutzen d\u00fcrft. Bedient euch! --><\/p>\n","protected":false},"excerpt":{"rendered":"<p><strong><em>Diese Vorablese-Aktion ist bereits beendet. Der Download des eBooks steht nicht mehr zur Verf\u00fcgung. Wenn du dich f\u00fcr den Titel interessierst,\u00a0<a href=\"https:\/\/www.amazon.de\/Blutrote-Braut-Thriller-Gunnar-Schwarz-ebook\/dp\/B0GQGGXQBD\">findest du ihn bei Amazon<\/a>.<\/em><\/strong><\/p>\n","protected":false},"featured_media":8453,"comment_status":"open","ping_status":"closed","template":"","meta":[],"product_cat":[22],"product_tag":[],"_links":{"self":[{"href":"https:\/\/www.feuerwerkeverlag.de\/vorableser\/wp-json\/wp\/v2\/product\/8452"}],"collection":[{"href":"https:\/\/www.feuerwerkeverlag.de\/vorableser\/wp-json\/wp\/v2\/product"}],"about":[{"href":"https:\/\/www.feuerwerkeverlag.de\/vorableser\/wp-json\/wp\/v2\/types\/product"}],"replies":[{"embeddable":true,"href":"https:\/\/www.feuerwerkeverlag.de\/vorableser\/wp-json\/wp\/v2\/comments?post=8452"}],"wp:featuredmedia":[{"embeddable":true,"href":"https:\/\/www.feuerwerkeverlag.de\/vorableser\/wp-json\/wp\/v2\/media\/8453"}],"wp:attachment":[{"href":"https:\/\/www.feuerwerkeverlag.de\/vorableser\/wp-json\/wp\/v2\/media?parent=8452"}],"wp:term":[{"taxonomy":"product_cat","embeddable":true,"href":"https:\/\/www.feuerwerkeverlag.de\/vorableser\/wp-json\/wp\/v2\/product_cat?post=8452"},{"taxonomy":"product_tag","embeddable":true,"href":"https:\/\/www.feuerwerkeverlag.de\/vorableser\/wp-json\/wp\/v2\/product_tag?post=8452"}],"curies":[{"name":"wp","href":"https:\/\/api.w.org\/{rel}","templated":true}]}}