{"id":839,"date":"2021-09-27T08:19:28","date_gmt":"2021-09-27T08:19:28","guid":{"rendered":"https:\/\/www.feuerwerkeverlag.de\/vorableser\/?post_type=product&#038;p=839"},"modified":"2023-06-12T11:38:03","modified_gmt":"2023-06-12T11:38:03","slug":"entfesselt-vampire-awakenings","status":"publish","type":"product","link":"https:\/\/www.feuerwerkeverlag.de\/vorableser\/produkt\/entfesselt-vampire-awakenings\/","title":{"rendered":"Entfesselt (Vampire Awakenings)"},"content":{"rendered":"<p><strong>\ud83d\udcd6 Kurzinhalt:<br \/>\n<\/strong><em>Die Dunkelheit ruft ihn &#8211; ein aussichtsloser Kampf beginnt.<\/em><\/p>\n<p>Aidens d\u00fcstere Seite droht ihm zum Verh\u00e4ngnis zu werden. Er hofft darauf, dass jemand ihn t\u00f6ten wird, bevor er der Versuchung nachgeben kann. Und gerade als er glaubt, den Kampf verloren zu haben, begegnet ihm Maggie. Zum ersten Mal seit Jahren gibt es Hoffnung auf eine Zukunft.<\/p>\n<p>Maggie ist in schwierigen Verh\u00e4ltnissen aufgewachsen und klammert sich nun umso mehr an die Sicherheit, die sie sich hart erarbeitet hat. Doch das \u00e4ndert sich in der Nacht, in der Aiden in ihrer Notaufnahme landet. Pl\u00f6tzlich steht nicht nur alles auf dem Spiel, was ihr lieb ist, sie muss auch hinterfragen, ob ihre vermeintlich verwirrte Mutter nicht doch die Wahrheit gesagt hat.<\/p>\n<p>Die Verbindung zwischen Aiden und Maggie vertieft sich, und so lernt sie zum ersten Mal seit Jahren, wieder Vertrauen zu fassen. Es sieht aus, als g\u00e4be es f\u00fcr sie beide ein Happy End &#8211; doch dann zwingen die Umst\u00e4nde sie auseinander.<\/p>\n<p>Aiden versinkt in einer Spirale aus Wahnsinn, und seine Familie muss hilflos zusehen.<\/p>\n<p>Kann Maggie ihn retten, oder ist seine Seele dem Verderben geweiht?<\/p>\n<p><strong>\u23f0 Timing\/Deadline:<\/strong><strong><br \/>\n<\/strong><\/p>\n<p>Bitte ver\u00f6ffentlicht eure Rezension&#8230;<\/p>\n<ul>\n<li>zuerst als Bewertung hier im Vorableser-Club (sobald ihr das Buch beendet habt)<\/li>\n<li>anschlie\u00dfend in Communities, Social Media und auf Verkaufsplattformen (z.B. Amazon)\n<ul>\n<li>fr\u00fchestens am V\u00d6-Tag (14.10.2021)<\/li>\n<li>sp\u00e4testens eine Woche nach V\u00d6 (21.10.2021)<\/li>\n<\/ul>\n<\/li>\n<\/ul>\n<p><!-- <strong>\ud83d\udcf8 Futter f\u00fcr eure Social Media Kan\u00e4le<\/strong>\nIn unserer Bildergalerie (siehe oben) haben wir verschiedene Promo-Grafiken (z.B. Schnipsel) bereitgestellt, die ihr gern auf euren Blogs und Social Media Kan\u00e4len teilen\/nutzen d\u00fcrft. Bedient euch! --><\/p>\n<p><strong>\ud83d\udcf8 Futter f\u00fcr eure Social Media Kan\u00e4le<\/strong><br \/>\nIn unserer Bildergalerie (siehe oben) haben wir verschiedene Promo-Grafiken bereitgestellt, die ihr gern auf euren Blogs und Social Media Kan\u00e4len teilen\/nutzen d\u00fcrft. Bedient euch!<\/p>\n<p><strong>\ud83d\udcac Tauscht euch mit der Autorin aus!<br \/>\n<\/strong><a href=\"https:\/\/www.facebook.com\/groups\/VorableserclubFWV\">In unserer Facebook-Gruppe<\/a>\u00a0k\u00f6nnt ihr euch mit anderen VorableserInnen \u00fcber Handlung und Hintergr\u00fcnde austauschen.<\/p>\n<p>Die Teilnahme am Austausch in der Gruppe ist nat\u00fcrlich freiwillig, aber wir freuen uns, wenn ihr dabei seid! <em>Noch kein Mitglied der Facebook-Gruppe?<\/em> <a href=\"https:\/\/www.facebook.com\/groups\/VorableserclubFWV\">Jetzt beitreten!<\/a><\/p>\n","protected":false},"excerpt":{"rendered":"<p><em><strong>Info: Alle Teile der &#8222;Vampire Awakenings&#8220;-Reihe k\u00f6nnen unabh\u00e4ngig voneinander gelesen werden.<\/strong><\/em><\/p>\n","protected":false},"featured_media":846,"comment_status":"open","ping_status":"closed","template":"","meta":[],"product_cat":[21],"product_tag":[],"_links":{"self":[{"href":"https:\/\/www.feuerwerkeverlag.de\/vorableser\/wp-json\/wp\/v2\/product\/839"}],"collection":[{"href":"https:\/\/www.feuerwerkeverlag.de\/vorableser\/wp-json\/wp\/v2\/product"}],"about":[{"href":"https:\/\/www.feuerwerkeverlag.de\/vorableser\/wp-json\/wp\/v2\/types\/product"}],"replies":[{"embeddable":true,"href":"https:\/\/www.feuerwerkeverlag.de\/vorableser\/wp-json\/wp\/v2\/comments?post=839"}],"wp:featuredmedia":[{"embeddable":true,"href":"https:\/\/www.feuerwerkeverlag.de\/vorableser\/wp-json\/wp\/v2\/media\/846"}],"wp:attachment":[{"href":"https:\/\/www.feuerwerkeverlag.de\/vorableser\/wp-json\/wp\/v2\/media?parent=839"}],"wp:term":[{"taxonomy":"product_cat","embeddable":true,"href":"https:\/\/www.feuerwerkeverlag.de\/vorableser\/wp-json\/wp\/v2\/product_cat?post=839"},{"taxonomy":"product_tag","embeddable":true,"href":"https:\/\/www.feuerwerkeverlag.de\/vorableser\/wp-json\/wp\/v2\/product_tag?post=839"}],"curies":[{"name":"wp","href":"https:\/\/api.w.org\/{rel}","templated":true}]}}