{"id":8378,"date":"2026-02-19T08:46:52","date_gmt":"2026-02-19T08:46:52","guid":{"rendered":"https:\/\/www.feuerwerkeverlag.de\/vorableser\/?post_type=product&#038;p=8378"},"modified":"2026-04-15T07:34:36","modified_gmt":"2026-04-15T07:34:36","slug":"meermomente-voller-glueck","status":"publish","type":"product","link":"https:\/\/www.feuerwerkeverlag.de\/vorableser\/produkt\/meermomente-voller-glueck\/","title":{"rendered":"Meermomente voller Gl\u00fcck"},"content":{"rendered":"<p><strong>\ud83d\udcd6 Kurzinhalt:<br \/>\n<\/strong><\/p>\n<p>Direkt an der Ostseek\u00fcste liegt der malerische\u00a0<span class=\"a-text-italic\">Gutshof D\u00fcnenrose<\/span>\u00a0\u2013 ein Ort, an dem der Wind nach Salz schmeckt und Neuanf\u00e4nge pl\u00f6tzlich m\u00f6glich erscheinen. F\u00fcr Svea ist der Hof eine Chance, nicht nur ihren Traum von einem Laden f\u00fcr K\u00fcstenkunst zu verwirklichen, sondern auch ihr Leben neu auszurichten.<\/p>\n<p>Doch als ihr Handwerker kurz vor der Er\u00f6ffnung ausf\u00e4llt, muss Svea improvisieren. Die einzige L\u00f6sung hei\u00dft Lasse \u2013 ein Mann aus ihrer Vergangenheit, dem sie eigentlich nie wieder begegnen wollte.<\/p>\n<p>Was als Zweckgemeinschaft beginnt, wird bald zu etwas, das Sveas neues Leben vollkommen durcheinanderwirbelt &#8211; und vielleicht genau das ist, was ihr Herz jetzt braucht.<\/p>\n<p><strong>\u23f0 Timing\/Deadline:<\/strong><strong><br \/>\n<\/strong><\/p>\n<p>Bitte ver\u00f6ffentlicht eure Rezension&#8230;<\/p>\n<ul>\n<li>zuerst als Bewertung hier im Vorableser-Club (sobald ihr das Buch beendet habt)<\/li>\n<li>anschlie\u00dfend in Communities, Social Media und auf Verkaufsplattformen (z.B. Amazon)\n<ul>\n<li>fr\u00fchestens am V\u00d6-Tag (26.03.2026)<\/li>\n<li>sp\u00e4testens eine Woche nach V\u00d6 (02.04.2026)<\/li>\n<\/ul>\n<\/li>\n<\/ul>\n<p><!-- <strong>\ud83d\udcf8 Futter f\u00fcr eure Social Media Kan\u00e4le<\/strong>\nIn unserer Bildergalerie (siehe oben) haben wir verschiedene Promo-Grafiken (z.B. Schnipsel) bereitgestellt, die ihr gern auf euren Blogs und Social Media Kan\u00e4len teilen\/nutzen d\u00fcrft. Bedient euch! --><\/p>\n","protected":false},"excerpt":{"rendered":"<p><strong><em>Diese Vorablese-Aktion ist bereits beendet. Der Download des eBooks steht nicht mehr zur Verf\u00fcgung. Wenn du dich f\u00fcr den Titel interessierst,\u00a0<a href=\"https:\/\/www.amazon.de\/Meermomente-voller-Gl%C3%BCck-Gutshof-D%C3%BCnenrose-ebook\/dp\/B0GP18KX29\">findest du ihn bei Amazon<\/a>.<\/em><\/strong><\/p>\n","protected":false},"featured_media":8379,"comment_status":"open","ping_status":"closed","template":"","meta":[],"product_cat":[17],"product_tag":[],"_links":{"self":[{"href":"https:\/\/www.feuerwerkeverlag.de\/vorableser\/wp-json\/wp\/v2\/product\/8378"}],"collection":[{"href":"https:\/\/www.feuerwerkeverlag.de\/vorableser\/wp-json\/wp\/v2\/product"}],"about":[{"href":"https:\/\/www.feuerwerkeverlag.de\/vorableser\/wp-json\/wp\/v2\/types\/product"}],"replies":[{"embeddable":true,"href":"https:\/\/www.feuerwerkeverlag.de\/vorableser\/wp-json\/wp\/v2\/comments?post=8378"}],"wp:featuredmedia":[{"embeddable":true,"href":"https:\/\/www.feuerwerkeverlag.de\/vorableser\/wp-json\/wp\/v2\/media\/8379"}],"wp:attachment":[{"href":"https:\/\/www.feuerwerkeverlag.de\/vorableser\/wp-json\/wp\/v2\/media?parent=8378"}],"wp:term":[{"taxonomy":"product_cat","embeddable":true,"href":"https:\/\/www.feuerwerkeverlag.de\/vorableser\/wp-json\/wp\/v2\/product_cat?post=8378"},{"taxonomy":"product_tag","embeddable":true,"href":"https:\/\/www.feuerwerkeverlag.de\/vorableser\/wp-json\/wp\/v2\/product_tag?post=8378"}],"curies":[{"name":"wp","href":"https:\/\/api.w.org\/{rel}","templated":true}]}}