{"id":8342,"date":"2026-02-17T08:54:13","date_gmt":"2026-02-17T08:54:13","guid":{"rendered":"https:\/\/www.feuerwerkeverlag.de\/vorableser\/?post_type=product&#038;p=8342"},"modified":"2026-04-11T17:31:13","modified_gmt":"2026-04-11T17:31:13","slug":"und-dann-kam-unser-sommer","status":"publish","type":"product","link":"https:\/\/www.feuerwerkeverlag.de\/vorableser\/produkt\/und-dann-kam-unser-sommer\/","title":{"rendered":"Und dann kam unser Sommer"},"content":{"rendered":"<p><strong>\ud83d\udcd6 Kurzinhalt:<br \/>\n<\/strong><\/p>\n<p>Als Jule den in die Jahre gekommenen\u00a0<span class=\"a-text-italic\">Hof Sommerfeld<\/span>\u00a0von ihrem Vater \u00fcbernimmt, k\u00e4mpft sie gegen Schulden, Einsamkeit und eine Vergangenheit, die ihr niemand erkl\u00e4rt. Inmitten all der Verantwortung steht pl\u00f6tzlich Lukas vor dem Hoftor \u2013 ein Fremder, der mehr sucht als nur ein Nachtlager. Mit seiner stillen Art weckt er in Jule l\u00e4ngst verloren geglaubte Gef\u00fchle &#8211; Gef\u00fchle von N\u00e4he, W\u00e4rme und Vertrauen.<\/p>\n<p>Doch Lukas tr\u00e4gt ein Geheimnis in sich. Ein Geheimnis, das bis tief in die Geschichte von\u00a0<span class=\"a-text-italic\">Hof Sommerfeld<\/span>\u00a0reicht. Und als die Wahrheit an einem der letzten Tage dieses magischen Sommers schlie\u00dflich ans Licht kommt, steht Jule vor der schwersten Entscheidung ihres Lebens: Kann sie einer Liebe trauen, die mit einer L\u00fcge begann?<\/p>\n<p><strong>\u23f0 Timing\/Deadline:<\/strong><strong><br \/>\n<\/strong><\/p>\n<p>Bitte ver\u00f6ffentlicht eure Rezension&#8230;<\/p>\n<ul>\n<li>zuerst als Bewertung hier im Vorableser-Club (sobald ihr das Buch beendet habt)<\/li>\n<li>anschlie\u00dfend in Communities, Social Media und auf Verkaufsplattformen (z.B. Amazon)\n<ul>\n<li>fr\u00fchestens am V\u00d6-Tag (17.03.2026)<\/li>\n<li>sp\u00e4testens eine Woche nach V\u00d6 (24.03.2026)<\/li>\n<\/ul>\n<\/li>\n<\/ul>\n<p><!-- <strong>\ud83d\udcf8 Futter f\u00fcr eure Social Media Kan\u00e4le<\/strong>\nIn unserer Bildergalerie (siehe oben) haben wir verschiedene Promo-Grafiken (z.B. Schnipsel) bereitgestellt, die ihr gern auf euren Blogs und Social Media Kan\u00e4len teilen\/nutzen d\u00fcrft. Bedient euch! --><\/p>\n","protected":false},"excerpt":{"rendered":"<p><strong><em>Diese Vorablese-Aktion ist bereits beendet. Der Download des eBooks steht nicht mehr zur Verf\u00fcgung. Wenn du dich f\u00fcr den Titel interessierst,\u00a0<a href=\"https:\/\/www.amazon.de\/dann-kam-unser-Sommer-Liebesroman-ebook\/dp\/B0GMJLP1XX\">findest du ihn bei Amazon<\/a>.<\/em><\/strong><\/p>\n","protected":false},"featured_media":8345,"comment_status":"open","ping_status":"closed","template":"","meta":[],"product_cat":[17],"product_tag":[],"_links":{"self":[{"href":"https:\/\/www.feuerwerkeverlag.de\/vorableser\/wp-json\/wp\/v2\/product\/8342"}],"collection":[{"href":"https:\/\/www.feuerwerkeverlag.de\/vorableser\/wp-json\/wp\/v2\/product"}],"about":[{"href":"https:\/\/www.feuerwerkeverlag.de\/vorableser\/wp-json\/wp\/v2\/types\/product"}],"replies":[{"embeddable":true,"href":"https:\/\/www.feuerwerkeverlag.de\/vorableser\/wp-json\/wp\/v2\/comments?post=8342"}],"wp:featuredmedia":[{"embeddable":true,"href":"https:\/\/www.feuerwerkeverlag.de\/vorableser\/wp-json\/wp\/v2\/media\/8345"}],"wp:attachment":[{"href":"https:\/\/www.feuerwerkeverlag.de\/vorableser\/wp-json\/wp\/v2\/media?parent=8342"}],"wp:term":[{"taxonomy":"product_cat","embeddable":true,"href":"https:\/\/www.feuerwerkeverlag.de\/vorableser\/wp-json\/wp\/v2\/product_cat?post=8342"},{"taxonomy":"product_tag","embeddable":true,"href":"https:\/\/www.feuerwerkeverlag.de\/vorableser\/wp-json\/wp\/v2\/product_tag?post=8342"}],"curies":[{"name":"wp","href":"https:\/\/api.w.org\/{rel}","templated":true}]}}