{"id":8258,"date":"2026-01-23T07:55:46","date_gmt":"2026-01-23T07:55:46","guid":{"rendered":"https:\/\/www.feuerwerkeverlag.de\/vorableser\/?post_type=product&#038;p=8258"},"modified":"2026-04-02T17:32:05","modified_gmt":"2026-04-02T17:32:05","slug":"akte-sylt-mord-in-den-duenen","status":"publish","type":"product","link":"https:\/\/www.feuerwerkeverlag.de\/vorableser\/produkt\/akte-sylt-mord-in-den-duenen\/","title":{"rendered":"AKTE SYLT &#8211; Mord in den D\u00fcnen"},"content":{"rendered":"<p><strong>\ud83d\udcd6 Kurzinhalt:<br \/>\n<\/strong><\/p>\n<p>Kriminalhauptkommissarin Janna Jahnke kennt jeden Winkel auf Sylt und viele Geheimnisse der Inselbewohner. Doch der Mord an einem Camper, der von Bienen zu Tode gestochen wurde, stellt sie vor ein R\u00e4tsel. Ausgerechnet jetzt wird ihr Lene Thamsen zugeteilt, eine junge, ungest\u00fcme Kollegin vom Festland, die mit ihrer schlagfertigen Art f\u00fcr Unruhe sorgt, aber auch einen untr\u00fcglichen Instinkt zu besitzen scheint.<\/p>\n<p>Als ein zweiter Toter die Ferieng\u00e4ste in Angst versetzt, m\u00fcssen die beiden Frauen erkennen, dass die Morde mit einer l\u00e4ngst vergessenen Trag\u00f6die auf Sylt zusammenh\u00e4ngen. Jahnke und Thamsen geraten in einen Wettlauf gegen die Zeit, um das dunkle Geheimnis der Nordseeinsel zu l\u00fcften, bevor der T\u00e4ter erneut zuschl\u00e4gt.<\/p>\n<p><strong>\u23f0 Timing\/Deadline:<\/strong><strong><br \/>\n<\/strong><\/p>\n<p>Bitte ver\u00f6ffentlicht eure Rezension&#8230;<\/p>\n<ul>\n<li>zuerst als Bewertung hier im Vorableser-Club (sobald ihr das Buch beendet habt)<\/li>\n<li>anschlie\u00dfend in Communities, Social Media und auf Verkaufsplattformen (z.B. Amazon)\n<ul>\n<li>fr\u00fchestens am V\u00d6-Tag (26.02.2026)<\/li>\n<li>sp\u00e4testens eine Woche nach V\u00d6 (05.03.2026)<\/li>\n<\/ul>\n<\/li>\n<\/ul>\n<p><!-- <strong>\ud83d\udcf8 Futter f\u00fcr eure Social Media Kan\u00e4le<\/strong>\nIn unserer Bildergalerie (siehe oben) haben wir verschiedene Promo-Grafiken (z.B. Schnipsel) bereitgestellt, die ihr gern auf euren Blogs und Social Media Kan\u00e4len teilen\/nutzen d\u00fcrft. Bedient euch! --><\/p>\n","protected":false},"excerpt":{"rendered":"<p><strong><em>Diese Vorablese-Aktion ist bereits beendet. Der Download des eBooks steht nicht mehr zur Verf\u00fcgung. Wenn du dich f\u00fcr den Titel interessierst,\u00a0<a href=\"https:\/\/www.amazon.de\/AKTE-SYLT-Mord-D%C3%BCnen-Sylt-Krimi-ebook\/dp\/B0GGZLL92B\">findest du ihn bei Amazon<\/a>.<\/em><\/strong><\/p>\n","protected":false},"featured_media":8260,"comment_status":"open","ping_status":"closed","template":"","meta":[],"product_cat":[22],"product_tag":[],"_links":{"self":[{"href":"https:\/\/www.feuerwerkeverlag.de\/vorableser\/wp-json\/wp\/v2\/product\/8258"}],"collection":[{"href":"https:\/\/www.feuerwerkeverlag.de\/vorableser\/wp-json\/wp\/v2\/product"}],"about":[{"href":"https:\/\/www.feuerwerkeverlag.de\/vorableser\/wp-json\/wp\/v2\/types\/product"}],"replies":[{"embeddable":true,"href":"https:\/\/www.feuerwerkeverlag.de\/vorableser\/wp-json\/wp\/v2\/comments?post=8258"}],"wp:featuredmedia":[{"embeddable":true,"href":"https:\/\/www.feuerwerkeverlag.de\/vorableser\/wp-json\/wp\/v2\/media\/8260"}],"wp:attachment":[{"href":"https:\/\/www.feuerwerkeverlag.de\/vorableser\/wp-json\/wp\/v2\/media?parent=8258"}],"wp:term":[{"taxonomy":"product_cat","embeddable":true,"href":"https:\/\/www.feuerwerkeverlag.de\/vorableser\/wp-json\/wp\/v2\/product_cat?post=8258"},{"taxonomy":"product_tag","embeddable":true,"href":"https:\/\/www.feuerwerkeverlag.de\/vorableser\/wp-json\/wp\/v2\/product_tag?post=8258"}],"curies":[{"name":"wp","href":"https:\/\/api.w.org\/{rel}","templated":true}]}}