{"id":8103,"date":"2026-01-06T08:19:32","date_gmt":"2026-01-06T08:19:32","guid":{"rendered":"https:\/\/www.feuerwerkeverlag.de\/vorableser\/?post_type=product&#038;p=8103"},"modified":"2026-03-06T08:56:08","modified_gmt":"2026-03-06T08:56:08","slug":"frieslandraub","status":"publish","type":"product","link":"https:\/\/www.feuerwerkeverlag.de\/vorableser\/produkt\/frieslandraub\/","title":{"rendered":"FriesLandRaub"},"content":{"rendered":"<p><strong>\ud83d\udcd6 Kurzinhalt:<br \/>\n<\/strong><\/p>\n<p>Der schwerreiche Unternehmer und Kunstliebhaber Alexander von Holten wird eines Nachts erschossen im Inselmuseum von St. Peter Ording aufgefunden. Er liegt zu F\u00fc\u00dfen der \u201eGoldenen Magdalena\u201c &#8211; einer historischen Galionsfigur von gro\u00dfem Wert. Aber wenn das Kunstwerk etwas mit der Tat zu tun hat, wieso wurde es dann nicht gestohlen?<\/p>\n<p>Hauptkommissar Carsten Wolf und sein junger Kollege Fabiu Covaci fahren an die K\u00fcste, um den brisanten Mordfall aufzukl\u00e4ren. Dort verlaufen die Ermittlungen zun\u00e4chst m\u00fchsam, denn nicht nur das Wetter ist bescheiden, auch die Mutter des Opfers setzt alles daran, den guten Ruf ihrer Familie zu sch\u00fctzen und torpediert so die Arbeit der Ermittler.<\/p>\n<p>Doch eines wird den Kommissaren schnell klar: Sie m\u00fcssen herausfinden, was es mit der \u201eGoldenen Magdalena\u201c und der schwerreichen Familie auf sich hat, ehe das Geheimnis des Inselmuseums ein weiteres Opfer fordert \u2026<\/p>\n<p><strong>\u23f0 Timing\/Deadline:<\/strong><strong><br \/>\n<\/strong><\/p>\n<p>Bitte ver\u00f6ffentlicht eure Rezension&#8230;<\/p>\n<ul>\n<li>zuerst als Bewertung hier im Vorableser-Club (sobald ihr das Buch beendet habt)<\/li>\n<li>anschlie\u00dfend in Communities, Social Media und auf Verkaufsplattformen (z.B. Amazon)\n<ul>\n<li>fr\u00fchestens am V\u00d6-Tag (29.01.2026)<\/li>\n<li>sp\u00e4testens eine Woche nach V\u00d6 (05.02.2026)<\/li>\n<\/ul>\n<\/li>\n<\/ul>\n<p><!-- <strong>\ud83d\udcf8 Futter f\u00fcr eure Social Media Kan\u00e4le<\/strong>\nIn unserer Bildergalerie (siehe oben) haben wir verschiedene Promo-Grafiken (z.B. Schnipsel) bereitgestellt, die ihr gern auf euren Blogs und Social Media Kan\u00e4len teilen\/nutzen d\u00fcrft. Bedient euch! --><\/p>\n","protected":false},"excerpt":{"rendered":"<p><strong><em>Diese Vorablese-Aktion ist bereits beendet. Der Download des eBooks steht nicht mehr zur Verf\u00fcgung. Wenn du dich f\u00fcr den Titel interessierst,\u00a0<a href=\"https:\/\/www.amazon.de\/FriesLandRaub-Nordseekrimi-K%C3%BCstenkrimi-Nele-Bruun-ebook\/dp\/B0G5XW4R4P\">findest du ihn bei Amazon<\/a>.<\/em><\/strong><\/p>\n","protected":false},"featured_media":8106,"comment_status":"open","ping_status":"closed","template":"","meta":[],"product_cat":[22],"product_tag":[],"_links":{"self":[{"href":"https:\/\/www.feuerwerkeverlag.de\/vorableser\/wp-json\/wp\/v2\/product\/8103"}],"collection":[{"href":"https:\/\/www.feuerwerkeverlag.de\/vorableser\/wp-json\/wp\/v2\/product"}],"about":[{"href":"https:\/\/www.feuerwerkeverlag.de\/vorableser\/wp-json\/wp\/v2\/types\/product"}],"replies":[{"embeddable":true,"href":"https:\/\/www.feuerwerkeverlag.de\/vorableser\/wp-json\/wp\/v2\/comments?post=8103"}],"wp:featuredmedia":[{"embeddable":true,"href":"https:\/\/www.feuerwerkeverlag.de\/vorableser\/wp-json\/wp\/v2\/media\/8106"}],"wp:attachment":[{"href":"https:\/\/www.feuerwerkeverlag.de\/vorableser\/wp-json\/wp\/v2\/media?parent=8103"}],"wp:term":[{"taxonomy":"product_cat","embeddable":true,"href":"https:\/\/www.feuerwerkeverlag.de\/vorableser\/wp-json\/wp\/v2\/product_cat?post=8103"},{"taxonomy":"product_tag","embeddable":true,"href":"https:\/\/www.feuerwerkeverlag.de\/vorableser\/wp-json\/wp\/v2\/product_tag?post=8103"}],"curies":[{"name":"wp","href":"https:\/\/api.w.org\/{rel}","templated":true}]}}