{"id":7866,"date":"2025-10-27T10:55:28","date_gmt":"2025-10-27T10:55:28","guid":{"rendered":"https:\/\/www.feuerwerkeverlag.de\/vorableser\/?post_type=product&#038;p=7866"},"modified":"2026-01-05T10:45:34","modified_gmt":"2026-01-05T10:45:34","slug":"verbranntes-grab","status":"publish","type":"product","link":"https:\/\/www.feuerwerkeverlag.de\/vorableser\/produkt\/verbranntes-grab\/","title":{"rendered":"Verbranntes Grab"},"content":{"rendered":"<p><strong>\ud83d\udcd6 Kurzinhalt:<br \/>\n<\/strong><\/p>\n<p>Wenn das Jahr endet, ziehen auf F\u00f6hr die sogenannten <em>Kenkner<\/em> umher: maskierte Gestalten, die Reime aufsagen, um daf\u00fcr S\u00fc\u00dfigkeiten oder Schnaps zu erhalten. Normalerweise ein harmloser Brauch \u2013 doch diesmal wird am Morgen danach eine bis zur Unkenntlichkeit verkohlte Frauenleiche am Strand entdeckt. Ihre Identit\u00e4t ist unklar, die Spuren durch Wind und Wetter verwischt und die Umst\u00e4nde verst\u00f6rend.<\/p>\n<p>Kriminalhauptkommissarin Birte Lohse und ihr Partner Rainer Speckmann haben die Ermittlungen gerade erst \u00fcbernommen, da verschwindet bereits eine weitere Frau spurlos.<\/p>\n<p>Zwischen alten Traditionen und falschen F\u00e4hrten suchen die Ermittler nach der Wahrheit, aber je n\u00e4her sie ihr kommen, desto gef\u00e4hrlicher wird es. Denn der M\u00f6rder kennt die Regeln. Und er spielt schon viel l\u00e4nger mit, als sie ahnen.<\/p>\n<p><strong>\u23f0 Timing\/Deadline:<\/strong><strong><br \/>\n<\/strong><\/p>\n<p>Bitte ver\u00f6ffentlicht eure Rezension&#8230;<\/p>\n<ul>\n<li>zuerst als Bewertung hier im Vorableser-Club (sobald ihr das Buch beendet habt)<\/li>\n<li>anschlie\u00dfend in Communities, Social Media und auf Verkaufsplattformen (z.B. Amazon)\n<ul>\n<li>fr\u00fchestens am V\u00d6-Tag (02.12.2025)<\/li>\n<li>sp\u00e4testens eine Woche nach V\u00d6 (09.12.2025)<\/li>\n<\/ul>\n<\/li>\n<\/ul>\n<p><!-- <strong>\ud83d\udcf8 Futter f\u00fcr eure Social Media Kan\u00e4le<\/strong>\nIn unserer Bildergalerie (siehe oben) haben wir verschiedene Promo-Grafiken (z.B. Schnipsel) bereitgestellt, die ihr gern auf euren Blogs und Social Media Kan\u00e4len teilen\/nutzen d\u00fcrft. Bedient euch! --><\/p>\n","protected":false},"excerpt":{"rendered":"<p><strong><em>Diese Vorablese-Aktion ist bereits beendet. Der Download des eBooks steht nicht mehr zur Verf\u00fcgung. Wenn du dich f\u00fcr den Titel interessierst,\u00a0<a href=\"https:\/\/www.amazon.de\/Verbranntes-Grab-Zwischen-Mord-Ostsee-ebook\/dp\/B0FXGZXYB4\">findest du ihn bei Amazon<\/a>.<\/em><\/strong><\/p>\n","protected":false},"featured_media":7869,"comment_status":"open","ping_status":"closed","template":"","meta":[],"product_cat":[22],"product_tag":[],"_links":{"self":[{"href":"https:\/\/www.feuerwerkeverlag.de\/vorableser\/wp-json\/wp\/v2\/product\/7866"}],"collection":[{"href":"https:\/\/www.feuerwerkeverlag.de\/vorableser\/wp-json\/wp\/v2\/product"}],"about":[{"href":"https:\/\/www.feuerwerkeverlag.de\/vorableser\/wp-json\/wp\/v2\/types\/product"}],"replies":[{"embeddable":true,"href":"https:\/\/www.feuerwerkeverlag.de\/vorableser\/wp-json\/wp\/v2\/comments?post=7866"}],"wp:featuredmedia":[{"embeddable":true,"href":"https:\/\/www.feuerwerkeverlag.de\/vorableser\/wp-json\/wp\/v2\/media\/7869"}],"wp:attachment":[{"href":"https:\/\/www.feuerwerkeverlag.de\/vorableser\/wp-json\/wp\/v2\/media?parent=7866"}],"wp:term":[{"taxonomy":"product_cat","embeddable":true,"href":"https:\/\/www.feuerwerkeverlag.de\/vorableser\/wp-json\/wp\/v2\/product_cat?post=7866"},{"taxonomy":"product_tag","embeddable":true,"href":"https:\/\/www.feuerwerkeverlag.de\/vorableser\/wp-json\/wp\/v2\/product_tag?post=7866"}],"curies":[{"name":"wp","href":"https:\/\/api.w.org\/{rel}","templated":true}]}}