{"id":7635,"date":"2025-09-17T07:12:57","date_gmt":"2025-09-17T07:12:57","guid":{"rendered":"https:\/\/www.feuerwerkeverlag.de\/vorableser\/?post_type=product&#038;p=7635"},"modified":"2025-11-11T14:29:47","modified_gmt":"2025-11-11T14:29:47","slug":"nordostwut","status":"publish","type":"product","link":"https:\/\/www.feuerwerkeverlag.de\/vorableser\/produkt\/nordostwut\/","title":{"rendered":"NordOstWut"},"content":{"rendered":"<p><strong>\ud83d\udcd6 Kurzinhalt:<br \/>\n<\/strong><\/p>\n<p>Kuddl M\u00f6ller war bekannt wie ein bunter Hund. Als der Leiter des Flensburger Shanty-Chors \u201eDe lustigen Mannsl\u00fc\u00fcd\u201c tot aufgefunden wird, ist der Schock zun\u00e4chst gro\u00df. Doch schnell wird klar, dass Kuddl alles andere als ein unbeschriebenes Blatt war. Kurz darauf taucht dann auch noch die Leiche eines weiteren Flensburger Urgesteins auf. Zufall? Oder steckt mehr dahinter? Die Ermittler Anne Anders und Hendryk Larsson \u00fcbernehmen den Fall und sto\u00dfen auf ein Netz aus Betrug, Rache und Wut.<\/p>\n<p>W\u00e4hrend die Ermittlungen sie von dunklen Hafenkneipen bis in ein d\u00e4nisches Casino f\u00fchren, wird klar: Der M\u00f6rder ist noch nicht fertig. Ein Wettlauf gegen die Zeit beginnt \u2013 und an der sommerlichen Ostsee l\u00e4uft alles auf einen gro\u00dfen Showdown hinaus.<\/p>\n<p><strong>\u23f0 Timing\/Deadline:<\/strong><strong><br \/>\n<\/strong><\/p>\n<p>Bitte ver\u00f6ffentlicht eure Rezension&#8230;<\/p>\n<ul>\n<li>zuerst als Bewertung hier im Vorableser-Club (sobald ihr das Buch beendet habt)<\/li>\n<li>anschlie\u00dfend in Communities, Social Media und auf Verkaufsplattformen (z.B. Amazon)\n<ul>\n<li>fr\u00fchestens am V\u00d6-Tag (28.10.2025)<\/li>\n<li>sp\u00e4testens eine Woche nach V\u00d6 (04.11.2025)<\/li>\n<\/ul>\n<\/li>\n<\/ul>\n<p><!-- <strong>\ud83d\udcf8 Futter f\u00fcr eure Social Media Kan\u00e4le<\/strong>\nIn unserer Bildergalerie (siehe oben) haben wir verschiedene Promo-Grafiken (z.B. Schnipsel) bereitgestellt, die ihr gern auf euren Blogs und Social Media Kan\u00e4len teilen\/nutzen d\u00fcrft. Bedient euch! --><\/p>\n","protected":false},"excerpt":{"rendered":"<p><strong><em>Diese Vorablese-Aktion ist bereits beendet. Der Download des eBooks steht nicht mehr zur Verf\u00fcgung. Wenn du dich f\u00fcr den Titel interessierst,\u00a0<a href=\"https:\/\/www.amazon.de\/NordOstWut-Flensburg-Krimi-K%C3%BCstenkrimi-Nele-Bruun-ebook\/dp\/B0FRN9YZHP\">findest du ihn bei Amazon<\/a>.<\/em><\/strong><\/p>\n","protected":false},"featured_media":7636,"comment_status":"open","ping_status":"closed","template":"","meta":[],"product_cat":[22],"product_tag":[],"_links":{"self":[{"href":"https:\/\/www.feuerwerkeverlag.de\/vorableser\/wp-json\/wp\/v2\/product\/7635"}],"collection":[{"href":"https:\/\/www.feuerwerkeverlag.de\/vorableser\/wp-json\/wp\/v2\/product"}],"about":[{"href":"https:\/\/www.feuerwerkeverlag.de\/vorableser\/wp-json\/wp\/v2\/types\/product"}],"replies":[{"embeddable":true,"href":"https:\/\/www.feuerwerkeverlag.de\/vorableser\/wp-json\/wp\/v2\/comments?post=7635"}],"wp:featuredmedia":[{"embeddable":true,"href":"https:\/\/www.feuerwerkeverlag.de\/vorableser\/wp-json\/wp\/v2\/media\/7636"}],"wp:attachment":[{"href":"https:\/\/www.feuerwerkeverlag.de\/vorableser\/wp-json\/wp\/v2\/media?parent=7635"}],"wp:term":[{"taxonomy":"product_cat","embeddable":true,"href":"https:\/\/www.feuerwerkeverlag.de\/vorableser\/wp-json\/wp\/v2\/product_cat?post=7635"},{"taxonomy":"product_tag","embeddable":true,"href":"https:\/\/www.feuerwerkeverlag.de\/vorableser\/wp-json\/wp\/v2\/product_tag?post=7635"}],"curies":[{"name":"wp","href":"https:\/\/api.w.org\/{rel}","templated":true}]}}