{"id":7510,"date":"2025-09-08T10:22:54","date_gmt":"2025-09-08T10:22:54","guid":{"rendered":"https:\/\/www.feuerwerkeverlag.de\/vorableser\/?post_type=product&#038;p=7510"},"modified":"2026-01-03T10:42:11","modified_gmt":"2026-01-03T10:42:11","slug":"strandhauskuesse","status":"publish","type":"product","link":"https:\/\/www.feuerwerkeverlag.de\/vorableser\/produkt\/strandhauskuesse\/","title":{"rendered":"StrandHausK\u00fcsse"},"content":{"rendered":"<p><strong>\ud83d\udcd6 Kurzinhalt:<br \/>\n<\/strong><\/p>\n<p>Ein eigenes Haus in der Bretagne \u2013 das war eigentlich nie Annas Plan. Deshalb reist sie kurzerhand nach Frankreich, um das unverhoffte Erbe dort so schnell wie m\u00f6glich wieder loszuwerden. Doch kaum steht sie vor dem wundersch\u00f6nen, alten H\u00e4uschen am Strand, erwachen l\u00e4ngst vergessene Sehns\u00fcchte in ihr. Pl\u00f6tzlich erinnert sie sich wieder an ihren lang gehegten Traum von einer eigenen gem\u00fctlichen Pension mit Meerblick.<\/p>\n<p>Doch als Anna beginnt, diesen Wunsch Wirklichkeit werden zu lassen, merkt sie schnell, dass Traumvorstellung und Realit\u00e4t selten Hand in Hand gehen: Br\u00f6ckelnder Putz, Denkmalschutzauflagen und ungeplante Kosten machen die Renovierung zur echten Bew\u00e4hrungsprobe. Und auch der attraktive Immobilienmakler K\u00e9vin sowie der charismatische Architekt Philippe bringen Annas Herz dabei gef\u00e4hrlich aus dem Takt.<\/p>\n<p>Wird zwischen alten Mauern, salziger Meeresluft und unerwarteten Gef\u00fchlen am Ende aus einem ungeplanten Zwischenstopp doch noch die Chance auf einen Neuanfang?<\/p>\n<p><strong>\u23f0 Timing\/Deadline:<\/strong><strong><br \/>\n<\/strong><\/p>\n<p>Bitte ver\u00f6ffentlicht eure Rezension&#8230;<\/p>\n<ul>\n<li>zuerst als Bewertung hier im Vorableser-Club (sobald ihr das Buch beendet habt)<\/li>\n<li>anschlie\u00dfend in Communities, Social Media und auf Verkaufsplattformen (z.B. Amazon)\n<ul>\n<li>fr\u00fchestens am V\u00d6-Tag (07.10.2025)<\/li>\n<li>sp\u00e4testens eine Woche nach V\u00d6 (14.10.2025)<\/li>\n<\/ul>\n<\/li>\n<\/ul>\n<p><!-- <strong>\ud83d\udcf8 Futter f\u00fcr eure Social Media Kan\u00e4le<\/strong>\nIn unserer Bildergalerie (siehe oben) haben wir verschiedene Promo-Grafiken (z.B. Schnipsel) bereitgestellt, die ihr gern auf euren Blogs und Social Media Kan\u00e4len teilen\/nutzen d\u00fcrft. Bedient euch! --><\/p>\n","protected":false},"excerpt":{"rendered":"<p><strong><em>Diese Vorablese-Aktion ist bereits beendet. Der Download des eBooks steht nicht mehr zur Verf\u00fcgung. Wenn du dich f\u00fcr den Titel interessierst,\u00a0<a href=\"https:\/\/www.amazon.de\/StrandHausK%C3%BCsse-Bretagne-Tr%C3%A4ume-Hanna-Holmgren-ebook\/dp\/B0FMFFQVP6\">findest du ihn bei Amazon<\/a>.<\/em><\/strong><\/p>\n","protected":false},"featured_media":7511,"comment_status":"open","ping_status":"closed","template":"","meta":[],"product_cat":[17],"product_tag":[],"_links":{"self":[{"href":"https:\/\/www.feuerwerkeverlag.de\/vorableser\/wp-json\/wp\/v2\/product\/7510"}],"collection":[{"href":"https:\/\/www.feuerwerkeverlag.de\/vorableser\/wp-json\/wp\/v2\/product"}],"about":[{"href":"https:\/\/www.feuerwerkeverlag.de\/vorableser\/wp-json\/wp\/v2\/types\/product"}],"replies":[{"embeddable":true,"href":"https:\/\/www.feuerwerkeverlag.de\/vorableser\/wp-json\/wp\/v2\/comments?post=7510"}],"wp:featuredmedia":[{"embeddable":true,"href":"https:\/\/www.feuerwerkeverlag.de\/vorableser\/wp-json\/wp\/v2\/media\/7511"}],"wp:attachment":[{"href":"https:\/\/www.feuerwerkeverlag.de\/vorableser\/wp-json\/wp\/v2\/media?parent=7510"}],"wp:term":[{"taxonomy":"product_cat","embeddable":true,"href":"https:\/\/www.feuerwerkeverlag.de\/vorableser\/wp-json\/wp\/v2\/product_cat?post=7510"},{"taxonomy":"product_tag","embeddable":true,"href":"https:\/\/www.feuerwerkeverlag.de\/vorableser\/wp-json\/wp\/v2\/product_tag?post=7510"}],"curies":[{"name":"wp","href":"https:\/\/api.w.org\/{rel}","templated":true}]}}