{"id":7461,"date":"2025-09-04T06:16:45","date_gmt":"2025-09-04T06:16:45","guid":{"rendered":"https:\/\/www.feuerwerkeverlag.de\/vorableser\/?post_type=product&#038;p=7461"},"modified":"2025-12-22T11:38:30","modified_gmt":"2025-12-22T11:38:30","slug":"suendiges-blut","status":"publish","type":"product","link":"https:\/\/www.feuerwerkeverlag.de\/vorableser\/produkt\/suendiges-blut\/","title":{"rendered":"S\u00fcndiges Blut"},"content":{"rendered":"<p><strong>\ud83d\udcd6 Kurzinhalt:<br \/>\n<\/strong><\/p>\n<p>Im Umland von Kiel wird eine schwer verletzte junge Frau gefunden. Allem Anschein nach war sie Teil eines grausamen Rituals. Sie stirbt noch auf dem Weg ins Krankenhaus an ihren zahlreichen Verbrennungen. Die Kommissare Jana Bein und Oliver Markquart \u00fcbernehmen den Fall und ziehen einen Spezialisten f\u00fcr Ritualmorde hinzu. Der hat eine solche Sch\u00e4ndung noch nie zuvor gesehen.<\/p>\n<p>Kurze Zeit sp\u00e4ter wird eine zweite Leiche mit \u00e4hnlichen Verletzungen gefunden. Au\u00dferdem taucht in einer Freikirche ein seltsames, handgeschriebenes Buch mit dem Titel \u201eDie Blutprinzessin\u201c auf. Schnell stellt sich heraus, dass es sich bei dem Buch um ein regelrechtes Manifest des T\u00e4ters handelt. Er ist auf der Suche nach \u201ereinem\u201c Blut. Und er wird erst aufh\u00f6ren, wenn er es gefunden hat. Doch was ist sein Motiv, und wer ist sein n\u00e4chstes Opfer?<\/p>\n<p><strong>\u23f0 Timing\/Deadline:<\/strong><strong><br \/>\n<\/strong><\/p>\n<p>Bitte ver\u00f6ffentlicht eure Rezension&#8230;<\/p>\n<ul>\n<li>zuerst als Bewertung hier im Vorableser-Club (sobald ihr das Buch beendet habt)<\/li>\n<li>anschlie\u00dfend in Communities, Social Media und auf Verkaufsplattformen (z.B. Amazon)\n<ul>\n<li>fr\u00fchestens am V\u00d6-Tag (30.09.2025)<\/li>\n<li>sp\u00e4testens eine Woche nach V\u00d6 (07.10.2025)<\/li>\n<\/ul>\n<\/li>\n<\/ul>\n<p><!-- <strong>\ud83d\udcf8 Futter f\u00fcr eure Social Media Kan\u00e4le<\/strong>\nIn unserer Bildergalerie (siehe oben) haben wir verschiedene Promo-Grafiken (z.B. Schnipsel) bereitgestellt, die ihr gern auf euren Blogs und Social Media Kan\u00e4len teilen\/nutzen d\u00fcrft. Bedient euch! --><\/p>\n","protected":false},"excerpt":{"rendered":"<p><strong><em>Diese Vorablese-Aktion ist bereits beendet. Der Download des eBooks steht nicht mehr zur Verf\u00fcgung. Wenn du dich f\u00fcr den Titel interessierst,\u00a0<a href=\"https:\/\/www.amazon.de\/S%C3%BCndiges-Blut-Thriller-Gunnar-Schwarz-ebook\/dp\/B0FMFGWKPW\">findest du ihn bei Amazon<\/a>.<\/em><\/strong><\/p>\n","protected":false},"featured_media":7464,"comment_status":"open","ping_status":"closed","template":"","meta":[],"product_cat":[22],"product_tag":[],"_links":{"self":[{"href":"https:\/\/www.feuerwerkeverlag.de\/vorableser\/wp-json\/wp\/v2\/product\/7461"}],"collection":[{"href":"https:\/\/www.feuerwerkeverlag.de\/vorableser\/wp-json\/wp\/v2\/product"}],"about":[{"href":"https:\/\/www.feuerwerkeverlag.de\/vorableser\/wp-json\/wp\/v2\/types\/product"}],"replies":[{"embeddable":true,"href":"https:\/\/www.feuerwerkeverlag.de\/vorableser\/wp-json\/wp\/v2\/comments?post=7461"}],"wp:featuredmedia":[{"embeddable":true,"href":"https:\/\/www.feuerwerkeverlag.de\/vorableser\/wp-json\/wp\/v2\/media\/7464"}],"wp:attachment":[{"href":"https:\/\/www.feuerwerkeverlag.de\/vorableser\/wp-json\/wp\/v2\/media?parent=7461"}],"wp:term":[{"taxonomy":"product_cat","embeddable":true,"href":"https:\/\/www.feuerwerkeverlag.de\/vorableser\/wp-json\/wp\/v2\/product_cat?post=7461"},{"taxonomy":"product_tag","embeddable":true,"href":"https:\/\/www.feuerwerkeverlag.de\/vorableser\/wp-json\/wp\/v2\/product_tag?post=7461"}],"curies":[{"name":"wp","href":"https:\/\/api.w.org\/{rel}","templated":true}]}}