{"id":7312,"date":"2025-08-08T13:47:38","date_gmt":"2025-08-08T13:47:38","guid":{"rendered":"https:\/\/www.feuerwerkeverlag.de\/vorableser\/?post_type=product&#038;p=7312"},"modified":"2025-12-02T17:03:21","modified_gmt":"2025-12-02T17:03:21","slug":"tell-me-secrets","status":"publish","type":"product","link":"https:\/\/www.feuerwerkeverlag.de\/vorableser\/produkt\/tell-me-secrets\/","title":{"rendered":"Tell me secrets"},"content":{"rendered":"<p><strong>\ud83d\udcd6 Kurzinhalt:<br \/>\n<\/strong><\/p>\n<p><em><span class=\"a-text-italic\">Olivia Reed<\/span><\/em>\u00a0kennt die elit\u00e4re Harrington Universit\u00e4t besser als jede andere \u2013 jedoch nicht als Studentin, sondern als Tochter des Hausmeisters. Heimlich schleicht sie sich in Vorlesungen, tr\u00e4umt von einer Karriere im Journalismus und sucht nach Antworten auf den mysteri\u00f6sen Tod ihrer Mutter.<\/p>\n<p><em><span class=\"a-text-italic\">Alexander Wellington<\/span><\/em>\u00a0ist alles, was Olivia verabscheut: reich, privilegiert und auf dem direkten Weg an die Spitze. Doch als sie gemeinsam auf ein verborgenes Geheimnis sto\u00dfen, das die gesamte Universit\u00e4t in ihren Grundfesten ersch\u00fcttern k\u00f6nnte, werden aus Gegnern pl\u00f6tzlich Verb\u00fcndete.<\/p>\n<p>Zwischen verbotenen Recherchen und dem Kampf um Gerechtigkeit entwickelt sich eine Anziehung, die keine Regeln kennt. Doch kann die Liebe in einer Welt voller Macht und L\u00fcgen wirklich bestehen?<\/p>\n<p>&nbsp;<\/p>\n<p><strong>\u23f0 Timing\/Deadline:<\/strong><strong><br \/>\n<\/strong><\/p>\n<p>Bitte ver\u00f6ffentlicht eure Rezension&#8230;<\/p>\n<ul>\n<li>zuerst als Bewertung hier im Vorableser-Club (sobald ihr das Buch beendet habt)<\/li>\n<li>anschlie\u00dfend in Communities, Social Media und auf Verkaufsplattformen (z.B. Amazon)\n<ul>\n<li>fr\u00fchestens am V\u00d6-Tag (11.09.2025)<\/li>\n<li>sp\u00e4testens eine Woche nach V\u00d6 (18.09.2025)<\/li>\n<\/ul>\n<\/li>\n<\/ul>\n<p><!-- <strong>\ud83d\udcf8 Futter f\u00fcr eure Social Media Kan\u00e4le<\/strong>\nIn unserer Bildergalerie (siehe oben) haben wir verschiedene Promo-Grafiken (z.B. Schnipsel) bereitgestellt, die ihr gern auf euren Blogs und Social Media Kan\u00e4len teilen\/nutzen d\u00fcrft. Bedient euch! --><\/p>\n","protected":false},"excerpt":{"rendered":"<p><strong><em>Diese Vorablese-Aktion ist bereits beendet. Der Download des eBooks steht nicht mehr zur Verf\u00fcgung. Wenn du dich f\u00fcr den Titel interessierst,\u00a0<a href=\"https:\/\/www.amazon.de\/Tell-me-secrets-Harrington-University-ebook\/dp\/B0FHHFY289\/ref=sr_1_2?crid=SYTNS3BJLXN5&amp;dib=eyJ2IjoiMSJ9.bNHKzVer1ydBIi-4NxB-YK88Di-NPLwQ54CFWcVXpshWtuAw7u0mN6nYFH8F-EnMyntqLKis4999RzvKRxw8m83AEJxj7xdvBl-9dz7m6rBZhM5YSQdf6lx1Ac_vf0WYuFIx7wWScT5pddY4MpbsEWB3t-uB5voe4FdvI_Dc6p3WYOdw1Lof4zKaLPWbnKVO9HN_IweLCXM_koJEdAtvC5sXdMmsOIR8IpIAqy61AqE.LvAFd41LBjEPfDdkgjB9DBtX1dyZoCrj-TPTMKR8bwY&amp;dib_tag=se&amp;keywords=tell+me+secrets&amp;qid=1757584481&amp;sprefix=tell+me+secrets%2Caps%2C130&amp;sr=8-2\">findest du ihn bei Amazon<\/a>.<\/em><\/strong><\/p>\n","protected":false},"featured_media":7313,"comment_status":"open","ping_status":"closed","template":"","meta":[],"product_cat":[17],"product_tag":[],"_links":{"self":[{"href":"https:\/\/www.feuerwerkeverlag.de\/vorableser\/wp-json\/wp\/v2\/product\/7312"}],"collection":[{"href":"https:\/\/www.feuerwerkeverlag.de\/vorableser\/wp-json\/wp\/v2\/product"}],"about":[{"href":"https:\/\/www.feuerwerkeverlag.de\/vorableser\/wp-json\/wp\/v2\/types\/product"}],"replies":[{"embeddable":true,"href":"https:\/\/www.feuerwerkeverlag.de\/vorableser\/wp-json\/wp\/v2\/comments?post=7312"}],"wp:featuredmedia":[{"embeddable":true,"href":"https:\/\/www.feuerwerkeverlag.de\/vorableser\/wp-json\/wp\/v2\/media\/7313"}],"wp:attachment":[{"href":"https:\/\/www.feuerwerkeverlag.de\/vorableser\/wp-json\/wp\/v2\/media?parent=7312"}],"wp:term":[{"taxonomy":"product_cat","embeddable":true,"href":"https:\/\/www.feuerwerkeverlag.de\/vorableser\/wp-json\/wp\/v2\/product_cat?post=7312"},{"taxonomy":"product_tag","embeddable":true,"href":"https:\/\/www.feuerwerkeverlag.de\/vorableser\/wp-json\/wp\/v2\/product_tag?post=7312"}],"curies":[{"name":"wp","href":"https:\/\/api.w.org\/{rel}","templated":true}]}}