{"id":7257,"date":"2025-07-31T06:53:46","date_gmt":"2025-07-31T06:53:46","guid":{"rendered":"https:\/\/www.feuerwerkeverlag.de\/vorableser\/?post_type=product&#038;p=7257"},"modified":"2025-10-12T08:54:27","modified_gmt":"2025-10-12T08:54:27","slug":"so-weit-die-liebe-uns-traegt","status":"publish","type":"product","link":"https:\/\/www.feuerwerkeverlag.de\/vorableser\/produkt\/so-weit-die-liebe-uns-traegt\/","title":{"rendered":"So weit die Liebe uns tr\u00e4gt"},"content":{"rendered":"<p><strong>\ud83d\udcd6 Kurzinhalt:<br \/>\n<\/strong><\/p>\n<p>Mit Mitte 30 steckt Lana fest \u2013 in einem Leben, das sich zwar sicher anf\u00fchlt, aber auch ein wenig trostlos und einsam. Gefangen zwischen alten \u00c4ngsten und starren Routinen, hat sie den Blick f\u00fcr all das Sch\u00f6ne l\u00e4ngst verloren.<\/p>\n<p>Als sie dem freiheitsliebenden Anton begegnet, der unterwegs ist, um das Reisetagebuch eines geliebten Menschen zu vervollst\u00e4ndigen, bietet sich f\u00fcr Lana eine ungeahnte M\u00f6glichkeit: raus aus dem Alltag, rein ins Abenteuer. Zwischen Sonnenaufg\u00e4ngen, Lagerfeuern und heilsamen Momenten w\u00e4chst nicht nur Lanas Liebe zu Anton \u2013 sondern auch ihr Glaube an sich selbst.<\/p>\n<p>Doch als Lana schlie\u00dflich erf\u00e4hrt, wer Anton wirklich ist, steht sie vor einer Entscheidung, die ihr ganzes Leben ver\u00e4ndern wird \u2026<\/p>\n<p><strong>\u23f0 Timing\/Deadline:<\/strong><strong><br \/>\n<\/strong><\/p>\n<p>Bitte ver\u00f6ffentlicht eure Rezension&#8230;<\/p>\n<ul>\n<li>zuerst als Bewertung hier im Vorableser-Club (sobald ihr das Buch beendet habt)<\/li>\n<li>anschlie\u00dfend in Communities, Social Media und auf Verkaufsplattformen (z.B. Amazon)\n<ul>\n<li>fr\u00fchestens am V\u00d6-Tag (04.09.2025)<\/li>\n<li>sp\u00e4testens eine Woche nach V\u00d6 (11.09.2025)<\/li>\n<\/ul>\n<\/li>\n<\/ul>\n<p><!-- <strong>\ud83d\udcf8 Futter f\u00fcr eure Social Media Kan\u00e4le<\/strong>\nIn unserer Bildergalerie (siehe oben) haben wir verschiedene Promo-Grafiken (z.B. Schnipsel) bereitgestellt, die ihr gern auf euren Blogs und Social Media Kan\u00e4len teilen\/nutzen d\u00fcrft. Bedient euch! --><\/p>\n","protected":false},"excerpt":{"rendered":"<p><strong><em>Diese Vorablese-Aktion ist bereits beendet. Der Download des eBooks steht nicht mehr zur Verf\u00fcgung. Wenn du dich f\u00fcr den Titel interessierst,\u00a0<a href=\"https:\/\/www.amazon.de\/dp\/B0FHH8CCP4\/\">findest du ihn bei Amazon<\/a>.<\/em><\/strong><\/p>\n","protected":false},"featured_media":7258,"comment_status":"open","ping_status":"closed","template":"","meta":[],"product_cat":[17],"product_tag":[],"_links":{"self":[{"href":"https:\/\/www.feuerwerkeverlag.de\/vorableser\/wp-json\/wp\/v2\/product\/7257"}],"collection":[{"href":"https:\/\/www.feuerwerkeverlag.de\/vorableser\/wp-json\/wp\/v2\/product"}],"about":[{"href":"https:\/\/www.feuerwerkeverlag.de\/vorableser\/wp-json\/wp\/v2\/types\/product"}],"replies":[{"embeddable":true,"href":"https:\/\/www.feuerwerkeverlag.de\/vorableser\/wp-json\/wp\/v2\/comments?post=7257"}],"wp:featuredmedia":[{"embeddable":true,"href":"https:\/\/www.feuerwerkeverlag.de\/vorableser\/wp-json\/wp\/v2\/media\/7258"}],"wp:attachment":[{"href":"https:\/\/www.feuerwerkeverlag.de\/vorableser\/wp-json\/wp\/v2\/media?parent=7257"}],"wp:term":[{"taxonomy":"product_cat","embeddable":true,"href":"https:\/\/www.feuerwerkeverlag.de\/vorableser\/wp-json\/wp\/v2\/product_cat?post=7257"},{"taxonomy":"product_tag","embeddable":true,"href":"https:\/\/www.feuerwerkeverlag.de\/vorableser\/wp-json\/wp\/v2\/product_tag?post=7257"}],"curies":[{"name":"wp","href":"https:\/\/api.w.org\/{rel}","templated":true}]}}