{"id":7175,"date":"2025-07-23T07:38:24","date_gmt":"2025-07-23T07:38:24","guid":{"rendered":"https:\/\/www.feuerwerkeverlag.de\/vorableser\/?post_type=product&#038;p=7175"},"modified":"2025-10-12T08:37:23","modified_gmt":"2025-10-12T08:37:23","slug":"sonnenkuesse-im-licht-der-toskana","status":"publish","type":"product","link":"https:\/\/www.feuerwerkeverlag.de\/vorableser\/produkt\/sonnenkuesse-im-licht-der-toskana\/","title":{"rendered":"Sonnenk\u00fcsse im Licht der Toskana"},"content":{"rendered":"<p><strong>\ud83d\udcd6 Kurzinhalt:<br \/>\n<\/strong><\/p>\n<p>Als Carlotta erf\u00e4hrt, dass die ihr bisher bekannte Familiengeschichte nicht ganz der Wahrheit entspricht, reist sie in die Toskana, um der Sache auf den Grund zu gehen. Im wundersch\u00f6nen D\u00f6rfchen Camaiore will sie ihren leiblichen Gro\u00dfvater kennenlernen und endlich zur Ruhe kommen.<\/p>\n<p>Doch von Ruhe kann keine Rede sein: Ihr Gro\u00dfvater ist mit seiner neuen Rolle komplett \u00fcberfordert, der charmante Koch Agostino bringt ihr Herz aus dem Takt und auch ihre bisherige Lebensplanung steht pl\u00f6tzlich v\u00f6llig auf dem Kopf.<br \/>\nZwischen sommerlichen Olivenhainen, alten Familiengeheimnissen und einem ungeplanten Kochbuchprojekt beginnt Carlotta, sich schlie\u00dflich selbst neu zu entdecken und ihr Herz zu \u00f6ffnen.<\/p>\n<p><strong>\u23f0 Timing\/Deadline:<\/strong><strong><br \/>\n<\/strong><\/p>\n<p>Bitte ver\u00f6ffentlicht eure Rezension&#8230;<\/p>\n<ul>\n<li>zuerst als Bewertung hier im Vorableser-Club (sobald ihr das Buch beendet habt)<\/li>\n<li>anschlie\u00dfend in Communities, Social Media und auf Verkaufsplattformen (z.B. Amazon)\n<ul>\n<li>fr\u00fchestens am V\u00d6-Tag (28.08.2025)<\/li>\n<li>sp\u00e4testens eine Woche nach V\u00d6 (04.09.2025)<\/li>\n<\/ul>\n<\/li>\n<\/ul>\n<p><!-- <strong>\ud83d\udcf8 Futter f\u00fcr eure Social Media Kan\u00e4le<\/strong>\nIn unserer Bildergalerie (siehe oben) haben wir verschiedene Promo-Grafiken (z.B. Schnipsel) bereitgestellt, die ihr gern auf euren Blogs und Social Media Kan\u00e4len teilen\/nutzen d\u00fcrft. Bedient euch! --><\/p>\n","protected":false},"excerpt":{"rendered":"<p><strong><em>Diese Vorablese-Aktion ist bereits beendet. Der Download des eBooks steht nicht mehr zur Verf\u00fcgung. Wenn du dich f\u00fcr den Titel interessierst,\u00a0<a href=\"https:\/\/www.amazon.de\/dp\/B0FHH5PTY8\/\">findest du ihn bei Amazon<\/a>.<\/em><\/strong><\/p>\n","protected":false},"featured_media":7178,"comment_status":"open","ping_status":"closed","template":"","meta":[],"product_cat":[17],"product_tag":[],"_links":{"self":[{"href":"https:\/\/www.feuerwerkeverlag.de\/vorableser\/wp-json\/wp\/v2\/product\/7175"}],"collection":[{"href":"https:\/\/www.feuerwerkeverlag.de\/vorableser\/wp-json\/wp\/v2\/product"}],"about":[{"href":"https:\/\/www.feuerwerkeverlag.de\/vorableser\/wp-json\/wp\/v2\/types\/product"}],"replies":[{"embeddable":true,"href":"https:\/\/www.feuerwerkeverlag.de\/vorableser\/wp-json\/wp\/v2\/comments?post=7175"}],"wp:featuredmedia":[{"embeddable":true,"href":"https:\/\/www.feuerwerkeverlag.de\/vorableser\/wp-json\/wp\/v2\/media\/7178"}],"wp:attachment":[{"href":"https:\/\/www.feuerwerkeverlag.de\/vorableser\/wp-json\/wp\/v2\/media?parent=7175"}],"wp:term":[{"taxonomy":"product_cat","embeddable":true,"href":"https:\/\/www.feuerwerkeverlag.de\/vorableser\/wp-json\/wp\/v2\/product_cat?post=7175"},{"taxonomy":"product_tag","embeddable":true,"href":"https:\/\/www.feuerwerkeverlag.de\/vorableser\/wp-json\/wp\/v2\/product_tag?post=7175"}],"curies":[{"name":"wp","href":"https:\/\/api.w.org\/{rel}","templated":true}]}}