{"id":7120,"date":"2025-07-16T13:23:03","date_gmt":"2025-07-16T13:23:03","guid":{"rendered":"https:\/\/www.feuerwerkeverlag.de\/vorableser\/?post_type=product&#038;p=7120"},"modified":"2025-10-12T08:18:22","modified_gmt":"2025-10-12T08:18:22","slug":"schwedenrache","status":"publish","type":"product","link":"https:\/\/www.feuerwerkeverlag.de\/vorableser\/produkt\/schwedenrache\/","title":{"rendered":"SchwedenRache"},"content":{"rendered":"<p><strong>\ud83d\udcd6 Kurzinhalt:<br \/>\n<\/strong><\/p>\n<p>Sp\u00e4tsommer in S\u00fcdschweden: Eine junge Frau wird vor dem Astrid-Lindgren-Freizeitpark in Vimmerby tot aufgefunden. Wer hat die h\u00fcbsche und bei allen beliebte Imbissbesitzerin kaltbl\u00fctig mit einem Pfeil erschossen?<\/p>\n<p>Der Polizeichef der Stadt, Marten Henriksson, nimmt zusammen mit seiner Kollegin und Ex-Frau Lena Wallin die Ermittlungen auf. Eine erste Spur f\u00fchrt zum Kl\u00e4rwerk, mit dessen Gesch\u00e4ftsf\u00fchrung die Tote seit Wochen in einem erbitterten Streit lag. Doch reicht das als Mordmotiv?<\/p>\n<p>Der Fall erweist sich als schwierig. Keiner will etwas gewusst haben, und auch die Familiensituation des Opfers scheint alles andere als entspannt gewesen zu sein. Welche Rolle spielte die beste Freundin? Und wer war der Mann, mit dem die Tote zuletzt gesehen wurde?<\/p>\n<p>Als die Ermittler dem M\u00f6rder schlie\u00dflich auf die Spur kommen, geraten sie selbst in gr\u00f6\u00dfte Gefahr&#8230;<\/p>\n<p><strong>\u23f0 Timing\/Deadline:<\/strong><strong><br \/>\n<\/strong><\/p>\n<p>Bitte ver\u00f6ffentlicht eure Rezension&#8230;<\/p>\n<ul>\n<li>zuerst als Bewertung hier im Vorableser-Club (sobald ihr das Buch beendet habt)<\/li>\n<li>anschlie\u00dfend in Communities, Social Media und auf Verkaufsplattformen (z.B. Amazon)\n<ul>\n<li>fr\u00fchestens am V\u00d6-Tag (19.08.2025)<\/li>\n<li>sp\u00e4testens eine Woche nach V\u00d6 (26.08.2025)<\/li>\n<\/ul>\n<\/li>\n<\/ul>\n<p><!-- <strong>\ud83d\udcf8 Futter f\u00fcr eure Social Media Kan\u00e4le<\/strong>\nIn unserer Bildergalerie (siehe oben) haben wir verschiedene Promo-Grafiken (z.B. Schnipsel) bereitgestellt, die ihr gern auf euren Blogs und Social Media Kan\u00e4len teilen\/nutzen d\u00fcrft. Bedient euch! --><\/p>\n","protected":false},"excerpt":{"rendered":"<p><strong><em>Diese Vorablese-Aktion ist bereits beendet. Der Download des eBooks steht nicht mehr zur Verf\u00fcgung. Wenn du dich f\u00fcr den Titel interessierst,\u00a0<a href=\"https:\/\/www.amazon.de\/SchwedenRache-Schwedenkrimi-K%C3%BCstenkrimi-Nele-Bruun-ebook\/dp\/B0FG8BKSZ7\/ref=sr_1_1?crid=2A01ZB88FVAJJ&amp;dib=eyJ2IjoiMSJ9.-L50xbserVnkLGjIMiplyOo5Jtj5_Y3cEMEqy0IZggnU_biF3AGjkx2DkYnNwDEPndrOa_WkdRjEorDVmwqrJLVPlStCLUnWIkOkpvwLP-AyAl7FyjbycjaqTafngQWRLhMdayMAuTeaasZyMPHAgrHATQtp6SQHRcQxhvFIKLeg27e3srICtd1bPEoWiJmFRuKy1-foXLtewd6pRLAzSJnGyWbc9iMqiP6FMQcZiVg.1QOHjhEaKpbe8VJMXvTlivpS6tRzXcNI0e6b36sbLCI&amp;dib_tag=se&amp;keywords=schwedenrache&amp;qid=1755586238&amp;sprefix=schwedenrache%2Caps%2C123&amp;sr=8-1\">findest du ihn bei Amazon<\/a>.<\/em><\/strong><\/p>\n","protected":false},"featured_media":7121,"comment_status":"open","ping_status":"closed","template":"","meta":[],"product_cat":[22],"product_tag":[],"_links":{"self":[{"href":"https:\/\/www.feuerwerkeverlag.de\/vorableser\/wp-json\/wp\/v2\/product\/7120"}],"collection":[{"href":"https:\/\/www.feuerwerkeverlag.de\/vorableser\/wp-json\/wp\/v2\/product"}],"about":[{"href":"https:\/\/www.feuerwerkeverlag.de\/vorableser\/wp-json\/wp\/v2\/types\/product"}],"replies":[{"embeddable":true,"href":"https:\/\/www.feuerwerkeverlag.de\/vorableser\/wp-json\/wp\/v2\/comments?post=7120"}],"wp:featuredmedia":[{"embeddable":true,"href":"https:\/\/www.feuerwerkeverlag.de\/vorableser\/wp-json\/wp\/v2\/media\/7121"}],"wp:attachment":[{"href":"https:\/\/www.feuerwerkeverlag.de\/vorableser\/wp-json\/wp\/v2\/media?parent=7120"}],"wp:term":[{"taxonomy":"product_cat","embeddable":true,"href":"https:\/\/www.feuerwerkeverlag.de\/vorableser\/wp-json\/wp\/v2\/product_cat?post=7120"},{"taxonomy":"product_tag","embeddable":true,"href":"https:\/\/www.feuerwerkeverlag.de\/vorableser\/wp-json\/wp\/v2\/product_tag?post=7120"}],"curies":[{"name":"wp","href":"https:\/\/api.w.org\/{rel}","templated":true}]}}