{"id":6892,"date":"2025-06-02T08:42:50","date_gmt":"2025-06-02T08:42:50","guid":{"rendered":"https:\/\/www.feuerwerkeverlag.de\/vorableser\/?post_type=product&#038;p=6892"},"modified":"2025-08-03T10:08:03","modified_gmt":"2025-08-03T10:08:03","slug":"frieslandgier","status":"publish","type":"product","link":"https:\/\/www.feuerwerkeverlag.de\/vorableser\/produkt\/frieslandgier\/","title":{"rendered":"FriesLandGier"},"content":{"rendered":"<p><strong>\ud83d\udcd6 Kurzinhalt:<br \/>\n<\/strong><\/p>\n<p>Bekannt f\u00fcr seine Ruhe und Beschaulichkeit war Sylt noch nie. Doch als zwei kaltbl\u00fctige Morde die Insel ersch\u00fcttern, ist es mit der Idylle auf Deutschlands teuerster Sandbank endg\u00fcltig vorbei.<\/p>\n<p>Ein angesehener Arzt und eine bekannte Journalistin wurden in derselben Nacht durch einen gezielten Schuss in den Hinterkopf get\u00f6tet. Die Ermittler Carsten Wolf und Fabiu Covaci \u00fcbernehmen den Fall und tappen dabei zun\u00e4chst v\u00f6llig im Dunkeln, denn eine Verbindung zwischen den beiden Toten ist nicht auszumachen.<\/p>\n<p>Doch nach und nach f\u00fchrt die Spur in ein Netz aus Familiengeheimnissen, pers\u00f6nlichen Konflikten und unerwarteten Verstrickungen. Was haben die beiden Morde miteinander zu tun? Und wer hatte ein Motiv, die Opfer so unschicklich aus dem Weg zu r\u00e4umen?<\/p>\n<p><strong>\u23f0 Timing\/Deadline:<\/strong><strong><br \/>\n<\/strong><\/p>\n<p>Bitte ver\u00f6ffentlicht eure Rezension&#8230;<\/p>\n<ul>\n<li>zuerst als Bewertung hier im Vorableser-Club (sobald ihr das Buch beendet habt)<\/li>\n<li>anschlie\u00dfend in Communities, Social Media und auf Verkaufsplattformen (z.B. Amazon)\n<ul>\n<li>fr\u00fchestens am V\u00d6-Tag (08.07.2025)<\/li>\n<li>sp\u00e4testens eine Woche nach V\u00d6 (15.07.2025)<\/li>\n<\/ul>\n<\/li>\n<\/ul>\n<p><!-- <strong>\ud83d\udcf8 Futter f\u00fcr eure Social Media Kan\u00e4le<\/strong>\nIn unserer Bildergalerie (siehe oben) haben wir verschiedene Promo-Grafiken (z.B. Schnipsel) bereitgestellt, die ihr gern auf euren Blogs und Social Media Kan\u00e4len teilen\/nutzen d\u00fcrft. Bedient euch! --><\/p>\n","protected":false},"excerpt":{"rendered":"<p><strong><em>Diese Vorablese-Aktion ist bereits beendet. Der Download des eBooks steht nicht mehr zur Verf\u00fcgung. Wenn du dich f\u00fcr den Titel interessierst,\u00a0<a href=\"https:\/\/www.amazon.de\/FriesLandGier-Nordseekrimi-K%C3%BCstenkrimi-Nele-Bruun-ebook\/dp\/B0F9YY169S\">findest du ihn bei Amazon<\/a>.<\/em><\/strong><\/p>\n","protected":false},"featured_media":6893,"comment_status":"open","ping_status":"closed","template":"","meta":[],"product_cat":[22],"product_tag":[],"_links":{"self":[{"href":"https:\/\/www.feuerwerkeverlag.de\/vorableser\/wp-json\/wp\/v2\/product\/6892"}],"collection":[{"href":"https:\/\/www.feuerwerkeverlag.de\/vorableser\/wp-json\/wp\/v2\/product"}],"about":[{"href":"https:\/\/www.feuerwerkeverlag.de\/vorableser\/wp-json\/wp\/v2\/types\/product"}],"replies":[{"embeddable":true,"href":"https:\/\/www.feuerwerkeverlag.de\/vorableser\/wp-json\/wp\/v2\/comments?post=6892"}],"wp:featuredmedia":[{"embeddable":true,"href":"https:\/\/www.feuerwerkeverlag.de\/vorableser\/wp-json\/wp\/v2\/media\/6893"}],"wp:attachment":[{"href":"https:\/\/www.feuerwerkeverlag.de\/vorableser\/wp-json\/wp\/v2\/media?parent=6892"}],"wp:term":[{"taxonomy":"product_cat","embeddable":true,"href":"https:\/\/www.feuerwerkeverlag.de\/vorableser\/wp-json\/wp\/v2\/product_cat?post=6892"},{"taxonomy":"product_tag","embeddable":true,"href":"https:\/\/www.feuerwerkeverlag.de\/vorableser\/wp-json\/wp\/v2\/product_tag?post=6892"}],"curies":[{"name":"wp","href":"https:\/\/api.w.org\/{rel}","templated":true}]}}