{"id":6810,"date":"2025-05-21T09:54:04","date_gmt":"2025-05-21T09:54:04","guid":{"rendered":"https:\/\/www.feuerwerkeverlag.de\/vorableser\/?post_type=product&#038;p=6810"},"modified":"2025-08-05T06:58:26","modified_gmt":"2025-08-05T06:58:26","slug":"die-villa-am-see","status":"publish","type":"product","link":"https:\/\/www.feuerwerkeverlag.de\/vorableser\/produkt\/die-villa-am-see\/","title":{"rendered":"Die Villa am See"},"content":{"rendered":"<p><strong>\ud83d\udcd6 Kurzinhalt:<br \/>\n<\/strong><\/p>\n<p>Als Jessie in einer alten Villa mitten im Wald aufwacht, kann sie sich an nichts aus ihrer Vergangenheit erinnern. Nicht an sich selbst, nicht an den Autounfall, der sie beinahe das Leben gekostet h\u00e4tte, und nicht an ihren Verlobten David, der mit ihr zusammen um ihre Erinnerungen und um ihr altes Leben k\u00e4mpft. Auch die Haush\u00e4lterin und der G\u00e4rtner geben Jessie weitere R\u00e4tsel auf, und sie f\u00fchlt sich zunehmend unwohl.<\/p>\n<p>Als dann endlich ihr altes Ich St\u00fcck f\u00fcr St\u00fcck aus dem Sumpf des Vergessens zur\u00fcckkehrt, w\u00fcnscht sie sich jedoch, sie k\u00f6nnte die Erinnerungen erneut und diesmal f\u00fcr immer ausl\u00f6schen. Denn was Jessie entdeckt, ist eine Frau, die ihr mehr Angst macht als all die anderen, furchteinfl\u00f6\u00dfenden Begebenheiten in der Villa am See\u2026<\/p>\n<p><strong>\u23f0 Timing\/Deadline:<\/strong><strong><br \/>\n<\/strong><\/p>\n<p>Bitte ver\u00f6ffentlicht eure Rezension&#8230;<\/p>\n<ul>\n<li>zuerst als Bewertung hier im Vorableser-Club (sobald ihr das Buch beendet habt)<\/li>\n<li>anschlie\u00dfend in Communities, Social Media und auf Verkaufsplattformen (z.B. Amazon)\n<ul>\n<li>fr\u00fchestens am V\u00d6-Tag (01.07.2025)<\/li>\n<li>sp\u00e4testens eine Woche nach V\u00d6 (08.07.2025)<\/li>\n<\/ul>\n<\/li>\n<\/ul>\n<p><!-- <strong>\ud83d\udcf8 Futter f\u00fcr eure Social Media Kan\u00e4le<\/strong>\nIn unserer Bildergalerie (siehe oben) haben wir verschiedene Promo-Grafiken (z.B. Schnipsel) bereitgestellt, die ihr gern auf euren Blogs und Social Media Kan\u00e4len teilen\/nutzen d\u00fcrft. Bedient euch! --><\/p>\n","protected":false},"excerpt":{"rendered":"<p><strong><em>Diese Vorablese-Aktion ist bereits beendet. Der Download des eBooks steht nicht mehr zur Verf\u00fcgung. Wenn du dich f\u00fcr den Titel interessierst,\u00a0<a href=\"https:\/\/www.amazon.de\/Die-Villa-am-See-Psychothriller-ebook\/dp\/B0F8VL4J8X\">findest du ihn bei Amazon<\/a>.<\/em><\/strong><\/p>\n","protected":false},"featured_media":6811,"comment_status":"open","ping_status":"closed","template":"","meta":[],"product_cat":[22],"product_tag":[],"_links":{"self":[{"href":"https:\/\/www.feuerwerkeverlag.de\/vorableser\/wp-json\/wp\/v2\/product\/6810"}],"collection":[{"href":"https:\/\/www.feuerwerkeverlag.de\/vorableser\/wp-json\/wp\/v2\/product"}],"about":[{"href":"https:\/\/www.feuerwerkeverlag.de\/vorableser\/wp-json\/wp\/v2\/types\/product"}],"replies":[{"embeddable":true,"href":"https:\/\/www.feuerwerkeverlag.de\/vorableser\/wp-json\/wp\/v2\/comments?post=6810"}],"wp:featuredmedia":[{"embeddable":true,"href":"https:\/\/www.feuerwerkeverlag.de\/vorableser\/wp-json\/wp\/v2\/media\/6811"}],"wp:attachment":[{"href":"https:\/\/www.feuerwerkeverlag.de\/vorableser\/wp-json\/wp\/v2\/media?parent=6810"}],"wp:term":[{"taxonomy":"product_cat","embeddable":true,"href":"https:\/\/www.feuerwerkeverlag.de\/vorableser\/wp-json\/wp\/v2\/product_cat?post=6810"},{"taxonomy":"product_tag","embeddable":true,"href":"https:\/\/www.feuerwerkeverlag.de\/vorableser\/wp-json\/wp\/v2\/product_tag?post=6810"}],"curies":[{"name":"wp","href":"https:\/\/api.w.org\/{rel}","templated":true}]}}