{"id":6743,"date":"2025-05-08T09:30:17","date_gmt":"2025-05-08T09:30:17","guid":{"rendered":"https:\/\/www.feuerwerkeverlag.de\/vorableser\/?post_type=product&#038;p=6743"},"modified":"2025-08-27T11:44:08","modified_gmt":"2025-08-27T11:44:08","slug":"blutleere-maedchen","status":"publish","type":"product","link":"https:\/\/www.feuerwerkeverlag.de\/vorableser\/produkt\/blutleere-maedchen\/","title":{"rendered":"Blutleere M\u00e4dchen"},"content":{"rendered":"<p><strong>\ud83d\udcd6 Kurzinhalt:<br \/>\n<\/strong><\/p>\n<p>In einer K\u00f6lner Galerie wird die ausgeblutete Leiche einer jungen Frau entdeckt, inszeniert wie das weltber\u00fchmte Gem\u00e4lde\u00a0<em>Der Schrei<\/em>. Die Ermittler Kat Winkler und Sebastian Fischer \u00fcbernehmen den Fall.<\/p>\n<p>Nur wenige Tage sp\u00e4ter wird in einer anderen Galerie eine weitere Frau tot aufgefunden. Auch dieses Mal wurde sie wie ein ber\u00fchmtes Kunstwerk in Szene gesetzt. Der Verdacht liegt nahe: Ein Serienm\u00f6rder ist am Werk, der seine blutleeren Opfer k\u00fcnstlerisch zur Schau stellt.<\/p>\n<p>Als eine dritte Inszenierung angek\u00fcndigt wird, beginnt ein Wettlauf gegen die Zeit. Denn das Opfer ist bereits gew\u00e4hlt und diesmal wird es f\u00fcr die Ermittler pers\u00f6nlich\u2026<\/p>\n<p><strong>\u23f0 Timing\/Deadline:<\/strong><strong><br \/>\n<\/strong><\/p>\n<p>Bitte ver\u00f6ffentlicht eure Rezension&#8230;<\/p>\n<ul>\n<li>zuerst als Bewertung hier im Vorableser-Club (sobald ihr das Buch beendet habt)<\/li>\n<li>anschlie\u00dfend in Communities, Social Media und auf Verkaufsplattformen (z.B. Amazon)\n<ul>\n<li>fr\u00fchestens am V\u00d6-Tag (12.06.2025)<\/li>\n<li>sp\u00e4testens eine Woche nach V\u00d6 (19.06.2025)<\/li>\n<\/ul>\n<\/li>\n<\/ul>\n<p><!-- <strong>\ud83d\udcf8 Futter f\u00fcr eure Social Media Kan\u00e4le<\/strong>\nIn unserer Bildergalerie (siehe oben) haben wir verschiedene Promo-Grafiken (z.B. Schnipsel) bereitgestellt, die ihr gern auf euren Blogs und Social Media Kan\u00e4len teilen\/nutzen d\u00fcrft. Bedient euch! --><\/p>\n","protected":false},"excerpt":{"rendered":"<p><strong><em>Diese Vorablese-Aktion ist bereits beendet. Der Download des eBooks steht nicht mehr zur Verf\u00fcgung. Wenn du dich f\u00fcr den Titel interessierst,\u00a0<a href=\"https:\/\/www.amazon.de\/Blutleere-M%C3%A4dchen-Thriller-Gunnar-Schwarz-ebook\/dp\/B0F8VKWK3Z\">findest du ihn bei Amazon<\/a>.<\/em><\/strong><\/p>\n","protected":false},"featured_media":6744,"comment_status":"open","ping_status":"closed","template":"","meta":[],"product_cat":[22],"product_tag":[],"_links":{"self":[{"href":"https:\/\/www.feuerwerkeverlag.de\/vorableser\/wp-json\/wp\/v2\/product\/6743"}],"collection":[{"href":"https:\/\/www.feuerwerkeverlag.de\/vorableser\/wp-json\/wp\/v2\/product"}],"about":[{"href":"https:\/\/www.feuerwerkeverlag.de\/vorableser\/wp-json\/wp\/v2\/types\/product"}],"replies":[{"embeddable":true,"href":"https:\/\/www.feuerwerkeverlag.de\/vorableser\/wp-json\/wp\/v2\/comments?post=6743"}],"wp:featuredmedia":[{"embeddable":true,"href":"https:\/\/www.feuerwerkeverlag.de\/vorableser\/wp-json\/wp\/v2\/media\/6744"}],"wp:attachment":[{"href":"https:\/\/www.feuerwerkeverlag.de\/vorableser\/wp-json\/wp\/v2\/media?parent=6743"}],"wp:term":[{"taxonomy":"product_cat","embeddable":true,"href":"https:\/\/www.feuerwerkeverlag.de\/vorableser\/wp-json\/wp\/v2\/product_cat?post=6743"},{"taxonomy":"product_tag","embeddable":true,"href":"https:\/\/www.feuerwerkeverlag.de\/vorableser\/wp-json\/wp\/v2\/product_tag?post=6743"}],"curies":[{"name":"wp","href":"https:\/\/api.w.org\/{rel}","templated":true}]}}