{"id":6681,"date":"2025-05-02T09:26:51","date_gmt":"2025-05-02T09:26:51","guid":{"rendered":"https:\/\/www.feuerwerkeverlag.de\/vorableser\/?post_type=product&#038;p=6681"},"modified":"2025-07-15T14:03:29","modified_gmt":"2025-07-15T14:03:29","slug":"immer-wenn-die-wellen-fluestern","status":"publish","type":"product","link":"https:\/\/www.feuerwerkeverlag.de\/vorableser\/produkt\/immer-wenn-die-wellen-fluestern\/","title":{"rendered":"Immer wenn die Wellen fl\u00fcstern"},"content":{"rendered":"<p><strong>\ud83d\udcd6 Kurzinhalt:<br \/>\n<\/strong><\/p>\n<p>Anna ist Architektin. F\u00fcr ein geplantes Hotelprojekt reist sie f\u00fcr einige Wochen nach R\u00fcgen. Eigentlich passt ihr das so gar nicht in den Kram, denn sie hat zuhause in Hamburg ganz andere Pl\u00e4ne, und au\u00dferdem verbindet sie mit R\u00fcgen nicht nur Gutes\u2026<\/p>\n<p>Skeptisch tritt sie die Dienstreise an und macht sich sofort an die Arbeit. Doch das ist leichter gesagt als getan, denn der Hotelbau ist auf der Insel umstritten. Insbesondere eine Gruppe von Natur- und Tiersch\u00fctzern versucht, das Projekt zu verhindern, darunter auch Philipp, der mit seinem Hund auf einem bezaubernden alten Hof lebt.<\/p>\n<p>Trotz aller inneren und \u00e4u\u00dferen Widerst\u00e4nde f\u00fchlt Anna sich auf R\u00fcgen von Tag zu Tag wohler. Und auch Philipp l\u00e4sst ihr Herz schneller schlagen \u2013 schneller als ihr eigentlich lieb ist. Denn Liebe hatte Anna so gar nicht auf dem Zettel\u2026<\/p>\n<p><strong>\u23f0 Timing\/Deadline:<\/strong><strong><br \/>\n<\/strong><\/p>\n<p>Bitte ver\u00f6ffentlicht eure Rezension&#8230;<\/p>\n<ul>\n<li>zuerst als Bewertung hier im Vorableser-Club (sobald ihr das Buch beendet habt)<\/li>\n<li>anschlie\u00dfend in Communities, Social Media und auf Verkaufsplattformen (z.B. Amazon)\n<ul>\n<li>fr\u00fchestens am V\u00d6-Tag (03.06.2025)<\/li>\n<li>sp\u00e4testens eine Woche nach V\u00d6 (10.06.2025)<\/li>\n<\/ul>\n<\/li>\n<\/ul>\n<p><!-- <strong>\ud83d\udcf8 Futter f\u00fcr eure Social Media Kan\u00e4le<\/strong>\nIn unserer Bildergalerie (siehe oben) haben wir verschiedene Promo-Grafiken (z.B. Schnipsel) bereitgestellt, die ihr gern auf euren Blogs und Social Media Kan\u00e4len teilen\/nutzen d\u00fcrft. Bedient euch! --><\/p>\n","protected":false},"excerpt":{"rendered":"<p><strong><em>Diese Vorablese-Aktion ist bereits beendet. Der Download des eBooks steht nicht mehr zur Verf\u00fcgung. Wenn du dich f\u00fcr den Titel interessierst,\u00a0<a href=\"https:\/\/www.amazon.de\/Immer-wenn-Wellen-fl%C3%BCstern-R%C3%BCgen-ebook\/dp\/B0F6N6TWFQ\">findest du ihn bei Amazon<\/a>.<\/em><\/strong><\/p>\n","protected":false},"featured_media":6682,"comment_status":"open","ping_status":"closed","template":"","meta":[],"product_cat":[17],"product_tag":[],"_links":{"self":[{"href":"https:\/\/www.feuerwerkeverlag.de\/vorableser\/wp-json\/wp\/v2\/product\/6681"}],"collection":[{"href":"https:\/\/www.feuerwerkeverlag.de\/vorableser\/wp-json\/wp\/v2\/product"}],"about":[{"href":"https:\/\/www.feuerwerkeverlag.de\/vorableser\/wp-json\/wp\/v2\/types\/product"}],"replies":[{"embeddable":true,"href":"https:\/\/www.feuerwerkeverlag.de\/vorableser\/wp-json\/wp\/v2\/comments?post=6681"}],"wp:featuredmedia":[{"embeddable":true,"href":"https:\/\/www.feuerwerkeverlag.de\/vorableser\/wp-json\/wp\/v2\/media\/6682"}],"wp:attachment":[{"href":"https:\/\/www.feuerwerkeverlag.de\/vorableser\/wp-json\/wp\/v2\/media?parent=6681"}],"wp:term":[{"taxonomy":"product_cat","embeddable":true,"href":"https:\/\/www.feuerwerkeverlag.de\/vorableser\/wp-json\/wp\/v2\/product_cat?post=6681"},{"taxonomy":"product_tag","embeddable":true,"href":"https:\/\/www.feuerwerkeverlag.de\/vorableser\/wp-json\/wp\/v2\/product_tag?post=6681"}],"curies":[{"name":"wp","href":"https:\/\/api.w.org\/{rel}","templated":true}]}}