{"id":6627,"date":"2025-04-24T06:42:07","date_gmt":"2025-04-24T06:42:07","guid":{"rendered":"https:\/\/www.feuerwerkeverlag.de\/vorableser\/?post_type=product&#038;p=6627"},"modified":"2025-08-27T11:58:07","modified_gmt":"2025-08-27T11:58:07","slug":"tote-lippen-luegen-nicht","status":"publish","type":"product","link":"https:\/\/www.feuerwerkeverlag.de\/vorableser\/produkt\/tote-lippen-luegen-nicht\/","title":{"rendered":"Tote Lippen l\u00fcgen nicht"},"content":{"rendered":"<p><strong>\ud83d\udcd6 Kurzinhalt:<br \/>\n<\/strong><\/p>\n<p>Als eine brutal zugerichtete Leiche im Wald gefunden wird, stockt Kriminalermittlerin Stella Meislow der Atem: Das Opfer gleicht bis ins Detail ihrer vor 30 Jahren ermordeten Mutter \u2013 dieselben Stichwunden, derselbe Fundort, dieselben Gesichtsz\u00fcge und derselbe Lippenstift. Ist der M\u00f6rder, der damals nicht gefasst werden konnte, zur\u00fcck? Oder treibt ein gef\u00e4hrlicher Nachahmer sein Spiel?<\/p>\n<p>Zusammen mit ihrer Kollegin Charlotte Bekker folgt Stella einer Spur voller Schatten und Abgr\u00fcnde. Und je tiefer sie gr\u00e4bt, desto deutlicher wird, dass der T\u00e4ter eine \u00fcberaus pers\u00f6nliche Mission verfolgt. Und diese scheint direkt zu Stella selbst zu f\u00fchren\u2026<\/p>\n<p><strong>\u23f0 Timing\/Deadline:<\/strong><strong><br \/>\n<\/strong><\/p>\n<p>Bitte ver\u00f6ffentlicht eure Rezension&#8230;<\/p>\n<ul>\n<li>zuerst als Bewertung hier im Vorableser-Club (sobald ihr das Buch beendet habt)<\/li>\n<li>anschlie\u00dfend in Communities, Social Media und auf Verkaufsplattformen (z.B. Amazon)\n<ul>\n<li>fr\u00fchestens am V\u00d6-Tag (27.05.2025)<\/li>\n<li>sp\u00e4testens eine Woche nach V\u00d6 (03.06.2025)<\/li>\n<\/ul>\n<\/li>\n<\/ul>\n<p><!-- <strong>\ud83d\udcf8 Futter f\u00fcr eure Social Media Kan\u00e4le<\/strong>\nIn unserer Bildergalerie (siehe oben) haben wir verschiedene Promo-Grafiken (z.B. Schnipsel) bereitgestellt, die ihr gern auf euren Blogs und Social Media Kan\u00e4len teilen\/nutzen d\u00fcrft. Bedient euch! --><\/p>\n","protected":false},"excerpt":{"rendered":"<p><strong><em>Diese Vorablese-Aktion ist bereits beendet. Der Download des eBooks steht nicht mehr zur Verf\u00fcgung. Wenn du dich f\u00fcr den Titel interessierst,\u00a0<a href=\"https:\/\/www.amazon.de\/Tote-Lippen-l%C3%BCgen-nicht-Thriller-ebook\/dp\/B0F5B618RW\/ref=tmm_kin_swatch_0\">findest du ihn bei Amazon<\/a>.<\/em><\/strong><\/p>\n","protected":false},"featured_media":6629,"comment_status":"open","ping_status":"closed","template":"","meta":[],"product_cat":[22],"product_tag":[],"_links":{"self":[{"href":"https:\/\/www.feuerwerkeverlag.de\/vorableser\/wp-json\/wp\/v2\/product\/6627"}],"collection":[{"href":"https:\/\/www.feuerwerkeverlag.de\/vorableser\/wp-json\/wp\/v2\/product"}],"about":[{"href":"https:\/\/www.feuerwerkeverlag.de\/vorableser\/wp-json\/wp\/v2\/types\/product"}],"replies":[{"embeddable":true,"href":"https:\/\/www.feuerwerkeverlag.de\/vorableser\/wp-json\/wp\/v2\/comments?post=6627"}],"wp:featuredmedia":[{"embeddable":true,"href":"https:\/\/www.feuerwerkeverlag.de\/vorableser\/wp-json\/wp\/v2\/media\/6629"}],"wp:attachment":[{"href":"https:\/\/www.feuerwerkeverlag.de\/vorableser\/wp-json\/wp\/v2\/media?parent=6627"}],"wp:term":[{"taxonomy":"product_cat","embeddable":true,"href":"https:\/\/www.feuerwerkeverlag.de\/vorableser\/wp-json\/wp\/v2\/product_cat?post=6627"},{"taxonomy":"product_tag","embeddable":true,"href":"https:\/\/www.feuerwerkeverlag.de\/vorableser\/wp-json\/wp\/v2\/product_tag?post=6627"}],"curies":[{"name":"wp","href":"https:\/\/api.w.org\/{rel}","templated":true}]}}