{"id":6566,"date":"2025-04-14T13:17:45","date_gmt":"2025-04-14T13:17:45","guid":{"rendered":"https:\/\/www.feuerwerkeverlag.de\/vorableser\/?post_type=product&#038;p=6566"},"modified":"2025-06-12T07:29:20","modified_gmt":"2025-06-12T07:29:20","slug":"windiges-grab","status":"publish","type":"product","link":"https:\/\/www.feuerwerkeverlag.de\/vorableser\/produkt\/windiges-grab\/","title":{"rendered":"Windiges Grab"},"content":{"rendered":"<p><strong>\ud83d\udcd6 Kurzinhalt:<br \/>\n<\/strong><\/p>\n<p>Auf dem Leuchtturm\u00a0<span class=\"a-text-italic\">Falsh\u00f6ft<\/span>\u00a0an der Flensburger F\u00f6rde wird die Leiche des Standesbeamten Ole Hansen gefunden. Eine Katastrophe, denn Hansen sollte just an diesem Tag ein Hochzeitspaar verm\u00e4hlen \u2013 die Braut aus reichem Hause. Auch sonst steht die Polizei vor einem gro\u00dfen R\u00e4tsel, denn Feinde scheint Ole Hansen keine gehabt zu haben. Daf\u00fcr aber gro\u00dfes Interesse an dem geschichtstr\u00e4chtigen Geb\u00e4ude, in dem er hinterr\u00fccks erschossen wurde.<\/p>\n<p>Die Kriminalhauptkommissare Birte Lohse und Rainer Speckmann \u00fcbernehmen die Ermittlungen. Dabei m\u00fcssen sie nicht nur in die schier \u00fcbergro\u00dfen Fu\u00dfstapfen ihrer Vorg\u00e4nger treten, sondern auch einen Fall l\u00f6sen, dessen Verwicklungen tief in die d\u00fcstere Vergangenheit des Leuchtturms f\u00fchren.<\/p>\n<p><strong>\u23f0 Timing\/Deadline:<\/strong><strong><br \/>\n<\/strong><\/p>\n<p>Bitte ver\u00f6ffentlicht eure Rezension&#8230;<\/p>\n<ul>\n<li>zuerst als Bewertung hier im Vorableser-Club (sobald ihr das Buch beendet habt)<\/li>\n<li>anschlie\u00dfend in Communities, Social Media und auf Verkaufsplattformen (z.B. Amazon)\n<ul>\n<li>fr\u00fchestens am V\u00d6-Tag (15.05.2025)<\/li>\n<li>sp\u00e4testens eine Woche nach V\u00d6 (22.05.2025)<\/li>\n<\/ul>\n<\/li>\n<\/ul>\n<p><!-- <strong>\ud83d\udcf8 Futter f\u00fcr eure Social Media Kan\u00e4le<\/strong>\nIn unserer Bildergalerie (siehe oben) haben wir verschiedene Promo-Grafiken (z.B. Schnipsel) bereitgestellt, die ihr gern auf euren Blogs und Social Media Kan\u00e4len teilen\/nutzen d\u00fcrft. Bedient euch! --><\/p>\n","protected":false},"excerpt":{"rendered":"<p><strong><em>Diese Vorablese-Aktion ist bereits beendet. Der Download des eBooks steht nicht mehr zur Verf\u00fcgung. Wenn du dich f\u00fcr den Titel interessierst,\u00a0<a href=\"https:\/\/www.amazon.de\/Windiges-Grab-Zwischen-Mord-Ostsee-ebook\/dp\/B0F295ZG64\">findest du ihn bei Amazon<\/a>.<\/em><\/strong><\/p>\n","protected":false},"featured_media":6567,"comment_status":"open","ping_status":"closed","template":"","meta":[],"product_cat":[22],"product_tag":[],"_links":{"self":[{"href":"https:\/\/www.feuerwerkeverlag.de\/vorableser\/wp-json\/wp\/v2\/product\/6566"}],"collection":[{"href":"https:\/\/www.feuerwerkeverlag.de\/vorableser\/wp-json\/wp\/v2\/product"}],"about":[{"href":"https:\/\/www.feuerwerkeverlag.de\/vorableser\/wp-json\/wp\/v2\/types\/product"}],"replies":[{"embeddable":true,"href":"https:\/\/www.feuerwerkeverlag.de\/vorableser\/wp-json\/wp\/v2\/comments?post=6566"}],"wp:featuredmedia":[{"embeddable":true,"href":"https:\/\/www.feuerwerkeverlag.de\/vorableser\/wp-json\/wp\/v2\/media\/6567"}],"wp:attachment":[{"href":"https:\/\/www.feuerwerkeverlag.de\/vorableser\/wp-json\/wp\/v2\/media?parent=6566"}],"wp:term":[{"taxonomy":"product_cat","embeddable":true,"href":"https:\/\/www.feuerwerkeverlag.de\/vorableser\/wp-json\/wp\/v2\/product_cat?post=6566"},{"taxonomy":"product_tag","embeddable":true,"href":"https:\/\/www.feuerwerkeverlag.de\/vorableser\/wp-json\/wp\/v2\/product_tag?post=6566"}],"curies":[{"name":"wp","href":"https:\/\/api.w.org\/{rel}","templated":true}]}}