{"id":6487,"date":"2025-03-27T09:43:16","date_gmt":"2025-03-27T09:43:16","guid":{"rendered":"https:\/\/www.feuerwerkeverlag.de\/vorableser\/?post_type=product&#038;p=6487"},"modified":"2025-05-28T14:19:52","modified_gmt":"2025-05-28T14:19:52","slug":"nur-ein-augenblick-voll-glueck","status":"publish","type":"product","link":"https:\/\/www.feuerwerkeverlag.de\/vorableser\/produkt\/nur-ein-augenblick-voll-glueck\/","title":{"rendered":"Nur ein Augenblick voll Gl\u00fcck"},"content":{"rendered":"<p><strong>\ud83d\udcd6 Kurzinhalt:<br \/>\n<\/strong><\/p>\n<p>Nach einem Unfall kann sich Nina an nichts mehr erinnern \u2013 die letzten Jahre ihres Lebens sind ein einziges gro\u00dfes Fragezeichen. Selbst Leon, ihr Ehemann, erscheint ihr wie ein Fremder.<\/p>\n<p>Doch Leon gibt nicht auf. Mit unendlicher Geduld und liebevoller Zuneigung hilft er ihr, die Bruchst\u00fccke ihrer gemeinsamen Geschichte wieder zusammenzuf\u00fcgen. Und w\u00e4hrend Nina und Leon sich neu kennenlernen, sp\u00fcrt Nina, wie eine zarte Verbindung zwischen ihnen entsteht.<\/p>\n<p>Aber ein Gef\u00fchl von Unsicherheit ist immer noch da \u2013 irgendetwas scheint zwischen ihnen zu stehen. Und als dies dann endlich zur Sprache kommt, wird alles, was sie behutsam neu aufgebaut haben, wieder auf die Probe gestellt.<\/p>\n<p>K\u00f6nnen Nina und Leon die Hindernisse f\u00fcr einen gemeinsamen Neuanfang \u00fcberwinden? Oder m\u00fcssen sie loslassen und ihren eigenen Weg finden?<\/p>\n<p><strong>\u23f0 Timing\/Deadline:<\/strong><strong><br \/>\n<\/strong><\/p>\n<p>Bitte ver\u00f6ffentlicht eure Rezension&#8230;<\/p>\n<ul>\n<li>zuerst als Bewertung hier im Vorableser-Club (sobald ihr das Buch beendet habt)<\/li>\n<li>anschlie\u00dfend in Communities, Social Media und auf Verkaufsplattformen (z.B. Amazon)\n<ul>\n<li>fr\u00fchestens am V\u00d6-Tag (29.04.2025)<\/li>\n<li>sp\u00e4testens eine Woche nach V\u00d6 (06.05.2025)<\/li>\n<\/ul>\n<\/li>\n<\/ul>\n<p><!-- <strong>\ud83d\udcf8 Futter f\u00fcr eure Social Media Kan\u00e4le<\/strong>\nIn unserer Bildergalerie (siehe oben) haben wir verschiedene Promo-Grafiken (z.B. Schnipsel) bereitgestellt, die ihr gern auf euren Blogs und Social Media Kan\u00e4len teilen\/nutzen d\u00fcrft. Bedient euch! --><\/p>\n","protected":false},"excerpt":{"rendered":"<p><strong><em>Diese Vorablese-Aktion ist bereits beendet. Der Download des eBooks steht nicht mehr zur Verf\u00fcgung. Wenn du dich f\u00fcr den Titel interessierst,\u00a0<a href=\"https:\/\/www.amazon.de\/Nur-Augenblick-voll-Gl%C3%BCck-Liebesroman-ebook\/dp\/B0F294SK7Y\">findest du ihn bei Amazon<\/a>.<\/em><\/strong><\/p>\n","protected":false},"featured_media":6488,"comment_status":"open","ping_status":"closed","template":"","meta":[],"product_cat":[17],"product_tag":[],"_links":{"self":[{"href":"https:\/\/www.feuerwerkeverlag.de\/vorableser\/wp-json\/wp\/v2\/product\/6487"}],"collection":[{"href":"https:\/\/www.feuerwerkeverlag.de\/vorableser\/wp-json\/wp\/v2\/product"}],"about":[{"href":"https:\/\/www.feuerwerkeverlag.de\/vorableser\/wp-json\/wp\/v2\/types\/product"}],"replies":[{"embeddable":true,"href":"https:\/\/www.feuerwerkeverlag.de\/vorableser\/wp-json\/wp\/v2\/comments?post=6487"}],"wp:featuredmedia":[{"embeddable":true,"href":"https:\/\/www.feuerwerkeverlag.de\/vorableser\/wp-json\/wp\/v2\/media\/6488"}],"wp:attachment":[{"href":"https:\/\/www.feuerwerkeverlag.de\/vorableser\/wp-json\/wp\/v2\/media?parent=6487"}],"wp:term":[{"taxonomy":"product_cat","embeddable":true,"href":"https:\/\/www.feuerwerkeverlag.de\/vorableser\/wp-json\/wp\/v2\/product_cat?post=6487"},{"taxonomy":"product_tag","embeddable":true,"href":"https:\/\/www.feuerwerkeverlag.de\/vorableser\/wp-json\/wp\/v2\/product_tag?post=6487"}],"curies":[{"name":"wp","href":"https:\/\/api.w.org\/{rel}","templated":true}]}}