{"id":6398,"date":"2025-03-14T08:18:48","date_gmt":"2025-03-14T08:18:48","guid":{"rendered":"https:\/\/www.feuerwerkeverlag.de\/vorableser\/?post_type=product&#038;p=6398"},"modified":"2025-08-29T17:53:23","modified_gmt":"2025-08-29T17:53:23","slug":"einmal-crepes-mit-liebe-bitte","status":"publish","type":"product","link":"https:\/\/www.feuerwerkeverlag.de\/vorableser\/produkt\/einmal-crepes-mit-liebe-bitte\/","title":{"rendered":"Einmal Crepes mit Liebe, bitte!"},"content":{"rendered":"<p><strong>\ud83d\udcd6 Kurzinhalt:<br \/>\n<\/strong><\/p>\n<p>So hat sich Isabell ihren Urlaub in der Bretagne eigentlich nicht vorgestellt. Denn nachdem ihr Freund Robert sie kurz vor der Abreise hat sitzen lassen, findet sie sich im schnuckeligen franz\u00f6sischen Ferienh\u00e4uschen allein wieder. Sie will das Beste daraus machen, um im wundersch\u00f6nen Norden Frankreichs wieder zur Ruhe zu kommen und im besten Fall auch eine neue berufliche Perspektive zu finden.<\/p>\n<p>Als sich ihre Tr\u00e4ume langsam zu erf\u00fcllen beginnen und sie dann auch noch den ebenso charmanten wie gutaussehenden Cr\u00eaperie-Besitzer Olivier kennenlernt, scheint das Gl\u00fcck wieder auf ihrer Seite zu sein. Doch als Olivier nach und nach immer zur\u00fcckhaltender wird, steht f\u00fcr Isabell pl\u00f6tzlich wieder alles auf dem Spiel. Gibt es in der Bretagne wirklich eine Zukunft f\u00fcr Isabell und die Liebe?<\/p>\n<p><strong>\u23f0 Timing\/Deadline:<\/strong><strong><br \/>\n<\/strong><\/p>\n<p>Bitte ver\u00f6ffentlicht eure Rezension&#8230;<\/p>\n<ul>\n<li>zuerst als Bewertung hier im Vorableser-Club (sobald ihr das Buch beendet habt)<\/li>\n<li>anschlie\u00dfend in Communities, Social Media und auf Verkaufsplattformen (z.B. Amazon)\n<ul>\n<li>fr\u00fchestens am V\u00d6-Tag (17.04.2025)<\/li>\n<li>sp\u00e4testens eine Woche nach V\u00d6 (24.04.2025)<\/li>\n<\/ul>\n<\/li>\n<\/ul>\n<p><!-- <strong>\ud83d\udcf8 Futter f\u00fcr eure Social Media Kan\u00e4le<\/strong>\nIn unserer Bildergalerie (siehe oben) haben wir verschiedene Promo-Grafiken (z.B. Schnipsel) bereitgestellt, die ihr gern auf euren Blogs und Social Media Kan\u00e4len teilen\/nutzen d\u00fcrft. Bedient euch! --><\/p>\n","protected":false},"excerpt":{"rendered":"<p><strong><em>Diese Vorablese-Aktion ist bereits beendet. Der Download des eBooks steht nicht mehr zur Verf\u00fcgung. Wenn du dich f\u00fcr den Titel interessierst,\u00a0<a href=\"https:\/\/www.amazon.de\/Einmal-Crepes-Liebe-bitte-Bretagne-Tr%C3%A4ume-ebook\/dp\/B0F1Z3BHB8\">findest du ihn bei Amazon<\/a>.<\/em><\/strong><\/p>\n","protected":false},"featured_media":6399,"comment_status":"open","ping_status":"closed","template":"","meta":[],"product_cat":[17],"product_tag":[],"_links":{"self":[{"href":"https:\/\/www.feuerwerkeverlag.de\/vorableser\/wp-json\/wp\/v2\/product\/6398"}],"collection":[{"href":"https:\/\/www.feuerwerkeverlag.de\/vorableser\/wp-json\/wp\/v2\/product"}],"about":[{"href":"https:\/\/www.feuerwerkeverlag.de\/vorableser\/wp-json\/wp\/v2\/types\/product"}],"replies":[{"embeddable":true,"href":"https:\/\/www.feuerwerkeverlag.de\/vorableser\/wp-json\/wp\/v2\/comments?post=6398"}],"wp:featuredmedia":[{"embeddable":true,"href":"https:\/\/www.feuerwerkeverlag.de\/vorableser\/wp-json\/wp\/v2\/media\/6399"}],"wp:attachment":[{"href":"https:\/\/www.feuerwerkeverlag.de\/vorableser\/wp-json\/wp\/v2\/media?parent=6398"}],"wp:term":[{"taxonomy":"product_cat","embeddable":true,"href":"https:\/\/www.feuerwerkeverlag.de\/vorableser\/wp-json\/wp\/v2\/product_cat?post=6398"},{"taxonomy":"product_tag","embeddable":true,"href":"https:\/\/www.feuerwerkeverlag.de\/vorableser\/wp-json\/wp\/v2\/product_tag?post=6398"}],"curies":[{"name":"wp","href":"https:\/\/api.w.org\/{rel}","templated":true}]}}