{"id":6338,"date":"2025-03-04T08:51:55","date_gmt":"2025-03-04T08:51:55","guid":{"rendered":"https:\/\/www.feuerwerkeverlag.de\/vorableser\/?post_type=product&#038;p=6338"},"modified":"2025-12-30T12:25:20","modified_gmt":"2025-12-30T12:25:20","slug":"blutige-puppen","status":"publish","type":"product","link":"https:\/\/www.feuerwerkeverlag.de\/vorableser\/produkt\/blutige-puppen\/","title":{"rendered":"Blutige Puppen"},"content":{"rendered":"<p><strong>\ud83d\udcd6 Kurzinhalt:<br \/>\n<\/strong><\/p>\n<p>Im Keller eines Kieler Mietshauses wird die Leiche einer h\u00fcbschen jungen Frau gefunden. Sie wurde ausgehungert, nach ihrem Tod geschminkt und wie eine Puppe vor einem Spiegel drapiert. Der Brief, der bei ihr liegt, erkl\u00e4rt, warum sie sterben musste: Sie war zu sch\u00f6n.<\/p>\n<p>Kriminalkommissarin Jana Bein und ihr neuer Kollege Oliver Markquart \u00fcbernehmen den Fall und glauben, dass es sich beim T\u00e4ter um einen Serienkiller handeln k\u00f6nnte. Als dann wenige Tage sp\u00e4ter tats\u00e4chlich eine zweite Leiche und ein Livestream im Darknet auftauchen, in dem eine junge, unterern\u00e4hrte Frau in einer Zelle angekettet zu sehen ist, best\u00e4tigt sich ihr d\u00fcsterer Verdacht.<\/p>\n<p>Es beginnt ein Wettlauf gegen die Zeit, denn der T\u00e4ter will erst aufh\u00f6ren, wenn seine Botschaft verstanden wurde. Doch was genau will der kranke Killer ihnen sagen?<\/p>\n<p><strong>\u23f0 Timing\/Deadline:<\/strong><strong><br \/>\n<\/strong><\/p>\n<p>Bitte ver\u00f6ffentlicht eure Rezension&#8230;<\/p>\n<ul>\n<li>zuerst als Bewertung hier im Vorableser-Club (sobald ihr das Buch beendet habt)<\/li>\n<li>anschlie\u00dfend in Communities, Social Media und auf Verkaufsplattformen (z.B. Amazon)\n<ul>\n<li>fr\u00fchestens am V\u00d6-Tag (03.04.2025)<\/li>\n<li>sp\u00e4testens eine Woche nach V\u00d6 (10.04.2025)<\/li>\n<\/ul>\n<\/li>\n<\/ul>\n<p><!-- <strong>\ud83d\udcf8 Futter f\u00fcr eure Social Media Kan\u00e4le<\/strong>\nIn unserer Bildergalerie (siehe oben) haben wir verschiedene Promo-Grafiken (z.B. Schnipsel) bereitgestellt, die ihr gern auf euren Blogs und Social Media Kan\u00e4len teilen\/nutzen d\u00fcrft. Bedient euch! --><\/p>\n","protected":false},"excerpt":{"rendered":"<p><strong><em>Diese Vorablese-Aktion ist bereits beendet. Der Download des eBooks steht nicht mehr zur Verf\u00fcgung. Wenn du dich f\u00fcr den Titel interessierst,\u00a0<a href=\"https:\/\/www.amazon.de\/Blutige-Puppen-Thriller-Gunnar-Schwarz-ebook\/dp\/B0F13YDT16\/ref=sr_1_1?crid=1BIQH7S8Y7VCQ&amp;dib=eyJ2IjoiMSJ9.1fpY5dkvgf0Q7eXzA1Jupb7HATfs3h_Rla4paS2Xxr0gwKbEZNq2pu40C8wr9ChCifMkW2OH_cv8I-5MEiiOEQKq0TW4WLFIA3DIhDNVaV4.TruLZdTpbS9ZWsmfoPnHLP-LTXHNJTmH1B3j6zl9BCw&amp;dib_tag=se&amp;keywords=blutige+puppen&amp;qid=1744019913&amp;s=digital-text&amp;sprefix=blutie+%2Cdigital-text%2C111&amp;sr=1-1\">findest du ihn bei Amazon<\/a>.<\/em><\/strong><\/p>\n","protected":false},"featured_media":6339,"comment_status":"open","ping_status":"closed","template":"","meta":[],"product_cat":[22],"product_tag":[],"_links":{"self":[{"href":"https:\/\/www.feuerwerkeverlag.de\/vorableser\/wp-json\/wp\/v2\/product\/6338"}],"collection":[{"href":"https:\/\/www.feuerwerkeverlag.de\/vorableser\/wp-json\/wp\/v2\/product"}],"about":[{"href":"https:\/\/www.feuerwerkeverlag.de\/vorableser\/wp-json\/wp\/v2\/types\/product"}],"replies":[{"embeddable":true,"href":"https:\/\/www.feuerwerkeverlag.de\/vorableser\/wp-json\/wp\/v2\/comments?post=6338"}],"wp:featuredmedia":[{"embeddable":true,"href":"https:\/\/www.feuerwerkeverlag.de\/vorableser\/wp-json\/wp\/v2\/media\/6339"}],"wp:attachment":[{"href":"https:\/\/www.feuerwerkeverlag.de\/vorableser\/wp-json\/wp\/v2\/media?parent=6338"}],"wp:term":[{"taxonomy":"product_cat","embeddable":true,"href":"https:\/\/www.feuerwerkeverlag.de\/vorableser\/wp-json\/wp\/v2\/product_cat?post=6338"},{"taxonomy":"product_tag","embeddable":true,"href":"https:\/\/www.feuerwerkeverlag.de\/vorableser\/wp-json\/wp\/v2\/product_tag?post=6338"}],"curies":[{"name":"wp","href":"https:\/\/api.w.org\/{rel}","templated":true}]}}