{"id":6175,"date":"2025-02-05T10:51:05","date_gmt":"2025-02-05T10:51:05","guid":{"rendered":"https:\/\/www.feuerwerkeverlag.de\/vorableser\/?post_type=product&#038;p=6175"},"modified":"2025-03-24T09:06:26","modified_gmt":"2025-03-24T09:06:26","slug":"die-befreiung-royal-vampires-8","status":"publish","type":"product","link":"https:\/\/www.feuerwerkeverlag.de\/vorableser\/produkt\/die-befreiung-royal-vampires-8\/","title":{"rendered":"Die Befreiung (Royal Vampires 8)"},"content":{"rendered":"<p><strong>\ud83d\udcd6 Kurzinhalt:<br \/>\n<\/strong><\/p>\n<p><span class=\"a-text-bold a-text-italic\">Aria\u00a0<\/span>steht vor der gr\u00f6\u00dften Herausforderung ihres Lebens: Als K\u00f6nigin muss sie lernen, Truppen zu f\u00fchren und mutige Entscheidungen zu treffen \u2013 oder bei dem Versuch sterben. Getrennt von Braith, ihrer gro\u00dfen Liebe, wird jedes Opfer zur Pr\u00fcfung ihrer St\u00e4rke.<\/p>\n<p><span class=\"a-text-bold a-text-italic\">Braith\u00a0<\/span>wei\u00df, dass er alles riskieren muss, um Aria zu sch\u00fctzen. Doch dunkle Geheimnisse aus der Vergangenheit drohen, die zebrechliche Ordnung zu zerst\u00f6ren. Jeder Schritt k\u00f6nnte sie weiter auseinanderf\u00fchren \u2013 und vielleicht gibt es keinen Weg zur\u00fcck.<\/p>\n<p>W\u00e4hrenddessen k\u00e4mpft\u00a0<span class=\"a-text-bold a-text-italic\">Jack\u00a0<\/span>unerbittlich f\u00fcr eine Zukunft in Frieden. Doch ausgerechnet aus den eigenen Reihen erhebt sich eine neue, t\u00f6dliche Bedrohung, die alles zu vernichten droht, wof\u00fcr sie je gek\u00e4mpft haben.<\/p>\n<p>Drei Schicksale, untrennbar miteinander verbunden \u2013 in einer Welt, in der Verrat und Leidenschaft gleicherma\u00dfen \u00fcber Leben, Tod und die Liebe entscheiden.<\/p>\n<p><strong>\u23f0 Timing\/Deadline:<\/strong><strong><br \/>\n<\/strong><\/p>\n<p>Bitte ver\u00f6ffentlicht eure Rezension&#8230;<\/p>\n<ul>\n<li>zuerst als Bewertung hier im Vorableser-Club (sobald ihr das Buch beendet habt)<\/li>\n<li>anschlie\u00dfend in Communities, Social Media und auf Verkaufsplattformen (z.B. Amazon)\n<ul>\n<li>fr\u00fchestens am V\u00d6-Tag (25.02.2025)<\/li>\n<li>sp\u00e4testens eine Woche nach V\u00d6 (04.03.2025)<\/li>\n<\/ul>\n<\/li>\n<\/ul>\n<p><!-- <strong>\ud83d\udcf8 Futter f\u00fcr eure Social Media Kan\u00e4le<\/strong>\nIn unserer Bildergalerie (siehe oben) haben wir verschiedene Promo-Grafiken (z.B. Schnipsel) bereitgestellt, die ihr gern auf euren Blogs und Social Media Kan\u00e4len teilen\/nutzen d\u00fcrft. Bedient euch! --><\/p>\n","protected":false},"excerpt":{"rendered":"<p><em><strong>Diese Vorablese-Aktion ist bereits beendet. Der Download des eBooks steht nicht mehr zur Verf\u00fcgung. Wenn du dich f\u00fcr den Titel interessierst,\u00a0<a href=\"https:\/\/www.amazon.de\/dp\/B0DV8WXHLL\/\">findest du ihn bei Amazon<\/a>.<\/strong><\/em><\/p>\n","protected":false},"featured_media":6176,"comment_status":"open","ping_status":"closed","template":"","meta":[],"product_cat":[21],"product_tag":[],"_links":{"self":[{"href":"https:\/\/www.feuerwerkeverlag.de\/vorableser\/wp-json\/wp\/v2\/product\/6175"}],"collection":[{"href":"https:\/\/www.feuerwerkeverlag.de\/vorableser\/wp-json\/wp\/v2\/product"}],"about":[{"href":"https:\/\/www.feuerwerkeverlag.de\/vorableser\/wp-json\/wp\/v2\/types\/product"}],"replies":[{"embeddable":true,"href":"https:\/\/www.feuerwerkeverlag.de\/vorableser\/wp-json\/wp\/v2\/comments?post=6175"}],"wp:featuredmedia":[{"embeddable":true,"href":"https:\/\/www.feuerwerkeverlag.de\/vorableser\/wp-json\/wp\/v2\/media\/6176"}],"wp:attachment":[{"href":"https:\/\/www.feuerwerkeverlag.de\/vorableser\/wp-json\/wp\/v2\/media?parent=6175"}],"wp:term":[{"taxonomy":"product_cat","embeddable":true,"href":"https:\/\/www.feuerwerkeverlag.de\/vorableser\/wp-json\/wp\/v2\/product_cat?post=6175"},{"taxonomy":"product_tag","embeddable":true,"href":"https:\/\/www.feuerwerkeverlag.de\/vorableser\/wp-json\/wp\/v2\/product_tag?post=6175"}],"curies":[{"name":"wp","href":"https:\/\/api.w.org\/{rel}","templated":true}]}}