{"id":5975,"date":"2025-01-02T08:21:46","date_gmt":"2025-01-02T08:21:46","guid":{"rendered":"https:\/\/www.feuerwerkeverlag.de\/vorableser\/?post_type=product&#038;p=5975"},"modified":"2025-05-21T15:18:19","modified_gmt":"2025-05-21T15:18:19","slug":"der-engelschlitzer","status":"publish","type":"product","link":"https:\/\/www.feuerwerkeverlag.de\/vorableser\/produkt\/der-engelschlitzer\/","title":{"rendered":"Der Engelschlitzer"},"content":{"rendered":"<p><strong>\ud83d\udcd6 Kurzinhalt:<br \/>\n<\/strong><\/p>\n<p>Innerhalb weniger Tage werden zwei junge Frauen brutal ermordet auf verlassenen Konzertb\u00fchnen aufgefunden. Beide Opfer wurden auf makabere Art zur Schau gestellt: An Seilen befestigt h\u00e4ngen sie von der Decke, an ihren geschundenen R\u00fccken sind riesige Engelsfl\u00fcgel getackert und aus ihrem Brustkorb wurde das Herz entfernt.<\/p>\n<p>F\u00fcr die Ermittler Emma Bajetzky und Alex Kuper steht schnell fest, dass sie auf der Suche nach einem perfiden Serienkiller sind, der seine \u201eArbeit\u201c nicht nur gerade erst begonnen hat, sondern auch jeden Moment wieder zuschlagen k\u00f6nnte&#8230;<\/p>\n<p><strong>\u23f0 Timing\/Deadline:<\/strong><strong><br \/>\n<\/strong><\/p>\n<p>Bitte ver\u00f6ffentlicht eure Rezension&#8230;<\/p>\n<ul>\n<li>zuerst als Bewertung hier im Vorableser-Club (sobald ihr das Buch beendet habt)<\/li>\n<li>anschlie\u00dfend in Communities, Social Media und auf Verkaufsplattformen (z.B. Amazon)\n<ul>\n<li>fr\u00fchestens am V\u00d6-Tag (04.02.2025)<\/li>\n<li>sp\u00e4testens eine Woche nach V\u00d6 (11.02.2025)<\/li>\n<\/ul>\n<\/li>\n<\/ul>\n<p><!-- <strong>\ud83d\udcf8 Futter f\u00fcr eure Social Media Kan\u00e4le<\/strong>\nIn unserer Bildergalerie (siehe oben) haben wir verschiedene Promo-Grafiken (z.B. Schnipsel) bereitgestellt, die ihr gern auf euren Blogs und Social Media Kan\u00e4len teilen\/nutzen d\u00fcrft. Bedient euch! --><\/p>\n","protected":false},"excerpt":{"rendered":"<p><em><strong>Diese Vorablese-Aktion ist bereits beendet. Der Download des eBooks steht nicht mehr zur Verf\u00fcgung. Wenn du dich f\u00fcr den Titel interessierst,\u00a0<a href=\"https:\/\/www.amazon.de\/dp\/B0DQJVWMDJ\/\">findest du ihn bei Amazon<\/a>.<\/strong><\/em><\/p>\n","protected":false},"featured_media":5976,"comment_status":"open","ping_status":"closed","template":"","meta":[],"product_cat":[22],"product_tag":[],"_links":{"self":[{"href":"https:\/\/www.feuerwerkeverlag.de\/vorableser\/wp-json\/wp\/v2\/product\/5975"}],"collection":[{"href":"https:\/\/www.feuerwerkeverlag.de\/vorableser\/wp-json\/wp\/v2\/product"}],"about":[{"href":"https:\/\/www.feuerwerkeverlag.de\/vorableser\/wp-json\/wp\/v2\/types\/product"}],"replies":[{"embeddable":true,"href":"https:\/\/www.feuerwerkeverlag.de\/vorableser\/wp-json\/wp\/v2\/comments?post=5975"}],"wp:featuredmedia":[{"embeddable":true,"href":"https:\/\/www.feuerwerkeverlag.de\/vorableser\/wp-json\/wp\/v2\/media\/5976"}],"wp:attachment":[{"href":"https:\/\/www.feuerwerkeverlag.de\/vorableser\/wp-json\/wp\/v2\/media?parent=5975"}],"wp:term":[{"taxonomy":"product_cat","embeddable":true,"href":"https:\/\/www.feuerwerkeverlag.de\/vorableser\/wp-json\/wp\/v2\/product_cat?post=5975"},{"taxonomy":"product_tag","embeddable":true,"href":"https:\/\/www.feuerwerkeverlag.de\/vorableser\/wp-json\/wp\/v2\/product_tag?post=5975"}],"curies":[{"name":"wp","href":"https:\/\/api.w.org\/{rel}","templated":true}]}}