{"id":5909,"date":"2024-12-25T10:28:19","date_gmt":"2024-12-25T10:28:19","guid":{"rendered":"https:\/\/www.feuerwerkeverlag.de\/vorableser\/?post_type=product&#038;p=5909"},"modified":"2025-03-24T09:04:14","modified_gmt":"2025-03-24T09:04:14","slug":"herzklopfen-in-der-boutique-del-mar","status":"publish","type":"product","link":"https:\/\/www.feuerwerkeverlag.de\/vorableser\/produkt\/herzklopfen-in-der-boutique-del-mar\/","title":{"rendered":"Herzklopfen in der Boutique del Mar"},"content":{"rendered":"<p><strong>\ud83d\udcd6 Kurzinhalt:<br \/>\n<\/strong><\/p>\n<p>Nach einer schmerzhaften beruflichen und privaten Entt\u00e4uschung in Mailand sucht Rosalia Zuflucht im l\u00e4ndlichen Agriturismo ihrer Eltern. Die sanfte Ruhe des kleinen, toskanischen \u00d6rtchens Camaiore wirkt wie Balsam f\u00fcr ihre Seele, und langsam beginnen ihre Wunden zu heilen.<\/p>\n<p>Als sich unerwartet die Gelegenheit bietet, eine traditionsreiche Boutique im Ort zu \u00fcbernehmen, erkennt Rosalia darin ihre Chance auf einen Neuanfang &#8211; nicht nur beruflich, sondern vielleicht auch privat. Denn unter ihren Kunden befindet sich auch Romano, der ihr Herz schneller schlagen l\u00e4sst. Doch die Dorfbewohner tuscheln \u00fcber ihn, und Rosalia steht vor der Frage: Soll sie das Risiko eingehen und eine weitere Bruchlandung in Kauf nehmen oder auf ihre Gef\u00fchle vertrauen?<\/p>\n<p>Eine schwere Entscheidung, die am Schluss nur ihr Herz allein treffen kann&#8230;<\/p>\n<p><strong>\u23f0 Timing\/Deadline:<\/strong><strong><br \/>\n<\/strong><\/p>\n<p>Bitte ver\u00f6ffentlicht eure Rezension&#8230;<\/p>\n<ul>\n<li>zuerst als Bewertung hier im Vorableser-Club (sobald ihr das Buch beendet habt)<\/li>\n<li>anschlie\u00dfend in Communities, Social Media und auf Verkaufsplattformen (z.B. Amazon)\n<ul>\n<li>fr\u00fchestens am V\u00d6-Tag (30.01.2025)<\/li>\n<li>sp\u00e4testens eine Woche nach V\u00d6 (06.02.2025)<\/li>\n<\/ul>\n<\/li>\n<\/ul>\n<p><!-- <strong>\ud83d\udcf8 Futter f\u00fcr eure Social Media Kan\u00e4le<\/strong>\nIn unserer Bildergalerie (siehe oben) haben wir verschiedene Promo-Grafiken (z.B. Schnipsel) bereitgestellt, die ihr gern auf euren Blogs und Social Media Kan\u00e4len teilen\/nutzen d\u00fcrft. Bedient euch! --><\/p>\n","protected":false},"excerpt":{"rendered":"<p><em><strong>Diese Vorablese-Aktion ist bereits beendet. Der Download des eBooks steht nicht mehr zur Verf\u00fcgung. Wenn du dich f\u00fcr den Titel interessierst,\u00a0<a href=\"https:\/\/www.amazon.de\/dp\/B0DPLC2FG2\/\">findest du ihn bei Amazon<\/a>.<\/strong><\/em><\/p>\n","protected":false},"featured_media":5912,"comment_status":"open","ping_status":"closed","template":"","meta":[],"product_cat":[17],"product_tag":[],"_links":{"self":[{"href":"https:\/\/www.feuerwerkeverlag.de\/vorableser\/wp-json\/wp\/v2\/product\/5909"}],"collection":[{"href":"https:\/\/www.feuerwerkeverlag.de\/vorableser\/wp-json\/wp\/v2\/product"}],"about":[{"href":"https:\/\/www.feuerwerkeverlag.de\/vorableser\/wp-json\/wp\/v2\/types\/product"}],"replies":[{"embeddable":true,"href":"https:\/\/www.feuerwerkeverlag.de\/vorableser\/wp-json\/wp\/v2\/comments?post=5909"}],"wp:featuredmedia":[{"embeddable":true,"href":"https:\/\/www.feuerwerkeverlag.de\/vorableser\/wp-json\/wp\/v2\/media\/5912"}],"wp:attachment":[{"href":"https:\/\/www.feuerwerkeverlag.de\/vorableser\/wp-json\/wp\/v2\/media?parent=5909"}],"wp:term":[{"taxonomy":"product_cat","embeddable":true,"href":"https:\/\/www.feuerwerkeverlag.de\/vorableser\/wp-json\/wp\/v2\/product_cat?post=5909"},{"taxonomy":"product_tag","embeddable":true,"href":"https:\/\/www.feuerwerkeverlag.de\/vorableser\/wp-json\/wp\/v2\/product_tag?post=5909"}],"curies":[{"name":"wp","href":"https:\/\/api.w.org\/{rel}","templated":true}]}}