{"id":580,"date":"2021-05-21T07:54:27","date_gmt":"2021-05-21T07:54:27","guid":{"rendered":"https:\/\/www.feuerwerkeverlag.de\/vorableser\/?post_type=product&#038;p=580"},"modified":"2021-08-25T11:23:22","modified_gmt":"2021-08-25T11:23:22","slug":"das-schicksal-dark-creatures-3","status":"publish","type":"product","link":"https:\/\/www.feuerwerkeverlag.de\/vorableser\/produkt\/das-schicksal-dark-creatures-3\/","title":{"rendered":"Das Schicksal (Dark Creatures 3)"},"content":{"rendered":"<p><strong>\ud83d\udcd6 Kurzinhalt:<br \/>\n<\/strong>Sara Grey ist es leid, in Angst zu leben und sich zu verstecken. Mit Hilfe ihrer Freunde beginnt sie ihre finale und alles entscheidende Suche nach dem Master. Sie findet unerwartete Verb\u00fcndete und trifft alte Bekannte wieder. W\u00e4hrend ihre Kr\u00e4fte unaufh\u00f6rlich st\u00e4rker werden, verwandelt sie sich von einem unsicheren M\u00e4dchen in eine starke, junge Kriegerin.<\/p>\n<p>Doch welchen Tribut fordert diese Verwandlung? Und was ist Sara bereit, f\u00fcr Unabh\u00e4ngigkeit und Wahrheit zu opfern? Wird ihre neugewonnene St\u00e4rke sie und ihre Lieben retten k\u00f6nnen, wenn sie ihrem Erzfeind endlich gegen\u00fcbersteht? Nichts hat sie auf das vorbereitet, was kommen wird, und schlie\u00dflich ist all ihre Kraft gefordert, um die finale Pr\u00fcfung um Liebe und Mut zu bestehen.<\/p>\n<p><strong>\u23f0 Timing\/Deadline:<\/strong><strong><br \/>\n<\/strong><\/p>\n<p>Bitte ver\u00f6ffentlicht eure Rezension&#8230;<\/p>\n<ul>\n<li>zuerst als Bewertung hier im Vorableser-Club (sobald ihr das Buch beendet habt)<\/li>\n<li>anschlie\u00dfend in Communities, Social Media und auf Verkaufsplattformen (z.B. Amazon)\n<ul>\n<li>fr\u00fchestens am V\u00d6-Tag (24.06.2021)<\/li>\n<li>sp\u00e4testens eine Woche nach V\u00d6 (01.07.2021)<\/li>\n<\/ul>\n<\/li>\n<\/ul>\n<p><!-- <strong>\ud83d\udcf8 Futter f\u00fcr eure Social Media Kan\u00e4le<\/strong>\nIn unserer Bildergalerie (siehe oben) haben wir verschiedene Promo-Grafiken (z.B. Schnipsel) bereitgestellt, die ihr gern auf euren Blogs und Social Media Kan\u00e4len teilen\/nutzen d\u00fcrft. Bedient euch! --><\/p>\n<p><strong>\ud83d\udcf8 Futter f\u00fcr eure Social Media Kan\u00e4le<\/strong><br \/>\nIn unserer Bildergalerie (siehe oben) haben wir verschiedene Promo-Grafiken bereitgestellt, die ihr gern auf euren Blogs und Social Media Kan\u00e4len teilen\/nutzen d\u00fcrft. Bedient euch!<\/p>\n<p><strong>\ud83d\udcac Tauscht euch mit der Autorin aus!<br \/>\n<\/strong><a href=\"https:\/\/www.facebook.com\/groups\/VorableserclubFWV\">In unserer Facebook-Gruppe<\/a>\u00a0k\u00f6nnt ihr euch mit anderen VorableserInnen \u00fcber Handlung und Hintergr\u00fcnde austauschen.<\/p>\n<p>Die Teilnahme am Austausch in der Gruppe ist nat\u00fcrlich freiwillig, aber wir freuen uns, wenn ihr dabei seid! <em>Noch kein Mitglied der Facebook-Gruppe?<\/em> <a href=\"https:\/\/www.facebook.com\/groups\/VorableserclubFWV\">Jetzt beitreten!<\/a><\/p>\n","protected":false},"excerpt":{"rendered":"<p><b><i>Ein junges M\u00e4dchen wird zur starken Kriegerin.<\/i><\/b><\/p>\n<p><strong><span style=\"color: #ff6600;\"><em>Diese Vorablese-Aktion ist bereits beendet. Der Download des eBooks steht nicht mehr zur Verf\u00fcgung. Wenn du dich f\u00fcr den Titel interessierst, <a href=\"https:\/\/www.amazon.de\/Das-Schicksal-Dark-Creatures-3-ebook\/dp\/B09798WZ1B\">findest du ihn bei Amazon<\/a>.<\/em><\/span><\/strong><\/p>\n","protected":false},"featured_media":582,"comment_status":"open","ping_status":"closed","template":"","meta":[],"product_cat":[21],"product_tag":[],"_links":{"self":[{"href":"https:\/\/www.feuerwerkeverlag.de\/vorableser\/wp-json\/wp\/v2\/product\/580"}],"collection":[{"href":"https:\/\/www.feuerwerkeverlag.de\/vorableser\/wp-json\/wp\/v2\/product"}],"about":[{"href":"https:\/\/www.feuerwerkeverlag.de\/vorableser\/wp-json\/wp\/v2\/types\/product"}],"replies":[{"embeddable":true,"href":"https:\/\/www.feuerwerkeverlag.de\/vorableser\/wp-json\/wp\/v2\/comments?post=580"}],"wp:featuredmedia":[{"embeddable":true,"href":"https:\/\/www.feuerwerkeverlag.de\/vorableser\/wp-json\/wp\/v2\/media\/582"}],"wp:attachment":[{"href":"https:\/\/www.feuerwerkeverlag.de\/vorableser\/wp-json\/wp\/v2\/media?parent=580"}],"wp:term":[{"taxonomy":"product_cat","embeddable":true,"href":"https:\/\/www.feuerwerkeverlag.de\/vorableser\/wp-json\/wp\/v2\/product_cat?post=580"},{"taxonomy":"product_tag","embeddable":true,"href":"https:\/\/www.feuerwerkeverlag.de\/vorableser\/wp-json\/wp\/v2\/product_tag?post=580"}],"curies":[{"name":"wp","href":"https:\/\/api.w.org\/{rel}","templated":true}]}}