{"id":5771,"date":"2024-12-06T08:49:05","date_gmt":"2024-12-06T08:49:05","guid":{"rendered":"https:\/\/www.feuerwerkeverlag.de\/vorableser\/?post_type=product&#038;p=5771"},"modified":"2025-05-26T14:49:14","modified_gmt":"2025-05-26T14:49:14","slug":"wo-die-sterne-am-hellsten-leuchten","status":"publish","type":"product","link":"https:\/\/www.feuerwerkeverlag.de\/vorableser\/produkt\/wo-die-sterne-am-hellsten-leuchten\/","title":{"rendered":"Wo die Sterne am hellsten leuchten"},"content":{"rendered":"<p><strong>\ud83d\udcd6 Kurzinhalt:<br \/>\n<\/strong><\/p>\n<p>Auf der idyllischen Insel R\u00fcgen sucht die Journalistin Mila nach ber\u00fchrenden Geschichten \u00fcber Menschen, die trotz schwerer Krankheit den Lebensmut nicht verlieren. Im \u201cHorizont\u201d, einer Einrichtung, die Hoffnung und Gemeinschaft schenkt, taucht sie tief in das Leben der Patienten ein und muss sich nebenbei ihren eigenen, schmerzhaften Erinnerungen stellen.<\/p>\n<p>An diesem besonderen Ort trifft Mila auch auf den alleinerziehenden Vater Julian und seinen Sohn Liam, die eine schwere Zeit durchleben. W\u00e4hrend ihrer Arbeit kommt sie den beiden immer n\u00e4her und als sich zwischen Julian und ihr eine zarte Liebe entwickelt, steht Mila pl\u00f6tzlich vor einer schweren Entscheidung, die nicht nur ihr Herz, sondern ihre ganze Welt f\u00fcr immer ver\u00e4ndern k\u00f6nnte.<\/p>\n<p><strong>\u23f0 Timing\/Deadline:<\/strong><strong><br \/>\n<\/strong><\/p>\n<p>Bitte ver\u00f6ffentlicht eure Rezension&#8230;<\/p>\n<ul>\n<li>zuerst als Bewertung hier im Vorableser-Club (sobald ihr das Buch beendet habt)<\/li>\n<li>anschlie\u00dfend in Communities, Social Media und auf Verkaufsplattformen (z.B. Amazon)\n<ul>\n<li>fr\u00fchestens am V\u00d6-Tag (09.01.2025)<\/li>\n<li>sp\u00e4testens eine Woche nach V\u00d6 (16.01.2025)<\/li>\n<\/ul>\n<\/li>\n<\/ul>\n<p><!-- <strong>\ud83d\udcf8 Futter f\u00fcr eure Social Media Kan\u00e4le<\/strong>\nIn unserer Bildergalerie (siehe oben) haben wir verschiedene Promo-Grafiken (z.B. Schnipsel) bereitgestellt, die ihr gern auf euren Blogs und Social Media Kan\u00e4len teilen\/nutzen d\u00fcrft. Bedient euch! --><\/p>\n","protected":false},"excerpt":{"rendered":"<p><em><strong>Diese Vorablese-Aktion ist bereits beendet. Der Download des eBooks steht nicht mehr zur Verf\u00fcgung. Wenn du dich f\u00fcr den Titel interessierst,\u00a0<a href=\"https:\/\/www.amazon.de\/dp\/B0DPLBF4YH\/\">findest du ihn bei Amazon<\/a>.<\/strong><\/em><\/p>\n","protected":false},"featured_media":5772,"comment_status":"open","ping_status":"closed","template":"","meta":[],"product_cat":[17],"product_tag":[],"_links":{"self":[{"href":"https:\/\/www.feuerwerkeverlag.de\/vorableser\/wp-json\/wp\/v2\/product\/5771"}],"collection":[{"href":"https:\/\/www.feuerwerkeverlag.de\/vorableser\/wp-json\/wp\/v2\/product"}],"about":[{"href":"https:\/\/www.feuerwerkeverlag.de\/vorableser\/wp-json\/wp\/v2\/types\/product"}],"replies":[{"embeddable":true,"href":"https:\/\/www.feuerwerkeverlag.de\/vorableser\/wp-json\/wp\/v2\/comments?post=5771"}],"wp:featuredmedia":[{"embeddable":true,"href":"https:\/\/www.feuerwerkeverlag.de\/vorableser\/wp-json\/wp\/v2\/media\/5772"}],"wp:attachment":[{"href":"https:\/\/www.feuerwerkeverlag.de\/vorableser\/wp-json\/wp\/v2\/media?parent=5771"}],"wp:term":[{"taxonomy":"product_cat","embeddable":true,"href":"https:\/\/www.feuerwerkeverlag.de\/vorableser\/wp-json\/wp\/v2\/product_cat?post=5771"},{"taxonomy":"product_tag","embeddable":true,"href":"https:\/\/www.feuerwerkeverlag.de\/vorableser\/wp-json\/wp\/v2\/product_tag?post=5771"}],"curies":[{"name":"wp","href":"https:\/\/api.w.org\/{rel}","templated":true}]}}