{"id":5540,"date":"2024-10-24T09:23:09","date_gmt":"2024-10-24T09:23:09","guid":{"rendered":"https:\/\/www.feuerwerkeverlag.de\/vorableser\/?post_type=product&#038;p=5540"},"modified":"2025-03-24T09:00:50","modified_gmt":"2025-03-24T09:00:50","slug":"frieslandfang","status":"publish","type":"product","link":"https:\/\/www.feuerwerkeverlag.de\/vorableser\/produkt\/frieslandfang\/","title":{"rendered":"FriesLandFang"},"content":{"rendered":"<p><strong>\ud83d\udcd6 Kurzinhalt:<br \/>\n<\/strong><\/p>\n<p>Es wird Abend im Nordseeheilbad Carolinensiel. Ruhe kehrt ein nach einem langen, st\u00fcrmischen Tag. Doch als ein Krabbenfischer in seinem Schleppnetz eine verst\u00fcmmelte Leiche entdeckt, ist es mit der Idylle am Hafen ganz pl\u00f6tzlich vorbei.<\/p>\n<p>Carsten Wolf und Fabiu Covaci \u00fcbernehmen den Fall, der sie zur beschaulichen Ostfriesland-Insel Baltrum f\u00fchrt. Auf dem heruntergekommenen Bauernhof des Opfers treffen die Ermittler auf eine zerr\u00fcttete Familie. Der tote Landwirt war ein Eigenbr\u00f6tler, dessen Leben von Arbeit und Naturschutz bestimmt war \u2013 oft auf Kosten seiner Angeh\u00f6rigen. Feinde hatte er jedenfalls genug, denn er war kein Mann, der sich leicht zum Schweigen bringen lie\u00df &#8211; schon gar nicht, wenn es um seine idyllische Heimatinsel ging&#8230;<\/p>\n<p><strong>\u23f0 Timing\/Deadline:<\/strong><strong><br \/>\n<\/strong><\/p>\n<p>Bitte ver\u00f6ffentlicht eure Rezension&#8230;<\/p>\n<ul>\n<li>zuerst als Bewertung hier im Vorableser-Club (sobald ihr das Buch beendet habt)<\/li>\n<li>anschlie\u00dfend in Communities, Social Media und auf Verkaufsplattformen (z.B. Amazon)\n<ul>\n<li>fr\u00fchestens am V\u00d6-Tag (21.11.2024)<\/li>\n<li>sp\u00e4testens eine Woche nach V\u00d6 (28.11.2024)<\/li>\n<\/ul>\n<\/li>\n<\/ul>\n<p><!-- <strong>\ud83d\udcf8 Futter f\u00fcr eure Social Media Kan\u00e4le<\/strong>\nIn unserer Bildergalerie (siehe oben) haben wir verschiedene Promo-Grafiken (z.B. Schnipsel) bereitgestellt, die ihr gern auf euren Blogs und Social Media Kan\u00e4len teilen\/nutzen d\u00fcrft. Bedient euch! --><\/p>\n","protected":false},"excerpt":{"rendered":"<p><em><strong>Diese Vorablese-Aktion ist bereits beendet. Der Download des eBooks steht nicht mehr zur Verf\u00fcgung. Wenn du dich f\u00fcr den Titel interessierst,\u00a0<a href=\"https:\/\/www.amazon.de\/dp\/B0DK4XBSJ6\/\">findest du ihn bei Amazon<\/a>.<\/strong><\/em><\/p>\n","protected":false},"featured_media":5543,"comment_status":"open","ping_status":"closed","template":"","meta":[],"product_cat":[22],"product_tag":[],"_links":{"self":[{"href":"https:\/\/www.feuerwerkeverlag.de\/vorableser\/wp-json\/wp\/v2\/product\/5540"}],"collection":[{"href":"https:\/\/www.feuerwerkeverlag.de\/vorableser\/wp-json\/wp\/v2\/product"}],"about":[{"href":"https:\/\/www.feuerwerkeverlag.de\/vorableser\/wp-json\/wp\/v2\/types\/product"}],"replies":[{"embeddable":true,"href":"https:\/\/www.feuerwerkeverlag.de\/vorableser\/wp-json\/wp\/v2\/comments?post=5540"}],"wp:featuredmedia":[{"embeddable":true,"href":"https:\/\/www.feuerwerkeverlag.de\/vorableser\/wp-json\/wp\/v2\/media\/5543"}],"wp:attachment":[{"href":"https:\/\/www.feuerwerkeverlag.de\/vorableser\/wp-json\/wp\/v2\/media?parent=5540"}],"wp:term":[{"taxonomy":"product_cat","embeddable":true,"href":"https:\/\/www.feuerwerkeverlag.de\/vorableser\/wp-json\/wp\/v2\/product_cat?post=5540"},{"taxonomy":"product_tag","embeddable":true,"href":"https:\/\/www.feuerwerkeverlag.de\/vorableser\/wp-json\/wp\/v2\/product_tag?post=5540"}],"curies":[{"name":"wp","href":"https:\/\/api.w.org\/{rel}","templated":true}]}}