{"id":5473,"date":"2024-10-15T08:53:30","date_gmt":"2024-10-15T08:53:30","guid":{"rendered":"https:\/\/www.feuerwerkeverlag.de\/vorableser\/?post_type=product&#038;p=5473"},"modified":"2025-03-24T09:00:00","modified_gmt":"2025-03-24T09:00:00","slug":"verdorbene-saat","status":"publish","type":"product","link":"https:\/\/www.feuerwerkeverlag.de\/vorableser\/produkt\/verdorbene-saat\/","title":{"rendered":"Verdorbene Saat"},"content":{"rendered":"<p><strong>\ud83d\udcd6 Kurzinhalt:<br \/>\n<\/strong><\/p>\n<p>Eine Serie von Morden, bei denen die Opfer mit seltenen Blumen \u201eversch\u00f6nert\u201c und dann begraben werden, ersch\u00fcttert die ganze Region. F\u00fcr Kommissarin Katharina Winkler und ihren Kollegen Sebastian Fischer beginnt damit ihr erster gemeinsamer Fall, der an Wahnsinn kaum zu \u00fcberbieten ist. Zusammen enth\u00fcllen sie nach und nach eine verst\u00f6rende Verbindung zwischen den Mordopfern und verschiedenen Blumenl\u00e4den vor Ort.<\/p>\n<p>Als die Ermittler dann endlich einem ersten Hauptverd\u00e4chtigen auf die Spur kommen, beginnt ein Spiel um Leben und Tod, das selbst vor den Ermittlern nicht Halt macht. Werden Kat und Sebastian den wahren T\u00e4ter fassen k\u00f6nnen, bevor er zum letzten gro\u00dfen Schlag ausholt?<\/p>\n<p><strong>\u23f0 Timing\/Deadline:<\/strong><strong><br \/>\n<\/strong><\/p>\n<p>Bitte ver\u00f6ffentlicht eure Rezension&#8230;<\/p>\n<ul>\n<li>zuerst als Bewertung hier im Vorableser-Club (sobald ihr das Buch beendet habt)<\/li>\n<li>anschlie\u00dfend in Communities, Social Media und auf Verkaufsplattformen (z.B. Amazon)\n<ul>\n<li>fr\u00fchestens am V\u00d6-Tag (12.11.2024)<\/li>\n<li>sp\u00e4testens eine Woche nach V\u00d6 (19.11.2024)<\/li>\n<\/ul>\n<\/li>\n<\/ul>\n<p><!-- <strong>\ud83d\udcf8 Futter f\u00fcr eure Social Media Kan\u00e4le<\/strong>\nIn unserer Bildergalerie (siehe oben) haben wir verschiedene Promo-Grafiken (z.B. Schnipsel) bereitgestellt, die ihr gern auf euren Blogs und Social Media Kan\u00e4len teilen\/nutzen d\u00fcrft. Bedient euch! --><\/p>\n","protected":false},"excerpt":{"rendered":"<p><em><strong>Diese Vorablese-Aktion ist bereits beendet. Der Download des eBooks steht nicht mehr zur Verf\u00fcgung. Wenn du dich f\u00fcr den Titel interessierst,\u00a0<a href=\"https:\/\/www.amazon.de\/dp\/B0DJ8VKH2V\/\">findest du ihn bei Amazon<\/a>.<\/strong><\/em><\/p>\n","protected":false},"featured_media":5476,"comment_status":"open","ping_status":"closed","template":"","meta":[],"product_cat":[22],"product_tag":[],"_links":{"self":[{"href":"https:\/\/www.feuerwerkeverlag.de\/vorableser\/wp-json\/wp\/v2\/product\/5473"}],"collection":[{"href":"https:\/\/www.feuerwerkeverlag.de\/vorableser\/wp-json\/wp\/v2\/product"}],"about":[{"href":"https:\/\/www.feuerwerkeverlag.de\/vorableser\/wp-json\/wp\/v2\/types\/product"}],"replies":[{"embeddable":true,"href":"https:\/\/www.feuerwerkeverlag.de\/vorableser\/wp-json\/wp\/v2\/comments?post=5473"}],"wp:featuredmedia":[{"embeddable":true,"href":"https:\/\/www.feuerwerkeverlag.de\/vorableser\/wp-json\/wp\/v2\/media\/5476"}],"wp:attachment":[{"href":"https:\/\/www.feuerwerkeverlag.de\/vorableser\/wp-json\/wp\/v2\/media?parent=5473"}],"wp:term":[{"taxonomy":"product_cat","embeddable":true,"href":"https:\/\/www.feuerwerkeverlag.de\/vorableser\/wp-json\/wp\/v2\/product_cat?post=5473"},{"taxonomy":"product_tag","embeddable":true,"href":"https:\/\/www.feuerwerkeverlag.de\/vorableser\/wp-json\/wp\/v2\/product_tag?post=5473"}],"curies":[{"name":"wp","href":"https:\/\/api.w.org\/{rel}","templated":true}]}}