{"id":5416,"date":"2024-10-02T07:43:20","date_gmt":"2024-10-02T07:43:20","guid":{"rendered":"https:\/\/www.feuerwerkeverlag.de\/vorableser\/?post_type=product&#038;p=5416"},"modified":"2025-03-24T08:59:16","modified_gmt":"2025-03-24T08:59:16","slug":"die-narben-die-wir-fuehlen","status":"publish","type":"product","link":"https:\/\/www.feuerwerkeverlag.de\/vorableser\/produkt\/die-narben-die-wir-fuehlen\/","title":{"rendered":"Die Narben, die wir f\u00fchlen"},"content":{"rendered":"<p><strong>\ud83d\udcd6 Kurzinhalt:<br \/>\n<\/strong><\/p>\n<p>Elena genie\u00dft das Leben als Songwriterin und reist um die Welt, frei und unabh\u00e4ngig. Doch eine Einladung zum Geburtstag ihrer Lieblingstante bringt sie unerwartet zur\u00fcck in ihre ungeliebte Heimat &#8211; einen Ort, den sie eigentlich f\u00fcr immer hinter sich lassen wollte.<\/p>\n<p>Dort muss sie sich nicht nur ihren distanzierten Eltern und den Erinnerungen an einen schrecklichen Unfall stellen, sondern trifft auch auf Nathan, der schon einmal ihr Herz im Sturm erobert hat. Ausgerechnet hier, wo sie ihn am wenigsten erwartet h\u00e4tte, steht er pl\u00f6tzlich wieder vor ihr.<\/p>\n<p>Kann Elena ihre inneren D\u00e4monen besiegen und sich erneut auf die Liebe einlassen?<\/p>\n<p><strong>\u23f0 Timing\/Deadline:<\/strong><strong><br \/>\n<\/strong><\/p>\n<p>Bitte ver\u00f6ffentlicht eure Rezension&#8230;<\/p>\n<ul>\n<li>zuerst als Bewertung hier im Vorableser-Club (sobald ihr das Buch beendet habt)<\/li>\n<li>anschlie\u00dfend in Communities, Social Media und auf Verkaufsplattformen (z.B. Amazon)\n<ul>\n<li>fr\u00fchestens am V\u00d6-Tag (05.11.2024)<\/li>\n<li>sp\u00e4testens eine Woche nach V\u00d6 (12.11.2024)<\/li>\n<\/ul>\n<\/li>\n<\/ul>\n<p><!-- <strong>\ud83d\udcf8 Futter f\u00fcr eure Social Media Kan\u00e4le<\/strong>\nIn unserer Bildergalerie (siehe oben) haben wir verschiedene Promo-Grafiken (z.B. Schnipsel) bereitgestellt, die ihr gern auf euren Blogs und Social Media Kan\u00e4len teilen\/nutzen d\u00fcrft. Bedient euch! --><\/p>\n","protected":false},"excerpt":{"rendered":"<p><em><strong>Diese Vorablese-Aktion ist bereits beendet. Der Download des eBooks steht nicht mehr zur Verf\u00fcgung. Wenn du dich f\u00fcr den Titel interessierst,\u00a0<a href=\"https:\/\/www.amazon.de\/dp\/B0DJ8TXYKW\/\">findest du ihn bei Amazon<\/a>.<\/strong><\/em><\/p>\n","protected":false},"featured_media":5417,"comment_status":"open","ping_status":"closed","template":"","meta":[],"product_cat":[17],"product_tag":[],"_links":{"self":[{"href":"https:\/\/www.feuerwerkeverlag.de\/vorableser\/wp-json\/wp\/v2\/product\/5416"}],"collection":[{"href":"https:\/\/www.feuerwerkeverlag.de\/vorableser\/wp-json\/wp\/v2\/product"}],"about":[{"href":"https:\/\/www.feuerwerkeverlag.de\/vorableser\/wp-json\/wp\/v2\/types\/product"}],"replies":[{"embeddable":true,"href":"https:\/\/www.feuerwerkeverlag.de\/vorableser\/wp-json\/wp\/v2\/comments?post=5416"}],"wp:featuredmedia":[{"embeddable":true,"href":"https:\/\/www.feuerwerkeverlag.de\/vorableser\/wp-json\/wp\/v2\/media\/5417"}],"wp:attachment":[{"href":"https:\/\/www.feuerwerkeverlag.de\/vorableser\/wp-json\/wp\/v2\/media?parent=5416"}],"wp:term":[{"taxonomy":"product_cat","embeddable":true,"href":"https:\/\/www.feuerwerkeverlag.de\/vorableser\/wp-json\/wp\/v2\/product_cat?post=5416"},{"taxonomy":"product_tag","embeddable":true,"href":"https:\/\/www.feuerwerkeverlag.de\/vorableser\/wp-json\/wp\/v2\/product_tag?post=5416"}],"curies":[{"name":"wp","href":"https:\/\/api.w.org\/{rel}","templated":true}]}}