{"id":5047,"date":"2024-07-10T12:40:26","date_gmt":"2024-07-10T12:40:26","guid":{"rendered":"https:\/\/www.feuerwerkeverlag.de\/vorableser\/?post_type=product&#038;p=5047"},"modified":"2024-09-07T12:01:11","modified_gmt":"2024-09-07T12:01:11","slug":"sternenfunkeln-ueber-dem-buchcafe-bella-vista","status":"publish","type":"product","link":"https:\/\/www.feuerwerkeverlag.de\/vorableser\/produkt\/sternenfunkeln-ueber-dem-buchcafe-bella-vista\/","title":{"rendered":"Sternenfunkeln \u00fcber dem Buchcaf\u00e9 Bella Vista"},"content":{"rendered":"<p><strong>\ud83d\udcd6 Kurzinhalt:<br \/>\n<\/strong><\/p>\n<p>Bianca reist in die Toskana, um ihre \u201everschollene\u201c Tante Flora wieder zur\u00fcck zur Familie zu holen. Dass die jedoch gar keine Lust darauf hat, versteht Bianca schnell. Denn in Camaiore ist es einfach zauberhaft und so idyllisch, dass sie kurzerhand entscheidet, ihre baldige Hochzeit hier zu feiern. Noch bevor die Planung \u00fcberhaupt richtig losgeht, stellt sich jedoch heraus, dass ihr Verlobter sie betr\u00fcgt. Bianca ist am Boden zerst\u00f6rt, sagt alles ab und will Camaiore sofort wieder verlassen.<\/p>\n<p>Doch dann tritt der charmante Amadeo in ihr Leben und zeigt ihr, dass es noch gen\u00fcgend Gelegenheiten gibt, das gro\u00dfe Gl\u00fcck zu erfahren. Und schlie\u00dflich ist da auch noch der gem\u00fctliche kleine Buchladen, der geradezu darauf wartet, dass jemand ihm wieder Leben einhaucht. Kann Bianca dieser Jemand sein?<\/p>\n<p><strong>\u23f0 Timing\/Deadline:<\/strong><strong><br \/>\n<\/strong><\/p>\n<p>Bitte ver\u00f6ffentlicht eure Rezension&#8230;<\/p>\n<ul>\n<li>zuerst als Bewertung hier im Vorableser-Club (sobald ihr das Buch beendet habt)<\/li>\n<li>anschlie\u00dfend in Communities, Social Media und auf Verkaufsplattformen (z.B. Amazon)\n<ul>\n<li>fr\u00fchestens am V\u00d6-Tag (15.08.2024)<\/li>\n<li>sp\u00e4testens eine Woche nach V\u00d6 (22.08.2024)<\/li>\n<\/ul>\n<\/li>\n<\/ul>\n<p><!-- <strong>\ud83d\udcf8 Futter f\u00fcr eure Social Media Kan\u00e4le<\/strong>\nIn unserer Bildergalerie (siehe oben) haben wir verschiedene Promo-Grafiken (z.B. Schnipsel) bereitgestellt, die ihr gern auf euren Blogs und Social Media Kan\u00e4len teilen\/nutzen d\u00fcrft. Bedient euch! --><\/p>\n","protected":false},"excerpt":{"rendered":"<p><em><strong>Diese Vorablese-Aktion ist bereits beendet. Der Download des eBooks steht nicht mehr zur Verf\u00fcgung. Wenn du dich f\u00fcr den Titel interessierst,\u00a0<a href=\"https:\/\/www.amazon.de\/dp\/B0D92H6KCF\/\">findest du ihn bei Amazon<\/a>.<\/strong><\/em><\/p>\n","protected":false},"featured_media":5059,"comment_status":"open","ping_status":"closed","template":"","meta":[],"product_cat":[17],"product_tag":[],"_links":{"self":[{"href":"https:\/\/www.feuerwerkeverlag.de\/vorableser\/wp-json\/wp\/v2\/product\/5047"}],"collection":[{"href":"https:\/\/www.feuerwerkeverlag.de\/vorableser\/wp-json\/wp\/v2\/product"}],"about":[{"href":"https:\/\/www.feuerwerkeverlag.de\/vorableser\/wp-json\/wp\/v2\/types\/product"}],"replies":[{"embeddable":true,"href":"https:\/\/www.feuerwerkeverlag.de\/vorableser\/wp-json\/wp\/v2\/comments?post=5047"}],"wp:featuredmedia":[{"embeddable":true,"href":"https:\/\/www.feuerwerkeverlag.de\/vorableser\/wp-json\/wp\/v2\/media\/5059"}],"wp:attachment":[{"href":"https:\/\/www.feuerwerkeverlag.de\/vorableser\/wp-json\/wp\/v2\/media?parent=5047"}],"wp:term":[{"taxonomy":"product_cat","embeddable":true,"href":"https:\/\/www.feuerwerkeverlag.de\/vorableser\/wp-json\/wp\/v2\/product_cat?post=5047"},{"taxonomy":"product_tag","embeddable":true,"href":"https:\/\/www.feuerwerkeverlag.de\/vorableser\/wp-json\/wp\/v2\/product_tag?post=5047"}],"curies":[{"name":"wp","href":"https:\/\/api.w.org\/{rel}","templated":true}]}}