{"id":4802,"date":"2024-06-05T09:25:39","date_gmt":"2024-06-05T09:25:39","guid":{"rendered":"https:\/\/www.feuerwerkeverlag.de\/vorableser\/?post_type=product&#038;p=4802"},"modified":"2024-07-26T21:50:03","modified_gmt":"2024-07-26T21:50:03","slug":"suendiges-grab-zwischen-mord-und-ostsee","status":"publish","type":"product","link":"https:\/\/www.feuerwerkeverlag.de\/vorableser\/produkt\/suendiges-grab-zwischen-mord-und-ostsee\/","title":{"rendered":"S\u00fcndiges Grab (Zwischen Mord und Ostsee)"},"content":{"rendered":"<p><strong>\ud83d\udcd6 Kurzinhalt:<br \/>\n<\/strong>In Flensburg ist Jahrmarkt angesagt. Dazu geh\u00f6ren dumpfe B\u00e4sse, Neonlichter, Zuckerwatte \u2026 und in diesem Jahr auch eine Leiche. Doch was hat der Tod des 17-j\u00e4hrigen M\u00e4dchens mit dem Schiller-Gymnasium, gef\u00e4lschten Noten und einer brisanten Liebschaft zu tun?<\/p>\n<p>Ina Drews und J\u00f6rn Appel, die ihren Polizeidienst in Flensburg bald beenden werden, starten sofort mit den Ermittlungen. Hilfe bekommen sie dabei von ihren beiden Nachfolgern, die sich ein paar Tage zu fr\u00fch dienstbereit melden. Aber kann ein Ermittler-Quartett, das sich im Schnellgang zusammenraufen muss, einen Mordfall aufkl\u00e4ren und weitere verhindern?<\/p>\n<p><strong>\u23f0 Timing\/Deadline:<\/strong><strong><br \/>\n<\/strong><\/p>\n<p>Bitte ver\u00f6ffentlicht eure Rezension&#8230;<\/p>\n<ul>\n<li>zuerst als Bewertung hier im Vorableser-Club (sobald ihr das Buch beendet habt)<\/li>\n<li>anschlie\u00dfend in Communities, Social Media und auf Verkaufsplattformen (z.B. Amazon)\n<ul>\n<li>fr\u00fchestens am V\u00d6-Tag (09.07.2024)<\/li>\n<li>sp\u00e4testens eine Woche nach V\u00d6 (09.07.2024)<\/li>\n<\/ul>\n<\/li>\n<\/ul>\n<p><!-- <strong>\ud83d\udcf8 Futter f\u00fcr eure Social Media Kan\u00e4le<\/strong>\nIn unserer Bildergalerie (siehe oben) haben wir verschiedene Promo-Grafiken (z.B. Schnipsel) bereitgestellt, die ihr gern auf euren Blogs und Social Media Kan\u00e4len teilen\/nutzen d\u00fcrft. Bedient euch! --><\/p>\n<p><strong>\ud83d\udcf8 Futter f\u00fcr eure Social Media Kan\u00e4le<\/strong><br \/>\nIn unserer Bildergalerie (siehe oben) haben wir verschiedene Promo-Grafiken bereitgestellt, die ihr gern auf euren Blogs und Social Media Kan\u00e4len teilen\/nutzen d\u00fcrft. Bedient euch!<\/p>\n","protected":false},"excerpt":{"rendered":"<p><em><strong><span style=\"color: #ff6600;\">Diese Vorablese-Aktion ist bereits beendet. Der Download des eBooks steht nicht mehr zur Verf\u00fcgung. Wenn du dich f\u00fcr den Titel interessierst, <a href=\"https:\/\/www.amazon.de\/dp\/B0D5BC2FCQ\/\">findest du ihn bei Amazon<\/a>.<\/span><\/strong><\/em><\/p>\n","protected":false},"featured_media":4803,"comment_status":"open","ping_status":"closed","template":"","meta":[],"product_cat":[22],"product_tag":[],"_links":{"self":[{"href":"https:\/\/www.feuerwerkeverlag.de\/vorableser\/wp-json\/wp\/v2\/product\/4802"}],"collection":[{"href":"https:\/\/www.feuerwerkeverlag.de\/vorableser\/wp-json\/wp\/v2\/product"}],"about":[{"href":"https:\/\/www.feuerwerkeverlag.de\/vorableser\/wp-json\/wp\/v2\/types\/product"}],"replies":[{"embeddable":true,"href":"https:\/\/www.feuerwerkeverlag.de\/vorableser\/wp-json\/wp\/v2\/comments?post=4802"}],"wp:featuredmedia":[{"embeddable":true,"href":"https:\/\/www.feuerwerkeverlag.de\/vorableser\/wp-json\/wp\/v2\/media\/4803"}],"wp:attachment":[{"href":"https:\/\/www.feuerwerkeverlag.de\/vorableser\/wp-json\/wp\/v2\/media?parent=4802"}],"wp:term":[{"taxonomy":"product_cat","embeddable":true,"href":"https:\/\/www.feuerwerkeverlag.de\/vorableser\/wp-json\/wp\/v2\/product_cat?post=4802"},{"taxonomy":"product_tag","embeddable":true,"href":"https:\/\/www.feuerwerkeverlag.de\/vorableser\/wp-json\/wp\/v2\/product_tag?post=4802"}],"curies":[{"name":"wp","href":"https:\/\/api.w.org\/{rel}","templated":true}]}}