{"id":4537,"date":"2024-05-03T07:30:09","date_gmt":"2024-05-03T07:30:09","guid":{"rendered":"https:\/\/www.feuerwerkeverlag.de\/vorableser\/?post_type=product&#038;p=4537"},"modified":"2024-08-04T12:28:46","modified_gmt":"2024-08-04T12:28:46","slug":"tote-augen-weinen-nicht","status":"publish","type":"product","link":"https:\/\/www.feuerwerkeverlag.de\/vorableser\/produkt\/tote-augen-weinen-nicht\/","title":{"rendered":"Tote Augen weinen nicht"},"content":{"rendered":"<p><strong>\ud83d\udcd6 Kurzinhalt:<br \/>\n<\/strong>Der Fund einer grausam zugerichteten Frauenleiche ersch\u00fcttert das Team der Mordkommission bis ins Mark. Der Toten wurde ein Messer mit einer mysteri\u00f6sen Botschaft ins Herz gerammt, und in jedem ihrer Augen steckt ein Nagel. Will der T\u00e4ter sein Opfer f\u00fcr etwas bestrafen, das es gesehen hat?<\/p>\n<p>Die Ermittlerinnen Charlotte Bekker und Stella Meislow \u00fcbernehmen den Fall und finden sich schon nach wenigen Tagen in einem verzweifelten Wettlauf gegen die Zeit wieder. Doch erst als eine zweite und dann eine dritte Leiche auftaucht, finden sie eine brauchbare Spur. Und die f\u00fchrt direkt zu jener Organisation, bei der das Nicht-Sehen besonderen Schaden anrichten kann: zur Polizei&#8230;<\/p>\n<p><strong>\u23f0 Timing\/Deadline:<\/strong><strong><br \/>\n<\/strong><\/p>\n<p>Bitte ver\u00f6ffentlicht eure Rezension&#8230;<\/p>\n<ul>\n<li>zuerst als Bewertung hier im Vorableser-Club (sobald ihr das Buch beendet habt)<\/li>\n<li>anschlie\u00dfend in Communities, Social Media und auf Verkaufsplattformen (z.B. Amazon)\n<ul>\n<li>fr\u00fchestens am V\u00d6-Tag (04.06.2024)<\/li>\n<li>sp\u00e4testens eine Woche nach V\u00d6 (11.06.2024)<\/li>\n<\/ul>\n<\/li>\n<\/ul>\n<p><!-- <strong>\ud83d\udcf8 Futter f\u00fcr eure Social Media Kan\u00e4le<\/strong>\nIn unserer Bildergalerie (siehe oben) haben wir verschiedene Promo-Grafiken (z.B. Schnipsel) bereitgestellt, die ihr gern auf euren Blogs und Social Media Kan\u00e4len teilen\/nutzen d\u00fcrft. Bedient euch! --><\/p>\n<p><strong>\ud83d\udcf8 Futter f\u00fcr eure Social Media Kan\u00e4le<\/strong><br \/>\nIn unserer Bildergalerie (siehe oben) haben wir verschiedene Promo-Grafiken bereitgestellt, die ihr gern auf euren Blogs und Social Media Kan\u00e4len teilen\/nutzen d\u00fcrft. Bedient euch!<\/p>\n","protected":false},"excerpt":{"rendered":"<p><em><strong><span style=\"color: #ff6600;\">Diese Vorablese-Aktion ist bereits beendet. Der Download des eBooks steht nicht mehr zur Verf\u00fcgung. Wenn du dich f\u00fcr den Titel interessierst, <a href=\"https:\/\/www.amazon.de\/dp\/B0D2Y42V1J\/\">findest du ihn bei Amazon<\/a>.<\/span><\/strong><\/em><\/p>\n","protected":false},"featured_media":4540,"comment_status":"open","ping_status":"closed","template":"","meta":[],"product_cat":[22],"product_tag":[],"_links":{"self":[{"href":"https:\/\/www.feuerwerkeverlag.de\/vorableser\/wp-json\/wp\/v2\/product\/4537"}],"collection":[{"href":"https:\/\/www.feuerwerkeverlag.de\/vorableser\/wp-json\/wp\/v2\/product"}],"about":[{"href":"https:\/\/www.feuerwerkeverlag.de\/vorableser\/wp-json\/wp\/v2\/types\/product"}],"replies":[{"embeddable":true,"href":"https:\/\/www.feuerwerkeverlag.de\/vorableser\/wp-json\/wp\/v2\/comments?post=4537"}],"wp:featuredmedia":[{"embeddable":true,"href":"https:\/\/www.feuerwerkeverlag.de\/vorableser\/wp-json\/wp\/v2\/media\/4540"}],"wp:attachment":[{"href":"https:\/\/www.feuerwerkeverlag.de\/vorableser\/wp-json\/wp\/v2\/media?parent=4537"}],"wp:term":[{"taxonomy":"product_cat","embeddable":true,"href":"https:\/\/www.feuerwerkeverlag.de\/vorableser\/wp-json\/wp\/v2\/product_cat?post=4537"},{"taxonomy":"product_tag","embeddable":true,"href":"https:\/\/www.feuerwerkeverlag.de\/vorableser\/wp-json\/wp\/v2\/product_tag?post=4537"}],"curies":[{"name":"wp","href":"https:\/\/api.w.org\/{rel}","templated":true}]}}