{"id":453,"date":"2021-03-25T08:29:39","date_gmt":"2021-03-25T08:29:39","guid":{"rendered":"https:\/\/www.feuerwerkeverlag.de\/vorableser\/?post_type=product&#038;p=453"},"modified":"2022-08-17T08:11:35","modified_gmt":"2022-08-17T08:11:35","slug":"siehst-du-wie-sie-sterben","status":"publish","type":"product","link":"https:\/\/www.feuerwerkeverlag.de\/vorableser\/produkt\/siehst-du-wie-sie-sterben\/","title":{"rendered":"Siehst du, wie sie sterben?"},"content":{"rendered":"<p><strong>\ud83d\udcd6 Kurzinhalt:<br \/>\n<\/strong>Psychologin Frieda Rubens, Buchautorin und Expertin f\u00fcr abnorme Rechtsbrecher, wird von ihrem Ex-Freund, Kriminalkommissar Marc Wittmann, kontaktiert. Obwohl sie keinerlei Lust versp\u00fcrt, mit Marc zusammen zu arbeiten, ist sie fasziniert von dem Fall, zu dem Marc sie als Beraterin hinzuziehen soll: Ein Serienkiller, der seine weiblichen Opfer mit mysteri\u00f6sen Zeichen und Botschaften verziert, treibt in ihrer Stadt sein Unwesen. Drei Opfer wurden bisher gefunden, doch die Botschaften des Killers legen nahe, dass er seine Mordserie noch lange nicht beendet hat. Vielmehr scheint der Killer mit jedem Opfer einen immer enger werdenden Kreis um sein eigentliches Ziel zu ziehen. Viel zu sp\u00e4t erkennen Frieda und Marc, wie pers\u00f6nlich dieses Ziel tats\u00e4chlich ist \u2026<\/p>\n<p><strong>\u23f0 Timing\/Deadline:<br \/>\n<\/strong>Bitte ver\u00f6ffentlicht eure Rezension&#8230;<\/p>\n<ul>\n<li>zuerst als Bewertung hier im Vorableser-Club (sobald ihr das Buch beendet habt)<\/li>\n<li>anschlie\u00dfend in Communities, Social Media und auf Verkaufplattformen (z.B. Amazon)\n<ul>\n<li>fr\u00fchestens am V\u00d6-Tag (22.04.2021)<\/li>\n<li>sp\u00e4testens eine Woche nach V\u00d6 (29.04.2021)<\/li>\n<\/ul>\n<\/li>\n<\/ul>\n<p><!-- <strong>\ud83d\udcf8 Futter f\u00fcr eure Social Media Kan\u00e4le<\/strong>\nIn unserer Bildergalerie (siehe oben) haben wir verschiedene Promo-Grafiken (z.B. Schnipsel) bereitgestellt, die ihr gern auf euren Blogs und Social Media Kan\u00e4len teilen\/nutzen d\u00fcrft. Bedient euch! --><\/p>\n<p><strong>\ud83d\udcac Tauscht euch mit der Autorin aus!<br \/>\n<\/strong><a href=\"https:\/\/www.facebook.com\/groups\/VorableserclubFWV\">In unserer Facebook-Gruppe<\/a>\u00a0k\u00f6nnt ihr euch mit anderen VorableserInnen \u00fcber Handlung und Hintergr\u00fcnde austauschen.<\/p>\n<p>Die Teilnahme am Austausch in der Gruppe ist nat\u00fcrlich freiwillig, aber wir freuen uns, wenn ihr dabei seid! <em>Noch kein Mitglied der Facebook-Gruppe?<\/em> <a href=\"https:\/\/www.facebook.com\/groups\/VorableserclubFWV\">Jetzt beitreten!<\/a><\/p>\n","protected":false},"excerpt":{"rendered":"<p><em><strong>Sieh hin!<\/strong><\/em><br \/>\n<em><strong>Sieh genau hin!<\/strong><\/em><br \/>\n<em><strong>Und sieh, WIE sie sterben!<\/strong><\/em><\/p>\n<p><strong><span style=\"color: #ff6600;\"><em>Diese Vorablese-Aktion ist bereits beendet. Der Download des eBooks steht nicht mehr zur Verf\u00fcgung. Wenn du dich f\u00fcr den Titel interessierst, lade gern die Leseprobe herunter.<\/em><\/span><\/strong><\/p>\n","protected":false},"featured_media":457,"comment_status":"open","ping_status":"closed","template":"","meta":[],"product_cat":[22],"product_tag":[],"_links":{"self":[{"href":"https:\/\/www.feuerwerkeverlag.de\/vorableser\/wp-json\/wp\/v2\/product\/453"}],"collection":[{"href":"https:\/\/www.feuerwerkeverlag.de\/vorableser\/wp-json\/wp\/v2\/product"}],"about":[{"href":"https:\/\/www.feuerwerkeverlag.de\/vorableser\/wp-json\/wp\/v2\/types\/product"}],"replies":[{"embeddable":true,"href":"https:\/\/www.feuerwerkeverlag.de\/vorableser\/wp-json\/wp\/v2\/comments?post=453"}],"wp:featuredmedia":[{"embeddable":true,"href":"https:\/\/www.feuerwerkeverlag.de\/vorableser\/wp-json\/wp\/v2\/media\/457"}],"wp:attachment":[{"href":"https:\/\/www.feuerwerkeverlag.de\/vorableser\/wp-json\/wp\/v2\/media?parent=453"}],"wp:term":[{"taxonomy":"product_cat","embeddable":true,"href":"https:\/\/www.feuerwerkeverlag.de\/vorableser\/wp-json\/wp\/v2\/product_cat?post=453"},{"taxonomy":"product_tag","embeddable":true,"href":"https:\/\/www.feuerwerkeverlag.de\/vorableser\/wp-json\/wp\/v2\/product_tag?post=453"}],"curies":[{"name":"wp","href":"https:\/\/api.w.org\/{rel}","templated":true}]}}