{"id":4261,"date":"2024-03-18T09:45:31","date_gmt":"2024-03-18T09:45:31","guid":{"rendered":"https:\/\/www.feuerwerkeverlag.de\/vorableser\/?post_type=product&#038;p=4261"},"modified":"2024-05-05T10:24:51","modified_gmt":"2024-05-05T10:24:51","slug":"das-fluestern-des-totenwaldes","status":"publish","type":"product","link":"https:\/\/www.feuerwerkeverlag.de\/vorableser\/produkt\/das-fluestern-des-totenwaldes\/","title":{"rendered":"Das Fl\u00fcstern des Totenwaldes"},"content":{"rendered":"<p><strong>\ud83d\udcd6 Kurzinhalt:<br \/>\n<\/strong>Eigentlich sollen Henning Gerlach und seine Kollegin Lena Freyenberg nur im Vermisstenfall einer jungen Frau ermitteln. Als aber kurze Zeit sp\u00e4ter ihre \u00fcbel zugerichtete Leiche am Rande eines unwegsamen Waldgebietes entdeckt wird, ist klar, dass es hier um Mord geht. Das mit Lippenstift verschmierte Gesicht und der offene Brustkorb der Toten geben Henning und Lena R\u00e4tsel auf.<\/p>\n<p>Schnell stellt sich heraus, dass das Opfer eine Bekannte ihres Ermittler-Kollegen Boris war, der sich zur gleichen Zeit ganz in der N\u00e4he des Fundorts mit Freunden auf einer mehrt\u00e4gigen Wanderung befindet. Als pl\u00f6tzlich weitere Teilnehmer der Gruppe ermordet aufgefunden werden, beginnt ein Wettlauf gegen die Zeit.<\/p>\n<p><strong>\u23f0 Timing\/Deadline:<\/strong><strong><br \/>\n<\/strong><\/p>\n<p>Bitte ver\u00f6ffentlicht eure Rezension&#8230;<\/p>\n<ul>\n<li>zuerst als Bewertung hier im Vorableser-Club (sobald ihr das Buch beendet habt)<\/li>\n<li>anschlie\u00dfend in Communities, Social Media und auf Verkaufsplattformen (z.B. Amazon)\n<ul>\n<li>fr\u00fchestens am V\u00d6-Tag (18.04.2024)<\/li>\n<li>sp\u00e4testens eine Woche nach V\u00d6 (25.04.2024)<\/li>\n<\/ul>\n<\/li>\n<\/ul>\n<p><!-- <strong>\ud83d\udcf8 Futter f\u00fcr eure Social Media Kan\u00e4le<\/strong>\nIn unserer Bildergalerie (siehe oben) haben wir verschiedene Promo-Grafiken (z.B. Schnipsel) bereitgestellt, die ihr gern auf euren Blogs und Social Media Kan\u00e4len teilen\/nutzen d\u00fcrft. Bedient euch! --><\/p>\n<p><strong>\ud83d\udcf8 Futter f\u00fcr eure Social Media Kan\u00e4le<\/strong><br \/>\nIn unserer Bildergalerie (siehe oben) haben wir verschiedene Promo-Grafiken bereitgestellt, die ihr gern auf euren Blogs und Social Media Kan\u00e4len teilen\/nutzen d\u00fcrft. Bedient euch!<\/p>\n<p><strong>\ud83d\udcac Tauscht euch mit der Autorin aus!<br \/>\n<\/strong><a href=\"https:\/\/www.facebook.com\/groups\/VorableserclubFWV\">In unserer Facebook-Gruppe<\/a>\u00a0k\u00f6nnt ihr euch mit anderen VorableserInnen \u00fcber Handlung und Hintergr\u00fcnde austauschen.<\/p>\n<p>Die Teilnahme am Austausch in der Gruppe ist nat\u00fcrlich freiwillig, aber wir freuen uns, wenn ihr dabei seid! <em>Noch kein Mitglied der Facebook-Gruppe?<\/em> <a href=\"https:\/\/www.facebook.com\/groups\/VorableserclubFWV\">Jetzt beitreten!<\/a><\/p>\n","protected":false},"excerpt":{"rendered":"<p><em><strong><span style=\"color: #ff6600;\">Diese Vorablese-Aktion ist bereits beendet. Der Download des eBooks steht nicht mehr zur Verf\u00fcgung. Wenn du dich f\u00fcr den Titel interessierst, <a href=\"https:\/\/www.amazon.de\/dp\/B0CXJK2QH7\/\">findest du ihn bei Amazon<\/a>.<\/span><\/strong><\/em><\/p>\n","protected":false},"featured_media":4265,"comment_status":"open","ping_status":"closed","template":"","meta":[],"product_cat":[22],"product_tag":[],"_links":{"self":[{"href":"https:\/\/www.feuerwerkeverlag.de\/vorableser\/wp-json\/wp\/v2\/product\/4261"}],"collection":[{"href":"https:\/\/www.feuerwerkeverlag.de\/vorableser\/wp-json\/wp\/v2\/product"}],"about":[{"href":"https:\/\/www.feuerwerkeverlag.de\/vorableser\/wp-json\/wp\/v2\/types\/product"}],"replies":[{"embeddable":true,"href":"https:\/\/www.feuerwerkeverlag.de\/vorableser\/wp-json\/wp\/v2\/comments?post=4261"}],"wp:featuredmedia":[{"embeddable":true,"href":"https:\/\/www.feuerwerkeverlag.de\/vorableser\/wp-json\/wp\/v2\/media\/4265"}],"wp:attachment":[{"href":"https:\/\/www.feuerwerkeverlag.de\/vorableser\/wp-json\/wp\/v2\/media?parent=4261"}],"wp:term":[{"taxonomy":"product_cat","embeddable":true,"href":"https:\/\/www.feuerwerkeverlag.de\/vorableser\/wp-json\/wp\/v2\/product_cat?post=4261"},{"taxonomy":"product_tag","embeddable":true,"href":"https:\/\/www.feuerwerkeverlag.de\/vorableser\/wp-json\/wp\/v2\/product_tag?post=4261"}],"curies":[{"name":"wp","href":"https:\/\/api.w.org\/{rel}","templated":true}]}}