{"id":3980,"date":"2023-12-12T09:38:31","date_gmt":"2023-12-12T09:38:31","guid":{"rendered":"https:\/\/www.feuerwerkeverlag.de\/vorableser\/?post_type=product&#038;p=3980"},"modified":"2024-02-20T11:21:24","modified_gmt":"2024-02-20T11:21:24","slug":"der-maedchenhenker","status":"publish","type":"product","link":"https:\/\/www.feuerwerkeverlag.de\/vorableser\/produkt\/der-maedchenhenker\/","title":{"rendered":"Der M\u00e4dchenhenker"},"content":{"rendered":"<p><strong>\ud83d\udcd6 Kurzinhalt:<br \/>\n<\/strong>Auf diversen Social-Media-Kan\u00e4len wird ein Live-Video ver\u00f6ffentlicht, auf dem eine junge Frau gedem\u00fctigt, gefoltert und schlie\u00dflich get\u00f6tet wird. Nachdem sich die Aufnahmen als echt herausstellen, werden die beiden Ermittler Emma Bajetzky und Alex Kuper auf den Fall angesetzt. Doch sowohl vom Tatort als auch vom Opfer fehlt jede Spur.<\/p>\n<p>Als kurze Zeit sp\u00e4ter ein zweites Video mit einer weiteren Bluttat auftaucht, sind die Ermittler davon \u00fcberzeugt, dass es sich um einen Serienm\u00f6rder handelt. Doch welches Motiv steckt hinter den Taten? Und was haben die jungen, auf den ersten Blick vollkommen unschuldigen Frauen gemeinsam? Ein Wettlauf mit der Zeit beginnt, denn der T\u00e4ter hat bereits sein n\u00e4chstes Opfer im Visier \u2026<\/p>\n<p><strong>\u23f0 Timing\/Deadline:<\/strong><strong><br \/>\n<\/strong><\/p>\n<p>Bitte ver\u00f6ffentlicht eure Rezension&#8230;<\/p>\n<ul>\n<li>zuerst als Bewertung hier im Vorableser-Club (sobald ihr das Buch beendet habt)<\/li>\n<li>anschlie\u00dfend in Communities, Social Media und auf Verkaufsplattformen (z.B. Amazon)\n<ul>\n<li>fr\u00fchestens am V\u00d6-Tag (11.01.2024)<\/li>\n<li>sp\u00e4testens eine Woche nach V\u00d6 (18.01.2024)<\/li>\n<\/ul>\n<\/li>\n<\/ul>\n<p><!-- <strong>\ud83d\udcf8 Futter f\u00fcr eure Social Media Kan\u00e4le<\/strong>\nIn unserer Bildergalerie (siehe oben) haben wir verschiedene Promo-Grafiken (z.B. Schnipsel) bereitgestellt, die ihr gern auf euren Blogs und Social Media Kan\u00e4len teilen\/nutzen d\u00fcrft. Bedient euch! --><\/p>\n<p><strong>\ud83d\udcf8 Futter f\u00fcr eure Social Media Kan\u00e4le<\/strong><br \/>\nIn unserer Bildergalerie (siehe oben) haben wir verschiedene Promo-Grafiken bereitgestellt, die ihr gern auf euren Blogs und Social Media Kan\u00e4len teilen\/nutzen d\u00fcrft. Bedient euch!<\/p>\n<p><strong>\ud83d\udcac Tauscht euch mit der Autorin aus!<br \/>\n<\/strong><a href=\"https:\/\/www.facebook.com\/groups\/VorableserclubFWV\">In unserer Facebook-Gruppe<\/a>\u00a0k\u00f6nnt ihr euch mit anderen VorableserInnen \u00fcber Handlung und Hintergr\u00fcnde austauschen.<\/p>\n<p>Die Teilnahme am Austausch in der Gruppe ist nat\u00fcrlich freiwillig, aber wir freuen uns, wenn ihr dabei seid! <em>Noch kein Mitglied der Facebook-Gruppe?<\/em> <a href=\"https:\/\/www.facebook.com\/groups\/VorableserclubFWV\">Jetzt beitreten!<\/a><\/p>\n","protected":false},"excerpt":{"rendered":"<p><em><strong><span style=\"color: #ff6600;\">Diese Vorablese-Aktion ist bereits beendet. Der Download des eBooks steht nicht mehr zur Verf\u00fcgung. Wenn du dich f\u00fcr den Titel interessierst, <a href=\"tps:\/\/www.amazon.de\/dp\/B0CNL1XVCG\/\">findest du ihn bei Amazon<\/a>.<\/span><\/strong><\/em><\/p>\n","protected":false},"featured_media":3981,"comment_status":"open","ping_status":"closed","template":"","meta":[],"product_cat":[22],"product_tag":[],"_links":{"self":[{"href":"https:\/\/www.feuerwerkeverlag.de\/vorableser\/wp-json\/wp\/v2\/product\/3980"}],"collection":[{"href":"https:\/\/www.feuerwerkeverlag.de\/vorableser\/wp-json\/wp\/v2\/product"}],"about":[{"href":"https:\/\/www.feuerwerkeverlag.de\/vorableser\/wp-json\/wp\/v2\/types\/product"}],"replies":[{"embeddable":true,"href":"https:\/\/www.feuerwerkeverlag.de\/vorableser\/wp-json\/wp\/v2\/comments?post=3980"}],"wp:featuredmedia":[{"embeddable":true,"href":"https:\/\/www.feuerwerkeverlag.de\/vorableser\/wp-json\/wp\/v2\/media\/3981"}],"wp:attachment":[{"href":"https:\/\/www.feuerwerkeverlag.de\/vorableser\/wp-json\/wp\/v2\/media?parent=3980"}],"wp:term":[{"taxonomy":"product_cat","embeddable":true,"href":"https:\/\/www.feuerwerkeverlag.de\/vorableser\/wp-json\/wp\/v2\/product_cat?post=3980"},{"taxonomy":"product_tag","embeddable":true,"href":"https:\/\/www.feuerwerkeverlag.de\/vorableser\/wp-json\/wp\/v2\/product_tag?post=3980"}],"curies":[{"name":"wp","href":"https:\/\/api.w.org\/{rel}","templated":true}]}}