{"id":367,"date":"2021-03-09T09:15:44","date_gmt":"2021-03-09T09:15:44","guid":{"rendered":"https:\/\/www.feuerwerkeverlag.de\/vorableser\/?post_type=product&#038;p=367"},"modified":"2022-08-17T08:12:06","modified_gmt":"2022-08-17T08:12:06","slug":"zwischen-mord-und-ostsee-nasses-grab","status":"publish","type":"product","link":"https:\/\/www.feuerwerkeverlag.de\/vorableser\/produkt\/zwischen-mord-und-ostsee-nasses-grab\/","title":{"rendered":"Zwischen Mord und Ostsee &#8211; Nasses Grab"},"content":{"rendered":"<p><strong>\ud83d\udcd6 Kurzinhalt:<\/strong><br \/>\nAm Ostseestrand der Halbinsel Holnis, D\u00e4nemark in Sichtweite, wird die schrecklich entstellte Leiche eines Mannes gefunden. Eine Hiobsbotschaft, die kurz vor Start der neuen Urlaubssaison zahlende G\u00e4ste abschrecken k\u00f6nnte. Somit ist bei den Ermittlungen Leisetreten angesagt. Ina Drews und J\u00f6rn Appel \u2013 das neue Team der Flensburger Mordkommission \u2013 kommen da gerade recht. Aber schon ihr erstes Aufeinandertreffen endet im Eklat, wof\u00fcr es gute Gr\u00fcnde gibt. W\u00e4hrend sich die beiden widerwillig zusammenraufen, geht es mit den Ermittlungen anfangs erfreulich schnell voran.<\/p>\n<p>Doch mehr und mehr versinkt alles sicher Geglaubte in einem Strudel aus L\u00fcgen und Halbwahrheiten. Hinzu kommt Druck von oben, mit dem sich Ina und J\u00f6rn noch zus\u00e4tzlich herumschlagen m\u00fcssen. Dabei ger\u00e4t selbst der Mordfall zeitweise in Vergessenheit \u2026<\/p>\n<p><strong>\u23f0 Timing\/Deadline:<br \/>\n<\/strong>Bitte ver\u00f6ffentlicht eure Rezension&#8230;<\/p>\n<ul>\n<li>zuerst als Bewertung hier im Vorableser-Club<\/li>\n<li>in Communities und Social Media <span style=\"text-decoration: underline;\">fr\u00fchestens am 18.03.2021<\/span><\/li>\n<li>auf Verkaufsplattformen <span style=\"text-decoration: underline;\">m\u00f6glichst am 25.03.2021<\/span><\/li>\n<\/ul>\n<p><!-- <strong>\ud83d\udcf8 Futter f\u00fcr eure Social Media Kan\u00e4le<\/strong>\nIn unserer Bildergalerie (siehe oben) haben wir verschiedene Promo-Grafiken (z.B. Schnipsel) bereitgestellt, die ihr gern auf euren Blogs und Social Media Kan\u00e4len teilen\/nutzen d\u00fcrft. Bedient euch! --><\/p>\n<p><strong>\ud83d\udcac Tauscht euch mit anderen Vorablesern aus!<br \/>\n<\/strong><a href=\"https:\/\/www.facebook.com\/groups\/VorableserclubFWV\">In unserer Facebook-Gruppe<\/a> k\u00f6nnt ihr euch mit anderen VorableserInnen \u00fcber Handlung und Hintergr\u00fcnde austauschen.<\/p>\n<p>Die Teilnahme am Austausch in der Gruppe ist nat\u00fcrlich freiwillig, aber wir freuen uns, wenn ihr dabei seid! <em>Noch kein Mitglied der Facebook-Gruppe?<\/em> <a href=\"https:\/\/www.facebook.com\/groups\/VorableserclubFWV\">Jetzt beitreten!<\/a><\/p>\n","protected":false},"excerpt":{"rendered":"<p><strong><em>Ein Toter am Strand ist das Letzte, was sie jetzt gebrauchen k\u00f6nnen.<\/em><\/strong><\/p>\n<p>Mit <span style=\"text-decoration: underline;\">weit \u00fcber 1,5 Millionen verkauften B\u00fcchern<\/span> geh\u00f6rt Thomas Herzberg zu den erfolgreichsten Krimiautoren der letzten Jahre. Sein neuer K\u00fcstenkrimi <strong>&#8222;Zwischen Mord und Ostsee&#8220;<\/strong> erscheint am 25.03.2021 im FeuerWerke Verlag.<\/p>\n<p><strong><span style=\"color: #ff6600;\"><em>Diese Vorablese-Aktion ist bereits beendet. Der Download des eBooks steht nicht mehr zur Verf\u00fcgung. Wenn du dich f\u00fcr den Titel interessierst, lade gern die Leseprobe herunter.<\/em><\/span><\/strong><\/p>\n","protected":false},"featured_media":368,"comment_status":"open","ping_status":"closed","template":"","meta":[],"product_cat":[22],"product_tag":[],"_links":{"self":[{"href":"https:\/\/www.feuerwerkeverlag.de\/vorableser\/wp-json\/wp\/v2\/product\/367"}],"collection":[{"href":"https:\/\/www.feuerwerkeverlag.de\/vorableser\/wp-json\/wp\/v2\/product"}],"about":[{"href":"https:\/\/www.feuerwerkeverlag.de\/vorableser\/wp-json\/wp\/v2\/types\/product"}],"replies":[{"embeddable":true,"href":"https:\/\/www.feuerwerkeverlag.de\/vorableser\/wp-json\/wp\/v2\/comments?post=367"}],"wp:featuredmedia":[{"embeddable":true,"href":"https:\/\/www.feuerwerkeverlag.de\/vorableser\/wp-json\/wp\/v2\/media\/368"}],"wp:attachment":[{"href":"https:\/\/www.feuerwerkeverlag.de\/vorableser\/wp-json\/wp\/v2\/media?parent=367"}],"wp:term":[{"taxonomy":"product_cat","embeddable":true,"href":"https:\/\/www.feuerwerkeverlag.de\/vorableser\/wp-json\/wp\/v2\/product_cat?post=367"},{"taxonomy":"product_tag","embeddable":true,"href":"https:\/\/www.feuerwerkeverlag.de\/vorableser\/wp-json\/wp\/v2\/product_tag?post=367"}],"curies":[{"name":"wp","href":"https:\/\/api.w.org\/{rel}","templated":true}]}}