{"id":3249,"date":"2023-05-25T10:30:43","date_gmt":"2023-05-25T10:30:43","guid":{"rendered":"https:\/\/www.feuerwerkeverlag.de\/vorableser\/?post_type=product&#038;p=3249"},"modified":"2023-08-04T15:15:45","modified_gmt":"2023-08-04T15:15:45","slug":"ueberwaeltigt-vampire-awakenings","status":"publish","type":"product","link":"https:\/\/www.feuerwerkeverlag.de\/vorableser\/produkt\/ueberwaeltigt-vampire-awakenings\/","title":{"rendered":"\u00dcberw\u00e4ltigt (Vampire Awakenings)"},"content":{"rendered":"<p><strong>\ud83d\udcd6 Kurzinhalt:<br \/>\n<\/strong>Auf der Flucht vor seinen Entf\u00fchrern glaubt\u00a0<span class=\"a-text-bold\">Jack\u00a0<\/span>noch, seine gr\u00f6\u00dfte Sorge sei, seine Freunde wiederzufinden und den Wilden, die ihn verfolgen, zu entkommen. Doch dann stolpert er \u00fcber Charlie. Auf einmal wei\u00df er nicht mehr, was gef\u00e4hrlicher ist: Die Vampire, die ihn jagen, oder die Frau, die so geheimnisvoll ist wie die Insel, auf der er gefangen ist.<\/p>\n<p><span class=\"a-text-bold\">Charlie\u00a0<\/span>wiederum hat nicht damit gerechnet, dass jemand wie Jack in ihr Leben treten k\u00f6nnte. Und nun wei\u00df sie nicht, was sie mit ihm anfangen soll. Sie kann ihn nicht sich selbst \u00fcberlassen, aber ihre wachsende Zuneigung zu ihm macht ihr mehr Angst als die Wilden. Und obwohl Jack eine verf\u00fchrerische Ablenkung ist, gibt es an diesem gef\u00e4hrlichen Ort keinen Platz f\u00fcr die Liebe. Charlie darf nicht zulassen, dass er ihr im Wege steht. Sie wird die Insel verlassen \u2013 mit oder ohne ihn.<\/p>\n<p><span class=\"a-text-bold\">Wird es den beiden gelingen, die Schrecken der Insel hinter sich zu lassen oder werden sie ihr zum Opfer fallen wie so viele vor ihnen?<\/span><\/p>\n<p><strong>\u23f0 Timing\/Deadline:<\/strong><strong><br \/>\n<\/strong><\/p>\n<p>Bitte ver\u00f6ffentlicht eure Rezension&#8230;<\/p>\n<ul>\n<li>zuerst als Bewertung hier im Vorableser-Club (sobald ihr das Buch beendet habt)<\/li>\n<li>anschlie\u00dfend in Communities, Social Media und auf Verkaufsplattformen (z.B. Amazon)\n<ul>\n<li>fr\u00fchestens am V\u00d6-Tag (22.06.2023)<\/li>\n<li>sp\u00e4testens eine Woche nach V\u00d6 (29.06.2023)<\/li>\n<\/ul>\n<\/li>\n<\/ul>\n<p><!-- <strong>\ud83d\udcf8 Futter f\u00fcr eure Social Media Kan\u00e4le<\/strong>\nIn unserer Bildergalerie (siehe oben) haben wir verschiedene Promo-Grafiken (z.B. Schnipsel) bereitgestellt, die ihr gern auf euren Blogs und Social Media Kan\u00e4len teilen\/nutzen d\u00fcrft. Bedient euch! --><\/p>\n<p><strong>\ud83d\udcf8 Futter f\u00fcr eure Social Media Kan\u00e4le<\/strong><br \/>\nIn unserer Bildergalerie (siehe oben) haben wir verschiedene Promo-Grafiken bereitgestellt, die ihr gern auf euren Blogs und Social Media Kan\u00e4len teilen\/nutzen d\u00fcrft. Bedient euch!<\/p>\n<p><strong>\ud83d\udcac Tauscht euch mit der Autorin aus!<br \/>\n<\/strong><a href=\"https:\/\/www.facebook.com\/groups\/VorableserclubFWV\">In unserer Facebook-Gruppe<\/a>\u00a0k\u00f6nnt ihr euch mit anderen VorableserInnen \u00fcber Handlung und Hintergr\u00fcnde austauschen.<\/p>\n<p>Die Teilnahme am Austausch in der Gruppe ist nat\u00fcrlich freiwillig, aber wir freuen uns, wenn ihr dabei seid! <em>Noch kein Mitglied der Facebook-Gruppe?<\/em> <a href=\"https:\/\/www.facebook.com\/groups\/VorableserclubFWV\">Jetzt beitreten!<\/a><\/p>\n","protected":false},"excerpt":{"rendered":"<p><strong><span style=\"color: #ff6600;\"><em>Diese Vorablese-Aktion ist bereits beendet. Der Download des eBooks steht nicht mehr zur Verf\u00fcgung. Wenn du dich f\u00fcr den Titel interessierst, <a href=\"https:\/\/www.amazon.de\/dp\/B0C7H48ZF9\/\">findest du ihn bei Amazon<\/a>.<\/em><\/span><\/strong><\/p>\n","protected":false},"featured_media":3253,"comment_status":"open","ping_status":"closed","template":"","meta":[],"product_cat":[21],"product_tag":[],"_links":{"self":[{"href":"https:\/\/www.feuerwerkeverlag.de\/vorableser\/wp-json\/wp\/v2\/product\/3249"}],"collection":[{"href":"https:\/\/www.feuerwerkeverlag.de\/vorableser\/wp-json\/wp\/v2\/product"}],"about":[{"href":"https:\/\/www.feuerwerkeverlag.de\/vorableser\/wp-json\/wp\/v2\/types\/product"}],"replies":[{"embeddable":true,"href":"https:\/\/www.feuerwerkeverlag.de\/vorableser\/wp-json\/wp\/v2\/comments?post=3249"}],"wp:featuredmedia":[{"embeddable":true,"href":"https:\/\/www.feuerwerkeverlag.de\/vorableser\/wp-json\/wp\/v2\/media\/3253"}],"wp:attachment":[{"href":"https:\/\/www.feuerwerkeverlag.de\/vorableser\/wp-json\/wp\/v2\/media?parent=3249"}],"wp:term":[{"taxonomy":"product_cat","embeddable":true,"href":"https:\/\/www.feuerwerkeverlag.de\/vorableser\/wp-json\/wp\/v2\/product_cat?post=3249"},{"taxonomy":"product_tag","embeddable":true,"href":"https:\/\/www.feuerwerkeverlag.de\/vorableser\/wp-json\/wp\/v2\/product_tag?post=3249"}],"curies":[{"name":"wp","href":"https:\/\/api.w.org\/{rel}","templated":true}]}}