{"id":323,"date":"2021-02-12T09:42:05","date_gmt":"2021-02-12T09:42:05","guid":{"rendered":"https:\/\/www.feuerwerkeverlag.de\/vorableser\/?post_type=product&#038;p=323"},"modified":"2022-08-17T08:12:15","modified_gmt":"2022-08-17T08:12:15","slug":"zerbrochen-vampire-awakenings-6","status":"publish","type":"product","link":"https:\/\/www.feuerwerkeverlag.de\/vorableser\/produkt\/zerbrochen-vampire-awakenings-6\/","title":{"rendered":"Zerbrochen (Vampire Awakenings 6)"},"content":{"rendered":"<p>&#8222;Zerbrochen&#8220; ist der sechste Band der US-Erfolgsreihe &#8222;Vampire Awakenings&#8220; und erscheint am 02.03.2021. Alle Teile der Reihe sind <span style=\"text-decoration: underline;\">unabh\u00e4ngig voneinander lesbar<\/span>.<\/p>\n<p>Seitdem Mia aus der schrecklichen Gefangenschaft skrupelloser Vampire befreit worden ist, leidet sie unter den Folgen des Erlebten. Und so muss sie schon bald feststellen, dass ihr U\u0308berleben einen Preis hat. Denn Mia kann es nicht la\u0308nger ertragen, von anderen beru\u0308hrt zu werden.<br \/>\nDavid hat nicht damit gerechnet, jemals seine Seelenverwandte zu treffen. Doch als er Mia kennenlernt, wird ihm klar, dass er alles dafu\u0308r tun wu\u0308rde, um sie fu\u0308r sich zu gewinnen. Er wei\u00df von ihrem Leid und mo\u0308chte ihr helfen. Selbst wenn das bedeutet, seine eigenen Bedu\u0308rfnisse zuru\u0308ckzustellen.<br \/>\nWa\u0308hrend Mias Vertrauen in David wa\u0308chst, wird auch der Bund zwischen ihnen sta\u0308rker. Doch gerade als Mia endlich ihr Glu\u0308ck zu finden glaubt, stellt sich ihnen eine dunkle, unerwartete Bedrohung in den Weg. Eine, die ihren harterka\u0308mpften Frieden und ihre zarte Liebe zersto\u0308ren will.<\/p>\n<p><em>Wird es ihnen gelingen, das Bo\u0308se zu besiegen?<\/em><\/p>\n<p><strong>\u23f0 Timing\/Deadline:<br \/>\n<\/strong>Bitte ver\u00f6ffentlicht eure Rezension&#8230;<\/p>\n<ul>\n<li>zuerst als Bewertung hier im Vorableser-Club<\/li>\n<li>in Communities und Social Media <span style=\"text-decoration: underline;\">fr\u00fchestens am 23.02.2021<\/span><\/li>\n<li>auf Verkaufsplattformen <span style=\"text-decoration: underline;\">m\u00f6glichst am 02.03.2021<\/span><\/li>\n<\/ul>\n<p><!-- <strong>\ud83d\udcf8 Futter f\u00fcr eure Social Media Kan\u00e4le<\/strong>\nIn unserer Bildergalerie (siehe oben) haben wir verschiedene Promo-Grafiken (z.B. Schnipsel) bereitgestellt, die ihr gern auf euren Blogs und Social Media Kan\u00e4len teilen\/nutzen d\u00fcrft. Bedient euch! --><\/p>\n<p><strong>\ud83d\udcac Tauscht euch mit anderen Vorablesern aus!<br \/>\n<\/strong><a href=\"https:\/\/www.facebook.com\/groups\/VorableserclubFWV\">In unserer Facebook-Gruppe<\/a> k\u00f6nnt ihr euch mit anderen VorableserInnen \u00fcber Handlung und Hintergr\u00fcnde austauschen.<\/p>\n<p>Die Teilnahme am Austausch in der Gruppe ist nat\u00fcrlich freiwillig, aber wir freuen uns, wenn ihr dabei seid! <em>Noch kein Mitglied der Facebook-Gruppe?<\/em> <a href=\"https:\/\/www.facebook.com\/groups\/VorableserclubFWV\">Jetzt beitreten!<\/a><\/p>\n","protected":false},"excerpt":{"rendered":"<p>Eine dunkle Bedrohung will ihre zarte Liebe zerst\u00f6ren.<\/p>\n<p><strong><em>Die B\u00fccher der Reihe &#8222;Vampire Awakenings&#8220; sind unabh\u00e4ngig voneinander lesbar.<\/em><\/strong><\/p>\n<p><strong><span style=\"color: #ff6600;\"><em>Diese Vorablese-Aktion ist bereits beendet. Der Download des eBooks steht nicht mehr zur Verf\u00fcgung. Wenn du dich f\u00fcr den Titel interessierst, lade gern die Leseprobe herunter.<\/em><\/span><\/strong><\/p>\n","protected":false},"featured_media":327,"comment_status":"open","ping_status":"closed","template":"","meta":[],"product_cat":[21],"product_tag":[],"_links":{"self":[{"href":"https:\/\/www.feuerwerkeverlag.de\/vorableser\/wp-json\/wp\/v2\/product\/323"}],"collection":[{"href":"https:\/\/www.feuerwerkeverlag.de\/vorableser\/wp-json\/wp\/v2\/product"}],"about":[{"href":"https:\/\/www.feuerwerkeverlag.de\/vorableser\/wp-json\/wp\/v2\/types\/product"}],"replies":[{"embeddable":true,"href":"https:\/\/www.feuerwerkeverlag.de\/vorableser\/wp-json\/wp\/v2\/comments?post=323"}],"wp:featuredmedia":[{"embeddable":true,"href":"https:\/\/www.feuerwerkeverlag.de\/vorableser\/wp-json\/wp\/v2\/media\/327"}],"wp:attachment":[{"href":"https:\/\/www.feuerwerkeverlag.de\/vorableser\/wp-json\/wp\/v2\/media?parent=323"}],"wp:term":[{"taxonomy":"product_cat","embeddable":true,"href":"https:\/\/www.feuerwerkeverlag.de\/vorableser\/wp-json\/wp\/v2\/product_cat?post=323"},{"taxonomy":"product_tag","embeddable":true,"href":"https:\/\/www.feuerwerkeverlag.de\/vorableser\/wp-json\/wp\/v2\/product_tag?post=323"}],"curies":[{"name":"wp","href":"https:\/\/api.w.org\/{rel}","templated":true}]}}