{"id":2572,"date":"2023-01-06T10:46:49","date_gmt":"2023-01-06T10:46:49","guid":{"rendered":"https:\/\/www.feuerwerkeverlag.de\/vorableser\/?post_type=product&#038;p=2572"},"modified":"2023-03-08T11:20:55","modified_gmt":"2023-03-08T11:20:55","slug":"fluestermoor","status":"publish","type":"product","link":"https:\/\/www.feuerwerkeverlag.de\/vorableser\/produkt\/fluestermoor\/","title":{"rendered":"Fl\u00fcstermoor"},"content":{"rendered":"<p><strong>\ud83d\udcd6 Kurzinhalt:<br \/>\n<\/strong>Mit einem Vermisstenfall beginnt ein unerwarteter Albtraum f\u00fcr die Anw\u00e4ltin Annabelle Hart. Eine Schulfreundin ihrer Assistentin ist spurlos verschwunden und Privatdetektiv Felix Hertzlich wird mit der Suche nach der jungen Frau beauftragt. Noch am selben Abend kehrt auch Annas Assistentin nach einem Date nicht nach Hause zur\u00fcck. Wenige Tage sp\u00e4ter wird ihre geschundene und mit Rosen dekorierte Leiche im Haspelmoor gefunden, und es wird klar, dass ein skrupelloser Killer am Werk ist.<\/p>\n<p>Bei der Jagd nach dem T\u00e4ter sto\u00dfen Annabelle und Felix auf das verst\u00f6rende Geheimnis eines Psychopathen, der bereits sein n\u00e4chstes Opfer in der Gewalt hat. Unter enormem Druck versuchen sie den M\u00f6rder zu stoppen, bevor eine weitere unschuldige Frau ihr Leben lassen muss.<\/p>\n<p><strong>\u23f0 Timing\/Deadline:<\/strong><strong><br \/>\n<\/strong><\/p>\n<p>Bitte ver\u00f6ffentlicht eure Rezension&#8230;<\/p>\n<ul>\n<li>zuerst als Bewertung hier im Vorableser-Club (sobald ihr das Buch beendet habt)<\/li>\n<li>anschlie\u00dfend in Communities, Social Media und auf Verkaufsplattformen (z.B. Amazon)\n<ul>\n<li>fr\u00fchestens am V\u00d6-Tag (07.02.2023)<\/li>\n<li>sp\u00e4testens eine Woche nach V\u00d6 (14.02.2023)<\/li>\n<\/ul>\n<\/li>\n<\/ul>\n<p><!-- <strong>\ud83d\udcf8 Futter f\u00fcr eure Social Media Kan\u00e4le<\/strong>\nIn unserer Bildergalerie (siehe oben) haben wir verschiedene Promo-Grafiken (z.B. Schnipsel) bereitgestellt, die ihr gern auf euren Blogs und Social Media Kan\u00e4len teilen\/nutzen d\u00fcrft. Bedient euch! --><\/p>\n<p><strong>\ud83d\udcf8 Futter f\u00fcr eure Social Media Kan\u00e4le<\/strong><br \/>\nIn unserer Bildergalerie (siehe oben) haben wir verschiedene Promo-Grafiken bereitgestellt, die ihr gern auf euren Blogs und Social Media Kan\u00e4len teilen\/nutzen d\u00fcrft. Bedient euch!<\/p>\n<p><strong>\ud83d\udcac Tauscht euch mit der Autorin aus!<br \/>\n<\/strong><a href=\"https:\/\/www.facebook.com\/groups\/VorableserclubFWV\">In unserer Facebook-Gruppe<\/a>\u00a0k\u00f6nnt ihr euch mit anderen VorableserInnen \u00fcber Handlung und Hintergr\u00fcnde austauschen.<\/p>\n<p>Die Teilnahme am Austausch in der Gruppe ist nat\u00fcrlich freiwillig, aber wir freuen uns, wenn ihr dabei seid! <em>Noch kein Mitglied der Facebook-Gruppe?<\/em> <a href=\"https:\/\/www.facebook.com\/groups\/VorableserclubFWV\">Jetzt beitreten!<\/a><\/p>\n","protected":false},"excerpt":{"rendered":"<p><strong><em>Nach der dritten roten Rose bist du tot.<\/em><\/strong><\/p>\n<p><strong><span style=\"color: #ff6600;\"><em>Diese Vorablese-Aktion ist bereits beendet. Der Download des eBooks steht nicht mehr zur Verf\u00fcgung. Wenn du dich f\u00fcr den Titel interessierst, <a href=\"https:\/\/www.amazon.de\/dp\/B0BSKH8Y7S\/\">findest du ihn bei Amazon<\/a>.<\/em><\/span><\/strong><\/p>\n","protected":false},"featured_media":2573,"comment_status":"open","ping_status":"closed","template":"","meta":[],"product_cat":[22],"product_tag":[],"_links":{"self":[{"href":"https:\/\/www.feuerwerkeverlag.de\/vorableser\/wp-json\/wp\/v2\/product\/2572"}],"collection":[{"href":"https:\/\/www.feuerwerkeverlag.de\/vorableser\/wp-json\/wp\/v2\/product"}],"about":[{"href":"https:\/\/www.feuerwerkeverlag.de\/vorableser\/wp-json\/wp\/v2\/types\/product"}],"replies":[{"embeddable":true,"href":"https:\/\/www.feuerwerkeverlag.de\/vorableser\/wp-json\/wp\/v2\/comments?post=2572"}],"wp:featuredmedia":[{"embeddable":true,"href":"https:\/\/www.feuerwerkeverlag.de\/vorableser\/wp-json\/wp\/v2\/media\/2573"}],"wp:attachment":[{"href":"https:\/\/www.feuerwerkeverlag.de\/vorableser\/wp-json\/wp\/v2\/media?parent=2572"}],"wp:term":[{"taxonomy":"product_cat","embeddable":true,"href":"https:\/\/www.feuerwerkeverlag.de\/vorableser\/wp-json\/wp\/v2\/product_cat?post=2572"},{"taxonomy":"product_tag","embeddable":true,"href":"https:\/\/www.feuerwerkeverlag.de\/vorableser\/wp-json\/wp\/v2\/product_tag?post=2572"}],"curies":[{"name":"wp","href":"https:\/\/api.w.org\/{rel}","templated":true}]}}