{"id":2424,"date":"2022-11-10T11:23:47","date_gmt":"2022-11-10T11:23:47","guid":{"rendered":"https:\/\/www.feuerwerkeverlag.de\/vorableser\/?post_type=product&#038;p=2424"},"modified":"2023-01-07T06:36:27","modified_gmt":"2023-01-07T06:36:27","slug":"wintertraeume-in-den-fallbury-hills","status":"publish","type":"product","link":"https:\/\/www.feuerwerkeverlag.de\/vorableser\/produkt\/wintertraeume-in-den-fallbury-hills\/","title":{"rendered":"Wintertr\u00e4ume in den Fallbury Hills"},"content":{"rendered":"<p><strong>\ud83d\udcd6 Kurzinhalt:<br \/>\n<\/strong>Grace tr\u00e4umt von der gro\u00dfen Liebe, doch im verschlafenen Fischerdorf Fallbury ist die Chance, ihrem Mr. Right zu begegnen, ziemlich gering. Gemeinsam mit ihren zwei besten Freundinnen beschlie\u00dft sie deshalb nach mehreren Entt\u00e4uschungen, ein Jahr komplett auf M\u00e4nnerdramen zu verzichten.<\/p>\n<p>Ausgerechnet jetzt und mitten in der romantischen Vorweihnachtszeit sorgt jedoch ein Neuank\u00f6mmling f\u00fcr Aufregung im Dorf: Noah Parker, ein junger Arzt, der Graces Herz im Handumdrehen au\u00dfer Takt schlagen l\u00e4sst. Doch gerade als sich das Blatt f\u00fcr Grace zum Guten zu wenden scheint, stellt ein gro\u00dfes Missverst\u00e4ndnis pl\u00f6tzlich wieder alles in Frage.<\/p>\n<p><strong>\u23f0 Timing\/Deadline:<\/strong><strong><br \/>\n<\/strong><\/p>\n<p>Bitte ver\u00f6ffentlicht eure Rezension&#8230;<\/p>\n<ul>\n<li>zuerst als Bewertung hier im Vorableser-Club (sobald ihr das Buch beendet habt)<\/li>\n<li>anschlie\u00dfend in Communities, Social Media und auf Verkaufsplattformen (z.B. Amazon)\n<ul>\n<li>fr\u00fchestens am V\u00d6-Tag (08.12.2022)<\/li>\n<li>sp\u00e4testens eine Woche nach V\u00d6 (15.12.2022)<\/li>\n<\/ul>\n<\/li>\n<\/ul>\n<p><!-- <strong>\ud83d\udcf8 Futter f\u00fcr eure Social Media Kan\u00e4le<\/strong>\nIn unserer Bildergalerie (siehe oben) haben wir verschiedene Promo-Grafiken (z.B. Schnipsel) bereitgestellt, die ihr gern auf euren Blogs und Social Media Kan\u00e4len teilen\/nutzen d\u00fcrft. Bedient euch! --><\/p>\n<p><strong>\ud83d\udcf8 Futter f\u00fcr eure Social Media Kan\u00e4le<\/strong><br \/>\nIn unserer Bildergalerie (siehe oben) haben wir verschiedene Promo-Grafiken bereitgestellt, die ihr gern auf euren Blogs und Social Media Kan\u00e4len teilen\/nutzen d\u00fcrft. Bedient euch!<\/p>\n<p><strong>\ud83d\udcac Tauscht euch mit der Autorin aus!<br \/>\n<\/strong><a href=\"https:\/\/www.facebook.com\/groups\/VorableserclubFWV\">In unserer Facebook-Gruppe<\/a>\u00a0k\u00f6nnt ihr euch mit anderen VorableserInnen \u00fcber Handlung und Hintergr\u00fcnde austauschen.<\/p>\n<p>Die Teilnahme am Austausch in der Gruppe ist nat\u00fcrlich freiwillig, aber wir freuen uns, wenn ihr dabei seid! <em>Noch kein Mitglied der Facebook-Gruppe?<\/em> <a href=\"https:\/\/www.facebook.com\/groups\/VorableserclubFWV\">Jetzt beitreten!<\/a><\/p>\n","protected":false},"excerpt":{"rendered":"<p><em><strong><span class=\"a-text-bold\">Wenn der winterliche K\u00fcstenwind den ersten Schnee \u00fcbers Land treibt, legt sich ein ganz besonderer Zauber \u00fcber die schottischen\u00a0<\/span><span class=\"a-text-bold a-text-italic\">Fallbury Hills<\/span><span class=\"a-text-bold\">.<\/span><\/strong><\/em><\/p>\n<p><strong><span style=\"color: #ff6600;\"><em>Diese Vorablese-Aktion ist bereits beendet. Der Download des eBooks steht nicht mehr zur Verf\u00fcgung. Wenn du dich f\u00fcr den Titel interessierst, <a href=\"https:\/\/www.amazon.de\/dp\/B0BLP3HW59\/\">findest du ihn bei Amazon<\/a>.<\/em><\/span><\/strong><\/p>\n","protected":false},"featured_media":2426,"comment_status":"open","ping_status":"closed","template":"","meta":[],"product_cat":[17],"product_tag":[],"_links":{"self":[{"href":"https:\/\/www.feuerwerkeverlag.de\/vorableser\/wp-json\/wp\/v2\/product\/2424"}],"collection":[{"href":"https:\/\/www.feuerwerkeverlag.de\/vorableser\/wp-json\/wp\/v2\/product"}],"about":[{"href":"https:\/\/www.feuerwerkeverlag.de\/vorableser\/wp-json\/wp\/v2\/types\/product"}],"replies":[{"embeddable":true,"href":"https:\/\/www.feuerwerkeverlag.de\/vorableser\/wp-json\/wp\/v2\/comments?post=2424"}],"wp:featuredmedia":[{"embeddable":true,"href":"https:\/\/www.feuerwerkeverlag.de\/vorableser\/wp-json\/wp\/v2\/media\/2426"}],"wp:attachment":[{"href":"https:\/\/www.feuerwerkeverlag.de\/vorableser\/wp-json\/wp\/v2\/media?parent=2424"}],"wp:term":[{"taxonomy":"product_cat","embeddable":true,"href":"https:\/\/www.feuerwerkeverlag.de\/vorableser\/wp-json\/wp\/v2\/product_cat?post=2424"},{"taxonomy":"product_tag","embeddable":true,"href":"https:\/\/www.feuerwerkeverlag.de\/vorableser\/wp-json\/wp\/v2\/product_tag?post=2424"}],"curies":[{"name":"wp","href":"https:\/\/api.w.org\/{rel}","templated":true}]}}