{"id":2272,"date":"2022-09-30T07:07:12","date_gmt":"2022-09-30T07:07:12","guid":{"rendered":"https:\/\/www.feuerwerkeverlag.de\/vorableser\/?post_type=product&#038;p=2272"},"modified":"2022-12-20T09:53:19","modified_gmt":"2022-12-20T09:53:19","slug":"winterzauber-im-ferienhaus-talblick","status":"publish","type":"product","link":"https:\/\/www.feuerwerkeverlag.de\/vorableser\/produkt\/winterzauber-im-ferienhaus-talblick\/","title":{"rendered":"Winterzauber im Ferienhaus Talblick"},"content":{"rendered":"<p><strong>\ud83d\udcd6 Kurzinhalt:<br \/>\n<\/strong>W\u00e4hrend ganz Sch\u00f6nbach im Weihnachtsfieber steckt, k\u00e4mpft Sophie um das \u00dcberleben ihres Ferienhauses \u201eTalblick\u201c. Obwohl sie in akuten Geldn\u00f6ten steckt, lehnt sie die \u00dcbernahmeangebote interessierter Hoteliers kategorisch ab. Denn ihrer Mutter hatte Sophie noch am Sterbebett versprochen, alles f\u00fcr das Haus zu geben, an dem das Herz der ganzen Familie h\u00e4ngt.<\/p>\n<p>Als der Gro\u00dfst\u00e4dter Lennart sich f\u00fcr eine Woche in eine ihrer Ferienwohnungen einmietet, entwickelt sich innerhalb weniger Tage und aus dem Nichts heraus eine tiefe Verbundenheit zwischen den beiden. Lennart ist nicht nur charmant und gut aussehend, er springt sogar als Weihnachtsmann ein und sorgt f\u00fcr ordentlich Wirbel in Sophies Herz. Sie erlebt mit ihm eine zauberhafte Vorweihnachtszeit.<\/p>\n<p>Doch als sie dahinterkommt, aus welchem Grund Lennart sich tats\u00e4chlich bei ihr eingemietet hat, bricht f\u00fcr sie eine Welt zusammen &#8211; und pl\u00f6tzlich steht nicht nur die Existenz ihres Ferienhauses auf dem Spiel&#8230;<\/p>\n<p><strong>\u23f0 Timing\/Deadline:<\/strong><strong><br \/>\n<\/strong><\/p>\n<p>Bitte ver\u00f6ffentlicht eure Rezension&#8230;<\/p>\n<ul>\n<li>zuerst als Bewertung hier im Vorableser-Club (sobald ihr das Buch beendet habt)<\/li>\n<li>anschlie\u00dfend in Communities, Social Media und auf Verkaufsplattformen (z.B. Amazon)\n<ul>\n<li>fr\u00fchestens am V\u00d6-Tag (25.10.2022)<\/li>\n<li>sp\u00e4testens eine Woche nach V\u00d6 (01.11.2022)<\/li>\n<\/ul>\n<\/li>\n<\/ul>\n<p><!-- <strong>\ud83d\udcf8 Futter f\u00fcr eure Social Media Kan\u00e4le<\/strong>\nIn unserer Bildergalerie (siehe oben) haben wir verschiedene Promo-Grafiken (z.B. Schnipsel) bereitgestellt, die ihr gern auf euren Blogs und Social Media Kan\u00e4len teilen\/nutzen d\u00fcrft. Bedient euch! --><\/p>\n<p><strong>\ud83d\udcf8 Futter f\u00fcr eure Social Media Kan\u00e4le<\/strong><br \/>\nIn unserer Bildergalerie (siehe oben) haben wir verschiedene Promo-Grafiken bereitgestellt, die ihr gern auf euren Blogs und Social Media Kan\u00e4len teilen\/nutzen d\u00fcrft. Bedient euch!<\/p>\n<p><strong>\ud83d\udcac Tauscht euch mit der Autorin aus!<br \/>\n<\/strong><a href=\"https:\/\/www.facebook.com\/groups\/VorableserclubFWV\">In unserer Facebook-Gruppe<\/a>\u00a0k\u00f6nnt ihr euch mit anderen VorableserInnen \u00fcber Handlung und Hintergr\u00fcnde austauschen.<\/p>\n<p>Die Teilnahme am Austausch in der Gruppe ist nat\u00fcrlich freiwillig, aber wir freuen uns, wenn ihr dabei seid! <em>Noch kein Mitglied der Facebook-Gruppe?<\/em> <a href=\"https:\/\/www.facebook.com\/groups\/VorableserclubFWV\">Jetzt beitreten!<\/a><\/p>\n","protected":false},"excerpt":{"rendered":"<p><strong><em>Herzklopfen im Schnee, eine schicksalhafte Begegnung und die Magie der wahren Liebe.<\/em><\/strong><\/p>\n<p><strong><span style=\"color: #ff6600;\"><em>Diese Vorablese-Aktion ist bereits beendet. Der Download des eBooks steht nicht mehr zur Verf\u00fcgung. Wenn du dich f\u00fcr den Titel interessierst, <a href=\"https:\/\/www.amazon.de\/dp\/B0BH94MM5X\">findest du ihn bei Amazon<\/a>.<\/em><\/span><\/strong><\/p>\n","protected":false},"featured_media":2274,"comment_status":"open","ping_status":"closed","template":"","meta":[],"product_cat":[17],"product_tag":[],"_links":{"self":[{"href":"https:\/\/www.feuerwerkeverlag.de\/vorableser\/wp-json\/wp\/v2\/product\/2272"}],"collection":[{"href":"https:\/\/www.feuerwerkeverlag.de\/vorableser\/wp-json\/wp\/v2\/product"}],"about":[{"href":"https:\/\/www.feuerwerkeverlag.de\/vorableser\/wp-json\/wp\/v2\/types\/product"}],"replies":[{"embeddable":true,"href":"https:\/\/www.feuerwerkeverlag.de\/vorableser\/wp-json\/wp\/v2\/comments?post=2272"}],"wp:featuredmedia":[{"embeddable":true,"href":"https:\/\/www.feuerwerkeverlag.de\/vorableser\/wp-json\/wp\/v2\/media\/2274"}],"wp:attachment":[{"href":"https:\/\/www.feuerwerkeverlag.de\/vorableser\/wp-json\/wp\/v2\/media?parent=2272"}],"wp:term":[{"taxonomy":"product_cat","embeddable":true,"href":"https:\/\/www.feuerwerkeverlag.de\/vorableser\/wp-json\/wp\/v2\/product_cat?post=2272"},{"taxonomy":"product_tag","embeddable":true,"href":"https:\/\/www.feuerwerkeverlag.de\/vorableser\/wp-json\/wp\/v2\/product_tag?post=2272"}],"curies":[{"name":"wp","href":"https:\/\/api.w.org\/{rel}","templated":true}]}}