{"id":212,"date":"2021-01-14T09:00:42","date_gmt":"2021-01-14T09:00:42","guid":{"rendered":"https:\/\/www.feuerwerkeverlag.de\/vorableser\/?post_type=product&#038;p=212"},"modified":"2022-08-17T08:12:21","modified_gmt":"2022-08-17T08:12:21","slug":"heimweh-nach-uns","status":"publish","type":"product","link":"https:\/\/www.feuerwerkeverlag.de\/vorableser\/produkt\/heimweh-nach-uns\/","title":{"rendered":"Heimweh nach uns"},"content":{"rendered":"<p>Lena und Malte sind seit dreiundzwanzig Jahren ein Paar, ein gutes Team und Eltern von zwei wundervollen Kindern. Doch der Alltag hat die beiden fest im Griff. Immer \u00f6fter sp\u00fcrt Lena, dass das Leben ihr zu schnell wird und die Doppelbelastung aus Job und Familie ihr den Atem raubt. Ihre Schwester Judith schenkt ihr deshalb einen Yogakurs. Ein Geschenk, das Lena nur widerwillig und skeptisch annimmt. Doch als dann Reik, ihr Yogalehrer, vor ihr steht, zieht er sie sofort in seinen Bann. Er ist die Leichtigkeit, die sie in ihrem Leben vermisst hat. Er stellt die Fragen, die schon so lange nach einer Antwort suchen. Und er ber\u00fchrt etwas in ihr, das ihr Herz schneller schlagen l\u00e4sst. Lena gibt sich diesem Gef\u00fchl hin &#8211; und l\u00e4uft Gefahr, am Ende alles zu verlieren \u2026<\/p>\n<p><em>Highlight f\u00fcr Musik-Fans: &#8222;Heimweh nach uns&#8220; verf\u00fcgt \u00fcber einen eigenen Soundtrack zum Roman, selbst geschrieben und gesungen von Autorin Helen Schreiber. Die drei Lieder bereichern das Buch mit wundersch\u00f6ner Musik und machen das Leseerlebnis noch intensiver. Der Soundtrack ist auf allen g\u00e4ngigen Streamingportalen verf\u00fcgbar.<\/em><\/p>\n<p><iframe loading=\"lazy\" src=\"https:\/\/open.spotify.com\/embed\/album\/600JwdcL0V6JLsry3NDNXA\" width=\"800\" height=\"200\" frameborder=\"0\"><\/iframe><\/p>\n<p><strong>\u23f0 Timing\/Deadline:<br \/>\n<\/strong>Bitte ver\u00f6ffentlicht eure Rezension&#8230;<\/p>\n<ul>\n<li>zuerst als Bewertung hier im Vorableser-Club<\/li>\n<li>in Communities und Social Media <span style=\"text-decoration: underline;\">fr\u00fchestens am 04.02.2021<\/span><\/li>\n<li>auf Verkaufsplattformen <span style=\"text-decoration: underline;\">m\u00f6glichst am 11.02.2021<\/span><\/li>\n<\/ul>\n<p><strong>\ud83d\udcf8 Futter f\u00fcr eure Social Media Kan\u00e4le<\/strong><br \/>\nIn unserer Bildergalerie (siehe oben) haben wir verschiedene Promo-Grafiken (z.B. Schnipsel) bereitgestellt, die ihr gern auf euren Blogs und Social Media Kan\u00e4len teilen\/nutzen d\u00fcrft. Bedient euch!<\/p>\n<p><strong>\ud83d\udcac Tauscht euch mit der Autorin aus!<br \/>\n<\/strong><a href=\"https:\/\/www.facebook.com\/groups\/VorableserclubFWV\">In unserer Facebook-Gruppe<\/a> beantwortet Autorin Helen Schreiber eure Fragen zu Handlung und Hintergr\u00fcnden. Au\u00dferdem habt ihr die Gelegenheit, euch mit anderen VorableserInnen auszutauschen.<\/p>\n<p>Die Teilnahme am Austausch in der Gruppe ist nat\u00fcrlich freiwillig, aber wir freuen uns, wenn ihr dabei seid! <em>Noch kein Mitglied der Facebook-Gruppe?<\/em> <a href=\"https:\/\/www.facebook.com\/groups\/VorableserclubFWV\">Jetzt beitreten!<\/a><\/p>\n","protected":false},"excerpt":{"rendered":"<p>Wie weit w\u00fcrdest du gehen, wenn dein Herz nicht mehr wei\u00df, wo es zu Hause ist?<\/p>\n<p><span style=\"color: #ff6600;\"><strong><em>Diese Vorablese-Aktion ist bereits beendet. Der Download des eBooks steht nicht mehr zur Verf\u00fcgung. Wenn du dich f\u00fcr den Titel interessierst, lade gern die Leseprobe herunter.<\/em><\/strong><\/span><\/p>\n","protected":false},"featured_media":216,"comment_status":"open","ping_status":"closed","template":"","meta":[],"product_cat":[17],"product_tag":[],"_links":{"self":[{"href":"https:\/\/www.feuerwerkeverlag.de\/vorableser\/wp-json\/wp\/v2\/product\/212"}],"collection":[{"href":"https:\/\/www.feuerwerkeverlag.de\/vorableser\/wp-json\/wp\/v2\/product"}],"about":[{"href":"https:\/\/www.feuerwerkeverlag.de\/vorableser\/wp-json\/wp\/v2\/types\/product"}],"replies":[{"embeddable":true,"href":"https:\/\/www.feuerwerkeverlag.de\/vorableser\/wp-json\/wp\/v2\/comments?post=212"}],"wp:featuredmedia":[{"embeddable":true,"href":"https:\/\/www.feuerwerkeverlag.de\/vorableser\/wp-json\/wp\/v2\/media\/216"}],"wp:attachment":[{"href":"https:\/\/www.feuerwerkeverlag.de\/vorableser\/wp-json\/wp\/v2\/media?parent=212"}],"wp:term":[{"taxonomy":"product_cat","embeddable":true,"href":"https:\/\/www.feuerwerkeverlag.de\/vorableser\/wp-json\/wp\/v2\/product_cat?post=212"},{"taxonomy":"product_tag","embeddable":true,"href":"https:\/\/www.feuerwerkeverlag.de\/vorableser\/wp-json\/wp\/v2\/product_tag?post=212"}],"curies":[{"name":"wp","href":"https:\/\/api.w.org\/{rel}","templated":true}]}}