{"id":2070,"date":"2022-08-10T13:27:36","date_gmt":"2022-08-10T13:27:36","guid":{"rendered":"https:\/\/www.feuerwerkeverlag.de\/vorableser\/?post_type=product&#038;p=2070"},"modified":"2022-10-07T05:55:12","modified_gmt":"2022-10-07T05:55:12","slug":"der-untergang-royal-vampires-6","status":"publish","type":"product","link":"https:\/\/www.feuerwerkeverlag.de\/vorableser\/produkt\/der-untergang-royal-vampires-6\/","title":{"rendered":"Der Untergang (Royal Vampires 6)"},"content":{"rendered":"<p><strong>\ud83d\udcd6 Kurzinhalt:<br \/>\n<\/strong><\/p>\n<p>Vom brennenden Bed\u00fcrfnis nach Rache getrieben, macht William sich auf die Suche nach dem Mann, der sein Leben beendet hat. Seine Jagd nach Kane f\u00fchrt ihn weit hinein ins Bergland, wo er auf Tempest trifft.<\/p>\n<p>Tempest, die gezwungen war, aus ihrer Heimat in den Bergen zu fliehen, um Hilfe zu holen, hat keine Ahnung, was sie in der Welt au\u00dferhalb ihres Tals erwartet. Zun\u00e4chst glaubt sie, ihr Zusammentreffen mit William sei eine gl\u00fcckliche F\u00fcgung. Bis ihr klar wird, dass er nur eines im Sinn hat: Rache.<\/p>\n<p>Hin- und hergerissen zwischen dem Bed\u00fcrfnis, seinen Tod zu r\u00e4chen und seinen intensiven Gef\u00fchlen f\u00fcr Tempest, erkl\u00e4rt sich William schlie\u00dflich bereit, ihr im Kampf gegen die Feinde zu helfen, die ihre Stadt in Angst und Schrecken versetzen. Dort angekommen, erf\u00e4hrt William, dass eine noch weitaus gr\u00f6\u00dfere Bedrohung am Horizont auftaucht.<\/p>\n<p>Eine Bedrohung, die sich als m\u00e4chtiger erweist als alles, was sie je erlebt haben. Eine Bedrohung, die die neue Welt, die sie unter vielen Opfern gemeinsam erschaffen haben, zerst\u00f6ren will.<\/p>\n<p><strong>\u23f0 Timing\/Deadline:<\/strong><strong><br \/>\n<\/strong><\/p>\n<p>Bitte ver\u00f6ffentlicht eure Rezension&#8230;<\/p>\n<ul>\n<li>zuerst als Bewertung hier im Vorableser-Club (sobald ihr das Buch beendet habt)<\/li>\n<li>anschlie\u00dfend in Communities, Social Media und auf Verkaufsplattformen (z.B. Amazon)\n<ul>\n<li>fr\u00fchestens am V\u00d6-Tag (08.09.2022)<\/li>\n<li>sp\u00e4testens eine Woche nach V\u00d6 (15.09.2022)<\/li>\n<\/ul>\n<\/li>\n<\/ul>\n<p><!-- <strong>\ud83d\udcf8 Futter f\u00fcr eure Social Media Kan\u00e4le<\/strong>\nIn unserer Bildergalerie (siehe oben) haben wir verschiedene Promo-Grafiken (z.B. Schnipsel) bereitgestellt, die ihr gern auf euren Blogs und Social Media Kan\u00e4len teilen\/nutzen d\u00fcrft. Bedient euch! --><\/p>\n<p><strong>\ud83d\udcf8 Futter f\u00fcr eure Social Media Kan\u00e4le<\/strong><br \/>\nIn unserer Bildergalerie (siehe oben) haben wir verschiedene Promo-Grafiken bereitgestellt, die ihr gern auf euren Blogs und Social Media Kan\u00e4len teilen\/nutzen d\u00fcrft. Bedient euch!<\/p>\n<p><strong>\ud83d\udcac Tauscht euch mit der Autorin aus!<br \/>\n<\/strong><a href=\"https:\/\/www.facebook.com\/groups\/VorableserclubFWV\">In unserer Facebook-Gruppe<\/a>\u00a0k\u00f6nnt ihr euch mit anderen VorableserInnen \u00fcber Handlung und Hintergr\u00fcnde austauschen.<\/p>\n<p>Die Teilnahme am Austausch in der Gruppe ist nat\u00fcrlich freiwillig, aber wir freuen uns, wenn ihr dabei seid! <em>Noch kein Mitglied der Facebook-Gruppe?<\/em> <a href=\"https:\/\/www.facebook.com\/groups\/VorableserclubFWV\">Jetzt beitreten!<\/a><\/p>\n","protected":false},"excerpt":{"rendered":"<p><em><strong>Eine Bedrohung, die sich als m\u00e4chtiger erweist als alles, was sie je erlebt haben.<\/strong><\/em><\/p>\n<p><strong><span style=\"color: #ff6600;\"><em>Diese Vorablese-Aktion ist bereits beendet. Der Download des eBooks steht nicht mehr zur Verf\u00fcgung. Wenn du dich f\u00fcr den Titel interessierst, <a href=\"https:\/\/www.amazon.de\/Untergang-Royal-Vampires-6-ebook\/dp\/B0B8DDRT6N\">findest du ihn bei Amazon<\/a>.<\/em><\/span><\/strong><\/p>\n","protected":false},"featured_media":2071,"comment_status":"open","ping_status":"closed","template":"","meta":[],"product_cat":[21],"product_tag":[],"_links":{"self":[{"href":"https:\/\/www.feuerwerkeverlag.de\/vorableser\/wp-json\/wp\/v2\/product\/2070"}],"collection":[{"href":"https:\/\/www.feuerwerkeverlag.de\/vorableser\/wp-json\/wp\/v2\/product"}],"about":[{"href":"https:\/\/www.feuerwerkeverlag.de\/vorableser\/wp-json\/wp\/v2\/types\/product"}],"replies":[{"embeddable":true,"href":"https:\/\/www.feuerwerkeverlag.de\/vorableser\/wp-json\/wp\/v2\/comments?post=2070"}],"wp:featuredmedia":[{"embeddable":true,"href":"https:\/\/www.feuerwerkeverlag.de\/vorableser\/wp-json\/wp\/v2\/media\/2071"}],"wp:attachment":[{"href":"https:\/\/www.feuerwerkeverlag.de\/vorableser\/wp-json\/wp\/v2\/media?parent=2070"}],"wp:term":[{"taxonomy":"product_cat","embeddable":true,"href":"https:\/\/www.feuerwerkeverlag.de\/vorableser\/wp-json\/wp\/v2\/product_cat?post=2070"},{"taxonomy":"product_tag","embeddable":true,"href":"https:\/\/www.feuerwerkeverlag.de\/vorableser\/wp-json\/wp\/v2\/product_tag?post=2070"}],"curies":[{"name":"wp","href":"https:\/\/api.w.org\/{rel}","templated":true}]}}